{"id":113,"date":"2019-07-16T15:20:56","date_gmt":"2019-07-16T13:20:56","guid":{"rendered":"http:\/\/sosforetfrance.org\/?page_id=113"},"modified":"2024-03-26T12:11:40","modified_gmt":"2024-03-26T11:11:40","slug":"nous-rejoindre","status":"publish","type":"page","link":"https:\/\/sosforetfrance.org\/index.php\/nous-rejoindre\/","title":{"rendered":"Soutenir SOS For\u00eat France"},"content":{"rendered":"\n<p>L&rsquo;association \u00ab\u00a0Les Amis du Collectif SOS For\u00eat France\u00a0\u00bb (A.C.S.F.) a \u00e9t\u00e9 cr\u00e9\u00e9e pour soutenir financi\u00e8rement les actions du collectif SOS For\u00eat France. Cette association est r\u00e9gie par la loi du 1er juillet 1901 et le d\u00e9cret du 16 ao\u00fbt 1901. Son objet est d\u00e9fini par l&rsquo;article\u202f2 des statuts : <\/p>\n\n\n\n<blockquote class=\"wp-block-quote is-layout-flow wp-block-quote-is-layout-flow\">\n<p>La for\u00eat assurant des fonctions essentielles (biodiversit\u00e9, eau, sol, climat, carbone\u2026), l\u2019association se fixe pour unique objet le soutien aux actions du Collectif SOS For\u00eat France. Au service de l\u2019int\u00e9r\u00eat g\u00e9n\u00e9ral, ces actions se font en faveur de la gestion multifonctionnelle des for\u00eats et pour la pr\u00e9servation des \u00e9cosyst\u00e8mes forestiers.<br>Cette association n\u2019a comp\u00e9tence ni pour repr\u00e9senter, ni pour s\u2019exprimer au nom du collectif SOS For\u00eat France.<\/p>\n<\/blockquote>\n\n\n\n<h2 class=\"wp-block-heading\"><strong>Je suis un citoyen et je souhaite soutenir SOS for\u00eat :<\/strong><\/h2>\n\n\n\n<p><strong>SOS for\u00eat est un collectif d\u2019associations <\/strong>(ou de collectifs), de syndicats de forestiers nationaux et de groupements forestiers.<br>Sa vocation n\u2019est donc pas de solliciter des adh\u00e9sions individuelles. Si vous \u00eates un particulier, nous vous invitons \u00e0 rejoindre une <a href=\"http:\/\/sosforetfrance.org\/index.php\/sos-foret-en-region\/\" target=\"_blank\" rel=\"noreferrer noopener\">structure membre de SOS For\u00eat France<\/a>. Vous pouvez \u00e9galement <strong>aider nos actions nationales <\/strong>en <a href=\"https:\/\/www.helloasso.com\/associations\/a-c-s-f-les-amis-du-collectif-sos-foret-france\/formulaires\/2\/widget\" target=\"_blank\" rel=\"noreferrer noopener\">faisant un don \u00e0 l\u2019association \u00ab Les amis du collectif SOS for\u00eat France \u00bb<\/a> et y participer en cochant la case \u00ab\u202fje souhaite \u00eatre tenu <strong>inform\u00e9 <\/strong>des actions de SOS for\u00eat\u202f\u00bb.<\/p>\n\n\n\n<p><\/p>\n\n\n\n<h2 class=\"wp-block-heading\"><strong>Je repr\u00e9sente une association, ou un organisme<\/strong> <strong>:<\/strong><\/h2>\n\n\n\n<iframe id=\"haWidget\" allowtransparency=\"true\" scrolling=\"auto\" src=\"https:\/\/www.helloasso.com\/associations\/a-c-s-f-les-amis-du-collectif-sos-foret-france\/adhesions\/adhesion-1\/widget\" style=\"width: 100%; height: 750px; border: none;\"><\/iframe>\n\n\n\n<p><\/p>\n\n\n\n<p><\/p>\n\n\n\n<p><\/p>\n\n\n\n<p><strong>T\u00e9l\u00e9charger un bulletin d&rsquo;adh\u00e9sion pour payer par ch\u00e8que ou virement<\/strong><\/p>\n\n\n<p>[gview file=\u00a0\u00bbhttp:\/\/sosforetfrance.org\/wp-content\/uploads\/2019\/10\/bulletin.pdf\u00a0\u00bb]<\/p>\n\n\n\n<p><\/p>\n","protected":false},"excerpt":{"rendered":"<p>L&rsquo;association \u00ab\u00a0Les Amis du Collectif SOS For\u00eat France\u00a0\u00bb (A.C.S.F.) a \u00e9t\u00e9 cr\u00e9\u00e9e pour soutenir financi\u00e8rement les actions du collectif SOS For\u00eat France. Cette association est r\u00e9gie par la loi du [&hellip;]<\/p>\n","protected":false},"author":1,"featured_media":0,"parent":0,"menu_order":0,"comment_status":"closed","ping_status":"closed","template":"","meta":{"_acf_changed":false,"_gspb_post_css":"","_uag_custom_page_level_css":"","_EventAllDay":false,"_EventTimezone":"","_EventStartDate":"","_EventEndDate":"","_EventStartDateUTC":"","_EventEndDateUTC":"","_EventShowMap":false,"_EventShowMapLink":false,"_EventURL":"","_EventCost":"","_EventCostDescription":"","_EventCurrencySymbol":"","_EventCurrencyCode":"","_EventCurrencyPosition":"","_EventDateTimeSeparator":"","_EventTimeRangeSeparator":"","_EventOrganizerID":[],"_EventVenueID":[],"_OrganizerEmail":"","_OrganizerPhone":"","_OrganizerWebsite":"","_VenueAddress":"","_VenueCity":"","_VenueCountry":"","_VenueProvince":"","_VenueState":"","_VenueZip":"","_VenuePhone":"","_VenueURL":"","_VenueStateProvince":"","_VenueLat":"","_VenueLng":"","_VenueShowMap":false,"_VenueShowMapLink":false,"footnotes":""},"class_list":["post-113","page","type-page","status-publish","hentry"],"mb":[],"acf":[],"uagb_featured_image_src":{"full":false,"thumbnail":false,"medium":false,"medium_large":false,"large":false,"1536x1536":false,"2048x2048":false,"mailpoet_newsletter_max":false},"uagb_author_info":{"display_name":"admin7534","author_link":"https:\/\/sosforetfrance.org\/author\/admin7534\/"},"uagb_comment_info":0,"uagb_excerpt":"L&rsquo;association \u00ab\u00a0Les Amis du Collectif SOS For\u00eat France\u00a0\u00bb (A.C.S.F.) a \u00e9t\u00e9 cr\u00e9\u00e9e pour soutenir financi\u00e8rement les actions du collectif SOS For\u00eat France. Cette association est r\u00e9gie par la loi du [&hellip;]","mfb_rest_fields":["title","uagb_featured_image_src","uagb_author_info","uagb_comment_info","uagb_excerpt"],"_links":{"self":[{"href":"https:\/\/sosforetfrance.org\/index.php\/wp-json\/wp\/v2\/pages\/113","targetHints":{"allow":["GET"]}}],"collection":[{"href":"https:\/\/sosforetfrance.org\/index.php\/wp-json\/wp\/v2\/pages"}],"about":[{"href":"https:\/\/sosforetfrance.org\/index.php\/wp-json\/wp\/v2\/types\/page"}],"author":[{"embeddable":true,"href":"https:\/\/sosforetfrance.org\/index.php\/wp-json\/wp\/v2\/users\/1"}],"replies":[{"embeddable":true,"href":"https:\/\/sosforetfrance.org\/index.php\/wp-json\/wp\/v2\/comments?post=113"}],"version-history":[{"count":0,"href":"https:\/\/sosforetfrance.org\/index.php\/wp-json\/wp\/v2\/pages\/113\/revisions"}],"wp:attachment":[{"href":"https:\/\/sosforetfrance.org\/index.php\/wp-json\/wp\/v2\/media?parent=113"}],"curies":[{"name":"wp","href":"https:\/\/api.w.org\/{rel}","templated":true}]}}