{"id":12234,"date":"2025-04-10T15:49:06","date_gmt":"2025-04-10T13:49:06","guid":{"rendered":"https:\/\/sosforetfrance.org\/?page_id=12234"},"modified":"2025-12-02T14:34:00","modified_gmt":"2025-12-02T13:34:00","slug":"carte-industries-predatrices-forets","status":"publish","type":"page","link":"https:\/\/sosforetfrance.org\/index.php\/carte-industries-predatrices-forets\/","title":{"rendered":"La carte des industries pr\u00e9datrices des for\u00eats"},"content":{"rendered":"\n<h1 class=\"wp-block-heading\" id=\"les-industries-predatrices-des-forets-en-france\">Les industries pr\u00e9datrices des for\u00eats en France<\/h1>\n\n\n\n<div id=\"gspb_text-id-gsbp-66d8b48\" class=\"gspb_text gspb_text-id-gsbp-66d8b48 chapeau\">Dop\u00e9es aux subventions, elles prolif\u00e8rent : m\u00e9ga-scieries, usines \u00e0 pellets, raffineries de carburants\u2026 Ces projets \u00e9cocidaires amplifient la pression sur la ressource et favorisent la transformation des for\u00eats en usines \u00e0 bois. Coupes rases, plantations industrielles, disparition de la biodiversit\u00e9, de la ressource en eau\u2026 En quelques heures, des \u00e9cosyst\u00e8mes disparaissent au profit d\u2019industries toujours plus en d\u00e9calage avec les besoins soci\u00e9taux.<\/div>\n\n\n\n<p>Sur cette carte, nous localisons des projets ou usines dont l&rsquo;approvisionnement met en danger les for\u00eats. Elle n&rsquo;est pas exhaustive. Si vous souhaitez y contribuer, nous signaler un changement ou une erreur, merci d&rsquo;\u00e9crire \u00e0 <a href=\"mailto:communication@sosforetfrance.org\">communication@sosforetfrance.org<\/a>.<\/p>\n\n\n\n<div class=\"wp-block-group has-global-padding is-layout-constrained wp-container-core-group-is-layout-12243e0f wp-block-group-is-layout-constrained\">\n<iframe loading=\"lazy\" width=\"1200\" height=\"800\" src=\"https:\/\/sosforetfrance.gogocarto.fr\/map?iframe=1&#038;fullTaxonomy=0#\/carte\/@46.59,1.56,6z?cat=all\" frameborder=\"0\" marginheight=\"0\" marginwidth=\"0\"><\/iframe>\n<\/div>\n\n\n\n\n\n<p><\/p>\n","protected":false},"excerpt":{"rendered":"<p>Les industries pr\u00e9datrices des for\u00eats en France Sur cette carte, nous localisons des projets ou usines dont l&rsquo;approvisionnement met en danger les for\u00eats. Elle n&rsquo;est pas exhaustive. Si vous souhaitez [&hellip;]<\/p>\n","protected":false},"author":10,"featured_media":0,"parent":0,"menu_order":0,"comment_status":"closed","ping_status":"closed","template":"wp-custom-template-carte","meta":{"_acf_changed":false,"_gspb_post_css":"","_uag_custom_page_level_css":"","_EventAllDay":false,"_EventTimezone":"","_EventStartDate":"","_EventEndDate":"","_EventStartDateUTC":"","_EventEndDateUTC":"","_EventShowMap":false,"_EventShowMapLink":false,"_EventURL":"","_EventCost":"","_EventCostDescription":"","_EventCurrencySymbol":"","_EventCurrencyCode":"","_EventCurrencyPosition":"","_EventDateTimeSeparator":"","_EventTimeRangeSeparator":"","_EventOrganizerID":[],"_EventVenueID":[],"_OrganizerEmail":"","_OrganizerPhone":"","_OrganizerWebsite":"","_VenueAddress":"","_VenueCity":"","_VenueCountry":"","_VenueProvince":"","_VenueState":"","_VenueZip":"","_VenuePhone":"","_VenueURL":"","_VenueStateProvince":"","_VenueLat":"","_VenueLng":"","_VenueShowMap":false,"_VenueShowMapLink":false,"footnotes":"[]"},"class_list":["post-12234","page","type-page","status-publish","hentry"],"acf":[],"mb":[],"uagb_featured_image_src":{"full":false,"thumbnail":false,"medium":false,"medium_large":false,"large":false,"1536x1536":false,"2048x2048":false,"mailpoet_newsletter_max":false},"uagb_author_info":{"display_name":"Marie-Anne Guillemain","author_link":"https:\/\/sosforetfrance.org\/author\/mag\/"},"uagb_comment_info":0,"uagb_excerpt":"Les industries pr\u00e9datrices des for\u00eats en France Sur cette carte, nous localisons des projets ou usines dont l&rsquo;approvisionnement met en danger les for\u00eats. Elle n&rsquo;est pas exhaustive. Si vous souhaitez [&hellip;]","mfb_rest_fields":["title","uagb_featured_image_src","uagb_author_info","uagb_comment_info","uagb_excerpt"],"_links":{"self":[{"href":"https:\/\/sosforetfrance.org\/index.php\/wp-json\/wp\/v2\/pages\/12234","targetHints":{"allow":["GET"]}}],"collection":[{"href":"https:\/\/sosforetfrance.org\/index.php\/wp-json\/wp\/v2\/pages"}],"about":[{"href":"https:\/\/sosforetfrance.org\/index.php\/wp-json\/wp\/v2\/types\/page"}],"author":[{"embeddable":true,"href":"https:\/\/sosforetfrance.org\/index.php\/wp-json\/wp\/v2\/users\/10"}],"replies":[{"embeddable":true,"href":"https:\/\/sosforetfrance.org\/index.php\/wp-json\/wp\/v2\/comments?post=12234"}],"version-history":[{"count":37,"href":"https:\/\/sosforetfrance.org\/index.php\/wp-json\/wp\/v2\/pages\/12234\/revisions"}],"predecessor-version":[{"id":14948,"href":"https:\/\/sosforetfrance.org\/index.php\/wp-json\/wp\/v2\/pages\/12234\/revisions\/14948"}],"wp:attachment":[{"href":"https:\/\/sosforetfrance.org\/index.php\/wp-json\/wp\/v2\/media?parent=12234"}],"curies":[{"name":"wp","href":"https:\/\/api.w.org\/{rel}","templated":true}]}}