{"id":1306,"date":"2020-08-28T13:25:33","date_gmt":"2020-08-28T11:25:33","guid":{"rendered":"https:\/\/sosforetfrance.org\/?page_id=1306"},"modified":"2025-04-11T11:40:09","modified_gmt":"2025-04-11T09:40:09","slug":"la-foret-francaise-en-danger","status":"publish","type":"page","link":"https:\/\/sosforetfrance.org\/index.php\/la-foret-francaise-en-danger\/","title":{"rendered":"La for\u00eat fran\u00e7aise en danger"},"content":{"rendered":"\n<figure class=\"wp-block-image size-large\"><img loading=\"lazy\" decoding=\"async\" width=\"1024\" height=\"571\" src=\"https:\/\/sosforetfrance.org\/wp-content\/uploads\/2020\/08\/Coupes-rases-10-Adret-Morvan-JLP-LT-1024x571.jpg\" alt=\"\" class=\"wp-image-1316\" srcset=\"https:\/\/sosforetfrance.org\/wp-content\/uploads\/2020\/08\/Coupes-rases-10-Adret-Morvan-JLP-LT-1024x571.jpg 1024w, https:\/\/sosforetfrance.org\/wp-content\/uploads\/2020\/08\/Coupes-rases-10-Adret-Morvan-JLP-LT-300x167.jpg 300w, https:\/\/sosforetfrance.org\/wp-content\/uploads\/2020\/08\/Coupes-rases-10-Adret-Morvan-JLP-LT-768x429.jpg 768w, https:\/\/sosforetfrance.org\/wp-content\/uploads\/2020\/08\/Coupes-rases-10-Adret-Morvan-JLP-LT-1320x737.jpg 1320w, https:\/\/sosforetfrance.org\/wp-content\/uploads\/2020\/08\/Coupes-rases-10-Adret-Morvan-JLP-LT.jpg 1500w\" sizes=\"auto, (max-width: 1024px) 100vw, 1024px\" \/><\/figure>\n\n\n\n<p><strong>Les for\u00eats fran\u00e7aises sont aujourd\u2019hui \u00e0 la crois\u00e9e des chemins, comme l\u2019a \u00e9t\u00e9 l\u2019agriculture dans les ann\u00e9es 1950-1960.<\/strong><\/p>\n\n\n\n<p>En effet, depuis le Grenelle de l\u2019Environnement en 2007, les appels \u00e0 mobiliser davantage de bois se multiplient. Ainsi, les for\u00eats sont de plus en plus consid\u00e9r\u00e9es comme la solution miracle pour remplacer progressivement notre d\u00e9pendance aux \u00e9nergies fossiles. Dans ce contexte, en France, comme dans de nombreux pays europ\u00e9ens, les projets industriels de valorisation \u00e9nerg\u00e9tique du bois se multiplient. Les centrales \u00e0 charbon sont reconverties en centrales \u00e0 biomasse.<\/p>\n\n\n\n<p>Pour faire face \u00e0 cette demande croissante de bois, l\u2019\u00e2ge d\u2019exploitation des arbres est sans cesse abaiss\u00e9. Les for\u00eats diversifi\u00e9es sont transform\u00e9es en monocultures intensives d\u2019arbres, et cela de fa\u00e7on difficilement r\u00e9versible. La pression s\u2019accro\u00eet aussi bien sur les for\u00eats priv\u00e9es que sur les for\u00eats publiques. La biodiversit\u00e9 foresti\u00e8re dispara\u00eet, et les paysages se banalisent, r\u00e9duisant les espaces de nature accessibles aux citoyens. Les forestiers voient leur m\u00e9tier se d\u00e9naturer et leurs conditions de travail se d\u00e9grader. Le service public de la for\u00eat est menac\u00e9 par un projet de privatisation de l\u2019ONF. Les scieries traditionnelles p\u00e9riclitent et le tissu d\u2019emplois li\u00e9s \u00e0 la fili\u00e8re bois s\u2019amenuise.<\/p>\n\n\n\n<p>Mais la for\u00eat, c\u2019est aussi un espoir avec des alternatives qui se multiplient et des r\u00e9sistances qui s\u2019organisent face \u00e0 son industrialisation. Car les for\u00eats sont bien plus que du bois. Ce sont des \u00e9cosyst\u00e8mes qui abritent une irrempla\u00e7able biodiversit\u00e9. Elles fournissent de nombreux services environnementaux (purification de l\u2019eau, filtration de l\u2019air, fixation du carbone) et sociaux indispensables \u00e0 notre bien-\u00eatre (vari\u00e9t\u00e9 des paysages, pratique des sports nature, espace de loisirs familiaux, lieux de ressourcement), jusqu\u2019\u00e0 constituer des espaces de d\u00e9conditionnement par rapport \u00e0 notre soci\u00e9t\u00e9 de consommation et de fr\u00e9n\u00e9sie. Qu\u2019elles soient priv\u00e9es ou publiques, les for\u00eats sont des biens communs au service de l\u2019int\u00e9r\u00eat g\u00e9n\u00e9ral comme le rappelle le Manifeste de Tron\u00e7ais.<\/p>\n\n\n\n<p>Le collectif SOS for\u00eat a pour vocation de f\u00e9d\u00e9rer l&rsquo;opposition \u00e0 une sylviculture industrialiste mais aussi les alternatives qui peuvent permettre de fournir du bois \u00e0 la soci\u00e9t\u00e9 sans d\u00e9truire la biodiversit\u00e9 et aggraver le changement climatique.<\/p>\n","protected":false},"excerpt":{"rendered":"<p>Les for\u00eats fran\u00e7aises sont aujourd\u2019hui \u00e0 la crois\u00e9e des chemins, comme l\u2019a \u00e9t\u00e9 l\u2019agriculture dans les ann\u00e9es 1950-1960. En effet, depuis le Grenelle de l\u2019Environnement en 2007, les appels \u00e0 [&hellip;]<\/p>\n","protected":false},"author":1,"featured_media":0,"parent":0,"menu_order":0,"comment_status":"closed","ping_status":"closed","template":"","meta":{"_acf_changed":false,"_gspb_post_css":"","_uag_custom_page_level_css":"","_EventAllDay":false,"_EventTimezone":"","_EventStartDate":"","_EventEndDate":"","_EventStartDateUTC":"","_EventEndDateUTC":"","_EventShowMap":false,"_EventShowMapLink":false,"_EventURL":"","_EventCost":"","_EventCostDescription":"","_EventCurrencySymbol":"","_EventCurrencyCode":"","_EventCurrencyPosition":"","_EventDateTimeSeparator":"","_EventTimeRangeSeparator":"","_EventOrganizerID":[],"_EventVenueID":[],"_OrganizerEmail":"","_OrganizerPhone":"","_OrganizerWebsite":"","_VenueAddress":"","_VenueCity":"","_VenueCountry":"","_VenueProvince":"","_VenueState":"","_VenueZip":"","_VenuePhone":"","_VenueURL":"","_VenueStateProvince":"","_VenueLat":"","_VenueLng":"","_VenueShowMap":false,"_VenueShowMapLink":false,"footnotes":""},"class_list":["post-1306","page","type-page","status-publish","hentry"],"acf":[],"mb":[],"uagb_featured_image_src":{"full":false,"thumbnail":false,"medium":false,"medium_large":false,"large":false,"1536x1536":false,"2048x2048":false,"mailpoet_newsletter_max":false},"uagb_author_info":{"display_name":"admin7534","author_link":"https:\/\/sosforetfrance.org\/author\/admin7534\/"},"uagb_comment_info":0,"uagb_excerpt":"Les for\u00eats fran\u00e7aises sont aujourd\u2019hui \u00e0 la crois\u00e9e des chemins, comme l\u2019a \u00e9t\u00e9 l\u2019agriculture dans les ann\u00e9es 1950-1960. En effet, depuis le Grenelle de l\u2019Environnement en 2007, les appels \u00e0 [&hellip;]","mfb_rest_fields":["title","uagb_featured_image_src","uagb_author_info","uagb_comment_info","uagb_excerpt"],"_links":{"self":[{"href":"https:\/\/sosforetfrance.org\/index.php\/wp-json\/wp\/v2\/pages\/1306","targetHints":{"allow":["GET"]}}],"collection":[{"href":"https:\/\/sosforetfrance.org\/index.php\/wp-json\/wp\/v2\/pages"}],"about":[{"href":"https:\/\/sosforetfrance.org\/index.php\/wp-json\/wp\/v2\/types\/page"}],"author":[{"embeddable":true,"href":"https:\/\/sosforetfrance.org\/index.php\/wp-json\/wp\/v2\/users\/1"}],"replies":[{"embeddable":true,"href":"https:\/\/sosforetfrance.org\/index.php\/wp-json\/wp\/v2\/comments?post=1306"}],"version-history":[{"count":1,"href":"https:\/\/sosforetfrance.org\/index.php\/wp-json\/wp\/v2\/pages\/1306\/revisions"}],"predecessor-version":[{"id":12288,"href":"https:\/\/sosforetfrance.org\/index.php\/wp-json\/wp\/v2\/pages\/1306\/revisions\/12288"}],"wp:attachment":[{"href":"https:\/\/sosforetfrance.org\/index.php\/wp-json\/wp\/v2\/media?parent=1306"}],"curies":[{"name":"wp","href":"https:\/\/api.w.org\/{rel}","templated":true}]}}