{"id":158,"date":"2019-07-19T16:56:37","date_gmt":"2019-07-19T14:56:37","guid":{"rendered":"http:\/\/sosforetfrance.org\/?page_id=158"},"modified":"2024-09-09T18:29:59","modified_gmt":"2024-09-09T16:29:59","slug":"septembre-2014-le-choc","status":"publish","type":"page","link":"https:\/\/sosforetfrance.org\/index.php\/septembre-2014-le-choc\/","title":{"rendered":"Septembre 2014 : le choc !"},"content":{"rendered":"\n<h5 class=\"wp-block-heading\"><strong>Le coup de gr\u00e2ce port\u00e9 \u00e0 la for\u00eat publique fran\u00e7aise ? <\/strong><\/h5>\n\n\n\n<h4 class=\"wp-block-heading\"><strong>LA LOI D\u2019AVENIR SUR L\u2019AGRICULTURE ET LA FOR\u00caT (LAAF) VIENT JUSTE D\u2019\u00caTRE ADOPT\u00c9E ET LE MOINS QUE L\u2019ON PUISSE DIRE EST QU\u2019ELLE NE R\u00c9POND PAS \u00c0 NOS ATTENTES.<\/strong><\/h4>\n\n\n\n<p>Certes, la loi affiche une volont\u00e9 de gestion durable qui th\u00e9oriquement concilie production de bois, protection de la biodiversit\u00e9 des milieux forestiers et fonctions p\u00e9dagogique et sociale mais elle ne pr\u00e9cise pas suffisamment&nbsp; le cadre et les moyens techniques et financiers susceptibles d\u2019y contribuer.<\/p>\n\n\n\n<p>Plus grave, elle ne met pas en place les garde-fous qui \u00e9carteraient les d\u00e9marches ou projets contraires \u00e0 sa volont\u00e9 affich\u00e9e. Pire, dans les r\u00e9gions, l\u2019\u00e9tat se fait m\u00eame le d\u00e9fenseur de projets \u00e9cologiquement insoutenables pour la for\u00eat fran\u00e7aise et l\u2019environnement (lutte contre les changements climatiques et stockage du carbone, en particulier, pollutions..).<\/p>\n\n\n\n<p>Un exemple frappant, parmi tant d\u2019autres\u2026<\/p>\n\n\n\n<p>E.ON \u00e0 Gardanne&nbsp;: Le groupe allemand de distribution d\u2019\u00e9nergie E.On veut convertir \u00e0 la biomasse la centrale thermique&nbsp;<em>Provence 4<\/em>. Le monstre industriel d\u00e9vorerait pr\u00e8s&nbsp;<strong>d\u2019un million de tonnes de bois par an<\/strong>, en provenance pour moiti\u00e9 des for\u00eats du sud de la France, le reste \u00e9tant import\u00e9 notamment des for\u00eats anciennes des Etats-Unis et du Canada. Une aberration \u00e9cologique grassement subventionn\u00e9e par l\u2019\u00c9tat fran\u00e7ais \u00e0 hauteur de&nbsp;<strong>70 millions d\u2019\u20ac\/an<\/strong>&nbsp;pendant 20 ans, soit 1&nbsp;,4 milliards d\u2019\u20ac !<\/p>\n\n\n\n<p><strong>Et pendant ce temps, une attaque sans pr\u00e9c\u00e9dent contre l\u2019ONF et les communes foresti\u00e8res&nbsp;!<\/strong><\/p>\n\n\n\n<p>La for\u00eat publique couvre en France m\u00e9tropolitaine 4,2 Millions d\u2019hectares soit 25 % de notre surface bois\u00e9e totale. Elle produit 40 % du volume de bois national et g\u00e9n\u00e8re&nbsp;plus de 400 000 emplois&nbsp;au sein de la fili\u00e8re bois \u2013 for\u00eat.&nbsp;<strong>Les for\u00eats communales en font partie et y contribuent.<\/strong><\/p>\n\n\n\n<p>Qu\u2019\u00e0 cela ne tienne, le projet de loi de finances pr\u00e9voit d\u2019amputer de&nbsp;<strong>50 millions d\u2019\u20ac<\/strong>&nbsp;la subvention vers\u00e9e \u00e0 l\u2019Office National des For\u00eats pour compenser les frais de gestion des for\u00eats des collectivit\u00e9s et de&nbsp;<strong>reporter cette charge sur les communes foresti\u00e8res<\/strong>. En clair, pour elles, les frais dits \u00ab&nbsp;de garderie&nbsp;\u00bb assis sur les produits de la for\u00eat&nbsp;passeraient&nbsp; de 12 % \u00e0 18 % en plaine et de 10 \u00e0 15 % en zone de montagne. Dans le m\u00eame temps, la taxe \u00e0 l\u2019hectare introduite en 2012 passerait de 2 \u20ac \u00e0 14 \u20ac.&nbsp;<strong>Au grand dam des collectivit\u00e9s foresti\u00e8res<\/strong>&nbsp;qui menacent de r\u00e9duire le volume des travaux sylvicoles, des \u00e9quipements pour le public, des mesures \u00e9cologiques voire de ne plus faire appel \u00e0 l\u2019ONF&nbsp;<strong>en privatisant la gestion de leurs for\u00eats.<\/strong><\/p>\n\n\n\n<p><strong>Vers la fin des for\u00eats publiques ?<\/strong><\/p>\n\n\n\n<p>Le code forestier est encore actuellement le meilleur garant d\u2019une gestion publique durable des for\u00eats face \u00e0 la pression toujours plus forte des grands groupes industriels et financiers internationaux et les communes sont des entit\u00e9s proches du terrain et attach\u00e9es \u00e0 leur for\u00eat. L\u2019Office National des For\u00eats est l\u2019\u00e9manation l\u00e9gale de cette protection institutionnelle.&nbsp;Toutefois, depuis une dizaine d\u2019ann\u00e9es, cet instrument l\u00e9gal est attaqu\u00e9 de toutes parts (baisse d\u2019effectifs, pression des grands groupes industriels sur les agents asserment\u00e9s, \u2026).<\/p>\n\n\n\n<p>Depuis quelques ann\u00e9es, au sein m\u00eame de l\u2019ONF, nombreux sont les forestiers qui s\u2019opposent \u00e0 cette \u00e9volution. De ce d\u00e9saccord d\u00e9coule la cr\u00e9ation du collectif SOS-For\u00eat, auquel les repr\u00e9sentants de ces forestiers ont largement contribu\u00e9. Or l\u2019ONF, dernier garant de l\u2019int\u00e9r\u00eat g\u00e9n\u00e9ral en for\u00eat,&nbsp; subit une attaque sans pr\u00e9c\u00e9dent, pour une \u00e9conomie annuelle de 50 M\u20ac sur 120 M\u20ac vers\u00e9s jusqu\u2019alors, \u00e0 comparer par exemple aux 70 M\u20ac annuels que l\u2019Etat s\u2019appr\u00eate \u00e0 verser au projet d\u00e9vastateur de centrale E.ON.<\/p>\n\n\n\n<h4 class=\"wp-block-heading\"><strong>VRAI-FAUX REBONDISSEMENT CE VENDREDI&nbsp;: UN ACCORD EN TROMPE L\u2019\u0152IL&nbsp;!<\/strong><\/h4>\n\n\n\n<p>Sur proposition de Jean-Yves Caullet, pr\u00e9sident du conseil d\u2019administration de l\u2019Office, l\u2019ONF renonce comme pr\u00e9vu \u00e0 20 M\u20ac cette ann\u00e9e puis \u00e0 50 M\u20ac sur 3 ans, \u00e0 condition que les communes soient ne paient pas plus.<\/p>\n\n\n\n<p>Une n\u00e9gociation men\u00e9e entre l\u2019ONF, les minist\u00e8res de tutelle et la F\u00e9d\u00e9ration Nationale des communes foresti\u00e8res, sans concertation -bien s\u00fbr- avec les syndicats forestiers et les associations de protection de l\u2019environnement. On discutera apr\u00e8s et on fera une ni\u00e8me r\u00e9forme de structure\u2026<\/p>\n\n\n\n<p><strong>Au final, qui va payer&nbsp;?<\/strong>&nbsp;je retranche d\u2019un c\u00f4t\u00e9, \u00e0 la tron\u00e7onneuse&nbsp;!, je rajoute de l\u2019autre et c\u2019est la for\u00eat qui trinquera&nbsp;! Un peu moins de forestiers, des missions de service public amput\u00e9es, encore un peu plus de coupes de bois pour gratter des sous\u2026<\/p>\n\n\n\n<p><strong>Jusqu\u2019\u00e0 quand&nbsp;?&nbsp;<\/strong>l\u2019ann\u00e9e prochaine,le gouvernement tentera d\u2019aller un peu plus loin, de m\u00e9nager la ch\u00e8vre et le chou, avant de tuer la ch\u00e8vre&nbsp;!Sans r\u00e9action citoyenne,la lame de fond nous entrainera in\u00e9vitablement vers<strong>la privatisation de la gestion des for\u00eats publiques et l\u2019intensification des pr\u00e9l\u00e8vements de bois&nbsp;!<\/strong><\/p>\n\n\n\n<p><em>Le collectif SOS-For\u00eat France invite donc les \u00e9lus et l\u2019ensemble de la population \u00e0 agir tr\u00e8s rapidement aupr\u00e8s du 1<\/em><em>er<\/em><em>&nbsp;ministre et des parlementaires&nbsp;<\/em><strong>pour que cette mesure financi\u00e8re \u00e0 courte vue soit retir\u00e9e du projet de budget 2015 et ne p\u00e8se ni sur le budget de l\u2019ONF, ni sur celui des communes.<\/strong><\/p>\n\n\n\n<p>Communiqu\u00e9 du SNUPFEN Solidaires :&nbsp;<\/p>\n\n\n\n<div data-wp-interactive=\"core\/file\" class=\"wp-block-file\"><object data-wp-bind--hidden=\"!state.hasPdfPreview\" hidden class=\"wp-block-file__embed\" data=\"https:\/\/sosforetfrance.org\/wp-content\/uploads\/2019\/07\/93-CP-SNUPFEN-du-5-septembre-2014.pdf\" type=\"application\/pdf\" style=\"width:100%;height:600px\" aria-label=\"Contenu embarqu\u00e9 93-CP-SNUPFEN-du-5-septembre-2014.\"><\/object><a id=\"wp-block-file--media-17ad652f-8423-48fd-b934-c35bff87afcb\" href=\"https:\/\/sosforetfrance.org\/wp-content\/uploads\/2019\/07\/93-CP-SNUPFEN-du-5-septembre-2014.pdf\">93-CP-SNUPFEN-du-5-septembre-2014<\/a><a href=\"https:\/\/sosforetfrance.org\/wp-content\/uploads\/2019\/07\/93-CP-SNUPFEN-du-5-septembre-2014.pdf\" class=\"wp-block-file__button wp-element-button\" download aria-describedby=\"wp-block-file--media-17ad652f-8423-48fd-b934-c35bff87afcb\">T\u00e9l\u00e9charger<\/a><\/div>\n","protected":false},"excerpt":{"rendered":"<p>Le coup de gr\u00e2ce port\u00e9 \u00e0 la for\u00eat publique fran\u00e7aise ? LA LOI D\u2019AVENIR SUR L\u2019AGRICULTURE ET LA FOR\u00caT (LAAF) VIENT JUSTE D\u2019\u00caTRE ADOPT\u00c9E ET LE MOINS QUE L\u2019ON PUISSE [&hellip;]<\/p>\n","protected":false},"author":1,"featured_media":0,"parent":0,"menu_order":0,"comment_status":"closed","ping_status":"closed","template":"","meta":{"_acf_changed":false,"_gspb_post_css":"","_uag_custom_page_level_css":"","_EventAllDay":false,"_EventTimezone":"","_EventStartDate":"","_EventEndDate":"","_EventStartDateUTC":"","_EventEndDateUTC":"","_EventShowMap":false,"_EventShowMapLink":false,"_EventURL":"","_EventCost":"","_EventCostDescription":"","_EventCurrencySymbol":"","_EventCurrencyCode":"","_EventCurrencyPosition":"","_EventDateTimeSeparator":"","_EventTimeRangeSeparator":"","_EventOrganizerID":[],"_EventVenueID":[],"_OrganizerEmail":"","_OrganizerPhone":"","_OrganizerWebsite":"","_VenueAddress":"","_VenueCity":"","_VenueCountry":"","_VenueProvince":"","_VenueState":"","_VenueZip":"","_VenuePhone":"","_VenueURL":"","_VenueStateProvince":"","_VenueLat":"","_VenueLng":"","_VenueShowMap":false,"_VenueShowMapLink":false,"footnotes":""},"class_list":["post-158","page","type-page","status-publish","hentry"],"mb":[],"acf":[],"uagb_featured_image_src":{"full":false,"thumbnail":false,"medium":false,"medium_large":false,"large":false,"1536x1536":false,"2048x2048":false,"mailpoet_newsletter_max":false},"uagb_author_info":{"display_name":"admin7534","author_link":"https:\/\/sosforetfrance.org\/author\/admin7534\/"},"uagb_comment_info":0,"uagb_excerpt":"Le coup de gr\u00e2ce port\u00e9 \u00e0 la for\u00eat publique fran\u00e7aise ? LA LOI D\u2019AVENIR SUR L\u2019AGRICULTURE ET LA FOR\u00caT (LAAF) VIENT JUSTE D\u2019\u00caTRE ADOPT\u00c9E ET LE MOINS QUE L\u2019ON PUISSE [&hellip;]","mfb_rest_fields":["title","uagb_featured_image_src","uagb_author_info","uagb_comment_info","uagb_excerpt"],"_links":{"self":[{"href":"https:\/\/sosforetfrance.org\/index.php\/wp-json\/wp\/v2\/pages\/158","targetHints":{"allow":["GET"]}}],"collection":[{"href":"https:\/\/sosforetfrance.org\/index.php\/wp-json\/wp\/v2\/pages"}],"about":[{"href":"https:\/\/sosforetfrance.org\/index.php\/wp-json\/wp\/v2\/types\/page"}],"author":[{"embeddable":true,"href":"https:\/\/sosforetfrance.org\/index.php\/wp-json\/wp\/v2\/users\/1"}],"replies":[{"embeddable":true,"href":"https:\/\/sosforetfrance.org\/index.php\/wp-json\/wp\/v2\/comments?post=158"}],"version-history":[{"count":0,"href":"https:\/\/sosforetfrance.org\/index.php\/wp-json\/wp\/v2\/pages\/158\/revisions"}],"wp:attachment":[{"href":"https:\/\/sosforetfrance.org\/index.php\/wp-json\/wp\/v2\/media?parent=158"}],"curies":[{"name":"wp","href":"https:\/\/api.w.org\/{rel}","templated":true}]}}