{"id":1718,"date":"2021-03-08T18:57:11","date_gmt":"2021-03-08T17:57:11","guid":{"rendered":"https:\/\/sosforetfrance.org\/?page_id=1718"},"modified":"2021-03-08T19:13:07","modified_gmt":"2021-03-08T18:13:07","slug":"01-03-21-manifestation-a-lassemblee-ou-sont-passees-les-propositions-foret-de-la-convention-citoyenne","status":"publish","type":"page","link":"https:\/\/sosforetfrance.org\/index.php\/01-03-21-manifestation-a-lassemblee-ou-sont-passees-les-propositions-foret-de-la-convention-citoyenne\/","title":{"rendered":"01-03-21-Manifestation \u00e0 l&rsquo;assembl\u00e9e : o\u00f9 sont pass\u00e9es les propositions for\u00eat de la convention citoyenne ?"},"content":{"rendered":"\n<p><strong>Ce lundi 1er mars \u00e0 Paris, les associations nationales Canop\u00e9e et SOS For\u00eat, les syndicats ONF Snupfen et CGT for\u00eat, les associations locales Adret Morvan, le Collectif des amis de la For\u00eat au Duc et Autun Morvan \u00c9cologie ainsi que les groupements forestiers du Chat sauvage et de Sauvegarde des feuillus du Morvan, appelaient \u00e0 se rassembler \u00e0 la recherche des mesures perdues de la convention citoyenne sur la for\u00eat !<\/strong><\/p>\n\n\n\n\n\n\n\n<figure class=\"wp-block-embed-youtube wp-block-embed is-type-video is-provider-youtube wp-embed-aspect-16-9 wp-has-aspect-ratio\"><div class=\"wp-block-embed__wrapper\">\n<iframe loading=\"lazy\" title=\"Mathilde Panot manif du 1ermars 2021\" width=\"500\" height=\"281\" src=\"https:\/\/www.youtube.com\/embed\/L2WQHBErJdg?feature=oembed\" frameborder=\"0\" allow=\"accelerometer; autoplay; clipboard-write; encrypted-media; gyroscope; picture-in-picture; web-share\" referrerpolicy=\"strict-origin-when-cross-origin\" allowfullscreen><\/iframe>\n<\/div><figcaption>Mathilde Panot, d\u00e9put\u00e9e<\/figcaption><\/figure>\n","protected":false},"excerpt":{"rendered":"<p>Ce lundi 1er mars \u00e0 Paris, les associations nationales Canop\u00e9e et SOS For\u00eat, les syndicats ONF Snupfen et CGT for\u00eat, les associations locales Adret Morvan, le Collectif des amis de [&hellip;]<\/p>\n","protected":false},"author":1,"featured_media":0,"parent":0,"menu_order":0,"comment_status":"closed","ping_status":"closed","template":"","meta":{"_acf_changed":false,"_gspb_post_css":"","_uag_custom_page_level_css":"","_EventAllDay":false,"_EventTimezone":"","_EventStartDate":"","_EventEndDate":"","_EventStartDateUTC":"","_EventEndDateUTC":"","_EventShowMap":false,"_EventShowMapLink":false,"_EventURL":"","_EventCost":"","_EventCostDescription":"","_EventCurrencySymbol":"","_EventCurrencyCode":"","_EventCurrencyPosition":"","_EventDateTimeSeparator":"","_EventTimeRangeSeparator":"","_EventOrganizerID":[],"_EventVenueID":[],"_OrganizerEmail":"","_OrganizerPhone":"","_OrganizerWebsite":"","_VenueAddress":"","_VenueCity":"","_VenueCountry":"","_VenueProvince":"","_VenueState":"","_VenueZip":"","_VenuePhone":"","_VenueURL":"","_VenueStateProvince":"","_VenueLat":"","_VenueLng":"","_VenueShowMap":false,"_VenueShowMapLink":false,"footnotes":""},"class_list":["post-1718","page","type-page","status-publish","hentry"],"acf":[],"mb":[],"uagb_featured_image_src":{"full":false,"thumbnail":false,"medium":false,"medium_large":false,"large":false,"1536x1536":false,"2048x2048":false,"mailpoet_newsletter_max":false},"uagb_author_info":{"display_name":"admin7534","author_link":"https:\/\/sosforetfrance.org\/author\/admin7534\/"},"uagb_comment_info":0,"uagb_excerpt":"Ce lundi 1er mars \u00e0 Paris, les associations nationales Canop\u00e9e et SOS For\u00eat, les syndicats ONF Snupfen et CGT for\u00eat, les associations locales Adret Morvan, le Collectif des amis de [&hellip;]","mfb_rest_fields":["title","uagb_featured_image_src","uagb_author_info","uagb_comment_info","uagb_excerpt"],"_links":{"self":[{"href":"https:\/\/sosforetfrance.org\/index.php\/wp-json\/wp\/v2\/pages\/1718","targetHints":{"allow":["GET"]}}],"collection":[{"href":"https:\/\/sosforetfrance.org\/index.php\/wp-json\/wp\/v2\/pages"}],"about":[{"href":"https:\/\/sosforetfrance.org\/index.php\/wp-json\/wp\/v2\/types\/page"}],"author":[{"embeddable":true,"href":"https:\/\/sosforetfrance.org\/index.php\/wp-json\/wp\/v2\/users\/1"}],"replies":[{"embeddable":true,"href":"https:\/\/sosforetfrance.org\/index.php\/wp-json\/wp\/v2\/comments?post=1718"}],"version-history":[{"count":0,"href":"https:\/\/sosforetfrance.org\/index.php\/wp-json\/wp\/v2\/pages\/1718\/revisions"}],"wp:attachment":[{"href":"https:\/\/sosforetfrance.org\/index.php\/wp-json\/wp\/v2\/media?parent=1718"}],"curies":[{"name":"wp","href":"https:\/\/api.w.org\/{rel}","templated":true}]}}