{"id":1741,"date":"2021-05-08T10:43:43","date_gmt":"2021-05-08T08:43:43","guid":{"rendered":"https:\/\/sosforetfrance.org\/?page_id=1741"},"modified":"2021-12-22T22:36:54","modified_gmt":"2021-12-22T21:36:54","slug":"sos-foret-dordogne","status":"publish","type":"page","link":"https:\/\/sosforetfrance.org\/index.php\/sos-foret-dordogne\/","title":{"rendered":"SOS for\u00eat Dordogne"},"content":{"rendered":"\n<p>La for\u00eat de la Double et plus largement les for\u00eats de Dordogne subissent une transformation d\u00e9l\u00e9t\u00e8re. Chaque ann\u00e9e de nouvelles parcelles sont coup\u00e9es \u00e0 blanc, certaines d\u00e9j\u00e0 exploit\u00e9es en exploitation intensive de r\u00e9sineux mais aussi d&rsquo;autres d\u00e9truisant des feuillus, changeant les paysages et mettant la biodiversit\u00e9 \u00e0 mal. Cette association a pour but de pousser \u00e0 une gestion plus \u00e9cologique de la for\u00eat par de l&rsquo;information, de la sensibilisation aupr\u00e8s des \u00e9lus, des propri\u00e9taires, des exploitants et par la mise en place de r\u00e9glementations pour prot\u00e9ger la for\u00eat de certaines pratiques industrielles d\u00e9sastreuses.<\/p>\n\n\n\n<figure class=\"wp-block-image size-large is-resized\"><a href=\"https:\/\/sosforetdordogne.fr\" target=\"_blank\" rel=\"noopener\"><img loading=\"lazy\" decoding=\"async\" src=\"https:\/\/sosforetfrance.org\/wp-content\/uploads\/2021\/12\/logo-SOSF-Dordogne-base-couleur-sansfond-1024x705.png\" alt=\"\" class=\"wp-image-2314\" width=\"179\" height=\"123\" srcset=\"https:\/\/sosforetfrance.org\/wp-content\/uploads\/2021\/12\/logo-SOSF-Dordogne-base-couleur-sansfond-1024x705.png 1024w, https:\/\/sosforetfrance.org\/wp-content\/uploads\/2021\/12\/logo-SOSF-Dordogne-base-couleur-sansfond-300x207.png 300w, https:\/\/sosforetfrance.org\/wp-content\/uploads\/2021\/12\/logo-SOSF-Dordogne-base-couleur-sansfond-768x529.png 768w, https:\/\/sosforetfrance.org\/wp-content\/uploads\/2021\/12\/logo-SOSF-Dordogne-base-couleur-sansfond-1536x1058.png 1536w, https:\/\/sosforetfrance.org\/wp-content\/uploads\/2021\/12\/logo-SOSF-Dordogne-base-couleur-sansfond-2048x1411.png 2048w, https:\/\/sosforetfrance.org\/wp-content\/uploads\/2021\/12\/logo-SOSF-Dordogne-base-couleur-sansfond-1320x909.png 1320w\" sizes=\"auto, (max-width: 179px) 100vw, 179px\" \/><\/a><\/figure>\n\n\n\n<p>Le site de l&rsquo;association : <a href=\"https:\/\/sosforetdordogne.fr\/\" target=\"_blank\" rel=\"noopener\">https:\/\/sosforetdordogne.fr\/<\/a><\/p>\n\n\n\n<p><img loading=\"lazy\" decoding=\"async\" width=\"2000\" height=\"481\" class=\"wp-image-1756\" style=\"width: 600px\" src=\"https:\/\/sosforetfrance.org\/wp-content\/uploads\/2021\/05\/Coupe-Rase-Touvent_2000.jpg\" alt=\"\" srcset=\"https:\/\/sosforetfrance.org\/wp-content\/uploads\/2021\/05\/Coupe-Rase-Touvent_2000.jpg 2000w, https:\/\/sosforetfrance.org\/wp-content\/uploads\/2021\/05\/Coupe-Rase-Touvent_2000-300x72.jpg 300w, https:\/\/sosforetfrance.org\/wp-content\/uploads\/2021\/05\/Coupe-Rase-Touvent_2000-1024x246.jpg 1024w, https:\/\/sosforetfrance.org\/wp-content\/uploads\/2021\/05\/Coupe-Rase-Touvent_2000-768x185.jpg 768w, https:\/\/sosforetfrance.org\/wp-content\/uploads\/2021\/05\/Coupe-Rase-Touvent_2000-1536x369.jpg 1536w, https:\/\/sosforetfrance.org\/wp-content\/uploads\/2021\/05\/Coupe-Rase-Touvent_2000-1320x317.jpg 1320w\" sizes=\"auto, (max-width: 2000px) 100vw, 2000px\" \/><\/p>\n\n\n\n<p><\/p>\n\n\n\n<div class=\"wp-block-jetpack-contact-info\">\n<div class=\"wp-block-jetpack-email\"><a href=\"mailto:dordogne@sosforetfrance.org\">dordogne@sosforetfrance.org<\/a><\/div>\n<\/div>\n\n\n\n<p><\/p>\n","protected":false},"excerpt":{"rendered":"<p>La for\u00eat de la Double et plus largement les for\u00eats de Dordogne subissent une transformation d\u00e9l\u00e9t\u00e8re. Chaque ann\u00e9e de nouvelles parcelles sont coup\u00e9es \u00e0 blanc, certaines d\u00e9j\u00e0 exploit\u00e9es en exploitation [&hellip;]<\/p>\n","protected":false},"author":1,"featured_media":0,"parent":0,"menu_order":0,"comment_status":"closed","ping_status":"closed","template":"","meta":{"_acf_changed":false,"_gspb_post_css":"","_uag_custom_page_level_css":"","_EventAllDay":false,"_EventTimezone":"","_EventStartDate":"","_EventEndDate":"","_EventStartDateUTC":"","_EventEndDateUTC":"","_EventShowMap":false,"_EventShowMapLink":false,"_EventURL":"","_EventCost":"","_EventCostDescription":"","_EventCurrencySymbol":"","_EventCurrencyCode":"","_EventCurrencyPosition":"","_EventDateTimeSeparator":"","_EventTimeRangeSeparator":"","_EventOrganizerID":[],"_EventVenueID":[],"_OrganizerEmail":"","_OrganizerPhone":"","_OrganizerWebsite":"","_VenueAddress":"","_VenueCity":"","_VenueCountry":"","_VenueProvince":"","_VenueState":"","_VenueZip":"","_VenuePhone":"","_VenueURL":"","_VenueStateProvince":"","_VenueLat":"","_VenueLng":"","_VenueShowMap":false,"_VenueShowMapLink":false,"footnotes":""},"class_list":["post-1741","page","type-page","status-publish","hentry"],"acf":[],"mb":[],"uagb_featured_image_src":{"full":false,"thumbnail":false,"medium":false,"medium_large":false,"large":false,"1536x1536":false,"2048x2048":false,"mailpoet_newsletter_max":false},"uagb_author_info":{"display_name":"admin7534","author_link":"https:\/\/sosforetfrance.org\/author\/admin7534\/"},"uagb_comment_info":0,"uagb_excerpt":"La for\u00eat de la Double et plus largement les for\u00eats de Dordogne subissent une transformation d\u00e9l\u00e9t\u00e8re. Chaque ann\u00e9e de nouvelles parcelles sont coup\u00e9es \u00e0 blanc, certaines d\u00e9j\u00e0 exploit\u00e9es en exploitation [&hellip;]","mfb_rest_fields":["title","uagb_featured_image_src","uagb_author_info","uagb_comment_info","uagb_excerpt"],"_links":{"self":[{"href":"https:\/\/sosforetfrance.org\/index.php\/wp-json\/wp\/v2\/pages\/1741","targetHints":{"allow":["GET"]}}],"collection":[{"href":"https:\/\/sosforetfrance.org\/index.php\/wp-json\/wp\/v2\/pages"}],"about":[{"href":"https:\/\/sosforetfrance.org\/index.php\/wp-json\/wp\/v2\/types\/page"}],"author":[{"embeddable":true,"href":"https:\/\/sosforetfrance.org\/index.php\/wp-json\/wp\/v2\/users\/1"}],"replies":[{"embeddable":true,"href":"https:\/\/sosforetfrance.org\/index.php\/wp-json\/wp\/v2\/comments?post=1741"}],"version-history":[{"count":0,"href":"https:\/\/sosforetfrance.org\/index.php\/wp-json\/wp\/v2\/pages\/1741\/revisions"}],"wp:attachment":[{"href":"https:\/\/sosforetfrance.org\/index.php\/wp-json\/wp\/v2\/media?parent=1741"}],"curies":[{"name":"wp","href":"https:\/\/api.w.org\/{rel}","templated":true}]}}