{"id":1994,"date":"2021-09-27T22:59:24","date_gmt":"2021-09-27T20:59:24","guid":{"rendered":"https:\/\/sosforetfrance.org\/?page_id=1994"},"modified":"2021-10-05T15:24:50","modified_gmt":"2021-10-05T13:24:50","slug":"appel-pour-des-forets-vivantes-telecharger-les-logos","status":"publish","type":"page","link":"https:\/\/sosforetfrance.org\/index.php\/appel-pour-des-forets-vivantes-telecharger-les-logos\/","title":{"rendered":"Appel pour des for\u00eats vivantes, t\u00e9l\u00e9charger les logos"},"content":{"rendered":"\n<h2 class=\"wp-block-heading\">Pour t\u00e9l\u00e9charger les logos en vectoriel (.pdf et .ai pour les graphistes)<\/h2>\n\n\n\n<div class=\"wp-block-file\"><a href=\"https:\/\/sosforetfrance.org\/wp-content\/uploads\/2021\/09\/VECTORIEL.zip\">VECTORIEL<\/a><a href=\"https:\/\/sosforetfrance.org\/wp-content\/uploads\/2021\/09\/VECTORIEL.zip\" class=\"wp-block-file__button\" download>T\u00e9l\u00e9charger<\/a><\/div>\n\n\n\n<h2 class=\"wp-block-heading\"><meta charset=\"utf-8\">Pour t\u00e9l\u00e9charger les logos en pixel (.png et .psd)<\/h2>\n\n\n\n<div class=\"wp-block-file\"><a href=\"https:\/\/sosforetfrance.org\/wp-content\/uploads\/2021\/09\/PIXELS.zip\">PIXELS<\/a><a href=\"https:\/\/sosforetfrance.org\/wp-content\/uploads\/2021\/09\/PIXELS.zip\" class=\"wp-block-file__button\" download>T\u00e9l\u00e9charger<\/a><\/div>\n","protected":false},"excerpt":{"rendered":"<p>Pour t\u00e9l\u00e9charger les logos en vectoriel (.pdf et .ai pour les graphistes) Pour t\u00e9l\u00e9charger les logos en pixel (.png et .psd)<\/p>\n","protected":false},"author":1,"featured_media":0,"parent":0,"menu_order":0,"comment_status":"closed","ping_status":"closed","template":"","meta":{"_acf_changed":false,"_gspb_post_css":"","_uag_custom_page_level_css":"","_EventAllDay":false,"_EventTimezone":"","_EventStartDate":"","_EventEndDate":"","_EventStartDateUTC":"","_EventEndDateUTC":"","_EventShowMap":false,"_EventShowMapLink":false,"_EventURL":"","_EventCost":"","_EventCostDescription":"","_EventCurrencySymbol":"","_EventCurrencyCode":"","_EventCurrencyPosition":"","_EventDateTimeSeparator":"","_EventTimeRangeSeparator":"","_EventOrganizerID":[],"_EventVenueID":[],"_OrganizerEmail":"","_OrganizerPhone":"","_OrganizerWebsite":"","_VenueAddress":"","_VenueCity":"","_VenueCountry":"","_VenueProvince":"","_VenueState":"","_VenueZip":"","_VenuePhone":"","_VenueURL":"","_VenueStateProvince":"","_VenueLat":"","_VenueLng":"","_VenueShowMap":false,"_VenueShowMapLink":false,"footnotes":""},"class_list":["post-1994","page","type-page","status-publish","hentry"],"mb":[],"acf":[],"uagb_featured_image_src":{"full":false,"thumbnail":false,"medium":false,"medium_large":false,"large":false,"1536x1536":false,"2048x2048":false,"mailpoet_newsletter_max":false},"uagb_author_info":{"display_name":"admin7534","author_link":"https:\/\/sosforetfrance.org\/author\/admin7534\/"},"uagb_comment_info":0,"uagb_excerpt":"Pour t\u00e9l\u00e9charger les logos en vectoriel (.pdf et .ai pour les graphistes) Pour t\u00e9l\u00e9charger les logos en pixel (.png et .psd)","mfb_rest_fields":["title","uagb_featured_image_src","uagb_author_info","uagb_comment_info","uagb_excerpt"],"_links":{"self":[{"href":"https:\/\/sosforetfrance.org\/index.php\/wp-json\/wp\/v2\/pages\/1994","targetHints":{"allow":["GET"]}}],"collection":[{"href":"https:\/\/sosforetfrance.org\/index.php\/wp-json\/wp\/v2\/pages"}],"about":[{"href":"https:\/\/sosforetfrance.org\/index.php\/wp-json\/wp\/v2\/types\/page"}],"author":[{"embeddable":true,"href":"https:\/\/sosforetfrance.org\/index.php\/wp-json\/wp\/v2\/users\/1"}],"replies":[{"embeddable":true,"href":"https:\/\/sosforetfrance.org\/index.php\/wp-json\/wp\/v2\/comments?post=1994"}],"version-history":[{"count":0,"href":"https:\/\/sosforetfrance.org\/index.php\/wp-json\/wp\/v2\/pages\/1994\/revisions"}],"wp:attachment":[{"href":"https:\/\/sosforetfrance.org\/index.php\/wp-json\/wp\/v2\/media?parent=1994"}],"curies":[{"name":"wp","href":"https:\/\/api.w.org\/{rel}","templated":true}]}}