{"id":2328,"date":"2022-01-31T14:21:28","date_gmt":"2022-01-31T13:21:28","guid":{"rendered":"https:\/\/sosforetfrance.org\/?page_id=2328"},"modified":"2022-02-25T11:32:24","modified_gmt":"2022-02-25T10:32:24","slug":"infos-pratiques-journee-10-14-fevrier-2022","status":"publish","type":"page","link":"https:\/\/sosforetfrance.org\/index.php\/infos-pratiques-journee-10-14-fevrier-2022\/","title":{"rendered":"Infos pratiques &#8211; journ\u00e9e 10-13 mars 2022"},"content":{"rendered":"\n<h4 class=\"wp-block-heading\">Dates des rencontres : du jeudi 10 mars \u00e0 18h au dimanche 13 mars matin\u00e9e.<br>Rendez-vous au CCAS de Nestier, 2 rue de la placette, 65150 Nestier<br>Merci de vous inscrire avant le 28 f\u00e9vrier<\/h4>\n\n\n\n<h4 class=\"wp-block-heading\"><strong><a href=\"https:\/\/sosforetfrance.org\/index.php\/programme-des-journees-du-10-au-13-mars-2022\/\">Le programme ici<\/a><\/strong><\/h4>\n\n\n\n<div style=\"height:10px\" aria-hidden=\"true\" class=\"wp-block-spacer\"><\/div>\n\n\n\n<h2 class=\"wp-block-heading\">S&rsquo;inscrire<\/h2>\n\n\n\n<p>Vous \u00eates un collectif formel (association), un collectif informel, un groupe en constitution pour d\u00e9fendre la for\u00eat, une citoyenne ou un  citoyen motiv\u00e9 pour d\u00e9fendre la for\u00eat. Vous \u00eates d&rsquo;accord avec les termes de l&rsquo;Appel pour de for\u00eats vivantes. Vous souhaitez participer \u00e0 cette assembl\u00e9e des luttes foresti\u00e8res&#8230;<\/p>\n\n\n\n<h4 class=\"wp-block-heading\"><a href=\"https:\/\/framaforms.org\/appel-pour-des-forets-vivantes-temps-2-rencontre-nationale-des-luttes-forestieres-1643484209\" target=\"_blank\" rel=\"noreferrer noopener\">Inscrivez-vous ici.<\/a><\/h4>\n\n\n\n<div style=\"height:10px\" aria-hidden=\"true\" class=\"wp-block-spacer\"><\/div>\n\n\n\n<h2 class=\"wp-block-heading\">Participation aux frais<\/h2>\n\n\n\n<p>Une participation aux frais&nbsp;d\u2019organisation de 37,50 \u20ac par&nbsp;personne sera demand\u00e9e (5,00 \u20ac par repas, 1,50 \u20ac par petit d\u00e9jeuner et 1,00 \u20ac par nuit)<\/p>\n\n\n\n<div style=\"height:10px\" aria-hidden=\"true\" class=\"wp-block-spacer\"><\/div>\n\n\n\n<h2 class=\"wp-block-heading\">Appel \u00e0 dons<\/h2>\n\n\n\n<p><strong><a href=\"https:\/\/www.helloasso.com\/associations\/a-fonds-pour-la-foret-pyreneenne\/collectes\/rencontre-nationale-des-luttes-forestieres-nestier-2022\" target=\"_blank\" rel=\"noreferrer noopener\">Nous lan\u00e7ons \u00e9galement un appel \u00e0 dons pour l\u2019organisation des rencontres.<\/a><\/strong><\/p>\n\n\n\n<div style=\"height:10px\" aria-hidden=\"true\" class=\"wp-block-spacer\"><\/div>\n\n\n\n<h2 class=\"wp-block-heading\">Se rendre \u00e0 Nestier<\/h2>\n\n\n\n<p>On peut se rendre sur place en voiture ou en train. <\/p>\n\n\n\n<p>Des navettes seront organis\u00e9es en fonction des demandes depuis les gares de Lannemezan (10km de Nestier) et le site le jeudi <\/p>\n\n\n\n<p>Vous trouverez en bas de la page les principaux horaires de train pour venir \u00e0 la gare de Lannemezan depuis les grandes gares alentours.<\/p>\n\n\n\n<h2 class=\"wp-block-heading\">L&rsquo;h\u00e9bergement<\/h2>\n\n\n\n<p>L&rsquo;h\u00e9bergement est pr\u00e9vu dans une colonie de vacances. Ce sont des chambres avec plusieurs lits par chambre.  Il faut apporter ses draps.<\/p>\n\n\n\n<p>Il est possible aussi de venir en camping car en pr\u00e9venant.la tente est d\u00e9conseill\u00e9e la m\u00e9t\u00e9o \u00e9tant parfois rude \u00e0 cette saison.<\/p>\n\n\n\n<div style=\"height:10px\" aria-hidden=\"true\" class=\"wp-block-spacer\"><\/div>\n\n\n\n<h2 class=\"wp-block-heading\"><strong>Le site<\/strong><\/h2>\n\n\n\n<iframe loading=\"lazy\" src=\"https:\/\/www.google.com\/maps\/d\/u\/1\/embed?mid=1naXTiuDuxSrBzH-Yu-baY1Mc7DsJRn4M&amp;ehbc=2E312F\" width=\"640\" height=\"480\"><\/iframe>\n\n\n\n<p>Centre de vacances CCAS<br>2 rue de la placette, 65150 Nestier<br>65150 Nestier<\/p>\n\n\n\n<h4 class=\"wp-block-heading\">Coordonn\u00e9es GPS<\/h4>\n\n\n\n<p>latitude 43.062283 N<\/p>\n\n\n\n<p>longitude 0.479843 E<\/p>\n\n\n\n<div class=\"wp-block-jetpack-slideshow aligncenter\" data-effect=\"slide\"><div class=\"wp-block-jetpack-slideshow_container swiper-container\"><ul class=\"wp-block-jetpack-slideshow_swiper-wrapper swiper-wrapper\"><li class=\"wp-block-jetpack-slideshow_slide swiper-slide\"><figure><img loading=\"lazy\" decoding=\"async\" width=\"524\" height=\"339\" alt=\"\" class=\"wp-block-jetpack-slideshow_image wp-image-2391\" data-id=\"2391\" src=\"https:\/\/sosforetfrance.org\/wp-content\/uploads\/2022\/02\/Vue-ae\u0301rienne-CCAS-Nestier-Copie.jpg\" srcset=\"https:\/\/sosforetfrance.org\/wp-content\/uploads\/2022\/02\/Vue-ae\u0301rienne-CCAS-Nestier-Copie.jpg 524w, https:\/\/sosforetfrance.org\/wp-content\/uploads\/2022\/02\/Vue-ae\u0301rienne-CCAS-Nestier-Copie-300x194.jpg 300w\" sizes=\"auto, (max-width: 524px) 100vw, 524px\" \/><\/figure><\/li><li class=\"wp-block-jetpack-slideshow_slide swiper-slide\"><figure><img loading=\"lazy\" decoding=\"async\" width=\"1019\" height=\"764\" alt=\"\" class=\"wp-block-jetpack-slideshow_image wp-image-2390\" data-id=\"2390\" src=\"https:\/\/sosforetfrance.org\/wp-content\/uploads\/2022\/02\/Une-partie-de-lorga.jpg\" srcset=\"https:\/\/sosforetfrance.org\/wp-content\/uploads\/2022\/02\/Une-partie-de-lorga.jpg 1019w, https:\/\/sosforetfrance.org\/wp-content\/uploads\/2022\/02\/Une-partie-de-lorga-300x225.jpg 300w, https:\/\/sosforetfrance.org\/wp-content\/uploads\/2022\/02\/Une-partie-de-lorga-768x576.jpg 768w\" sizes=\"auto, (max-width: 1019px) 100vw, 1019px\" \/><\/figure><\/li><li class=\"wp-block-jetpack-slideshow_slide swiper-slide\"><figure><img loading=\"lazy\" decoding=\"async\" width=\"1024\" height=\"683\" alt=\"\" class=\"wp-block-jetpack-slideshow_image wp-image-2389\" data-id=\"2389\" src=\"https:\/\/sosforetfrance.org\/wp-content\/uploads\/2022\/02\/Printemps-foret-1024x683.jpg\" srcset=\"https:\/\/sosforetfrance.org\/wp-content\/uploads\/2022\/02\/Printemps-foret-1024x683.jpg 1024w, https:\/\/sosforetfrance.org\/wp-content\/uploads\/2022\/02\/Printemps-foret-300x200.jpg 300w, https:\/\/sosforetfrance.org\/wp-content\/uploads\/2022\/02\/Printemps-foret-768x512.jpg 768w, https:\/\/sosforetfrance.org\/wp-content\/uploads\/2022\/02\/Printemps-foret-1320x880.jpg 1320w, https:\/\/sosforetfrance.org\/wp-content\/uploads\/2022\/02\/Printemps-foret.jpg 1500w\" sizes=\"auto, (max-width: 1024px) 100vw, 1024px\" \/><\/figure><\/li><li class=\"wp-block-jetpack-slideshow_slide swiper-slide\"><figure><img loading=\"lazy\" decoding=\"async\" width=\"1006\" height=\"755\" alt=\"\" class=\"wp-block-jetpack-slideshow_image wp-image-2388\" data-id=\"2388\" src=\"https:\/\/sosforetfrance.org\/wp-content\/uploads\/2022\/02\/Nestier4.jpg\" srcset=\"https:\/\/sosforetfrance.org\/wp-content\/uploads\/2022\/02\/Nestier4.jpg 1006w, https:\/\/sosforetfrance.org\/wp-content\/uploads\/2022\/02\/Nestier4-300x225.jpg 300w, https:\/\/sosforetfrance.org\/wp-content\/uploads\/2022\/02\/Nestier4-768x576.jpg 768w\" sizes=\"auto, (max-width: 1006px) 100vw, 1006px\" \/><\/figure><\/li><li class=\"wp-block-jetpack-slideshow_slide swiper-slide\"><figure><img loading=\"lazy\" decoding=\"async\" width=\"1024\" height=\"768\" alt=\"\" class=\"wp-block-jetpack-slideshow_image wp-image-2387\" data-id=\"2387\" src=\"https:\/\/sosforetfrance.org\/wp-content\/uploads\/2022\/02\/Nestier3jpg-1024x768.jpg\" srcset=\"https:\/\/sosforetfrance.org\/wp-content\/uploads\/2022\/02\/Nestier3jpg-1024x768.jpg 1024w, https:\/\/sosforetfrance.org\/wp-content\/uploads\/2022\/02\/Nestier3jpg-300x225.jpg 300w, https:\/\/sosforetfrance.org\/wp-content\/uploads\/2022\/02\/Nestier3jpg-768x576.jpg 768w, https:\/\/sosforetfrance.org\/wp-content\/uploads\/2022\/02\/Nestier3jpg-1536x1152.jpg 1536w, https:\/\/sosforetfrance.org\/wp-content\/uploads\/2022\/02\/Nestier3jpg-1320x990.jpg 1320w, https:\/\/sosforetfrance.org\/wp-content\/uploads\/2022\/02\/Nestier3jpg.jpg 1613w\" sizes=\"auto, (max-width: 1024px) 100vw, 1024px\" \/><\/figure><\/li><li class=\"wp-block-jetpack-slideshow_slide swiper-slide\"><figure><img loading=\"lazy\" decoding=\"async\" width=\"620\" height=\"414\" alt=\"\" class=\"wp-block-jetpack-slideshow_image wp-image-2386\" data-id=\"2386\" src=\"https:\/\/sosforetfrance.org\/wp-content\/uploads\/2022\/02\/Nestier2.jpg\" srcset=\"https:\/\/sosforetfrance.org\/wp-content\/uploads\/2022\/02\/Nestier2.jpg 620w, https:\/\/sosforetfrance.org\/wp-content\/uploads\/2022\/02\/Nestier2-300x200.jpg 300w\" sizes=\"auto, (max-width: 620px) 100vw, 620px\" \/><\/figure><\/li><li class=\"wp-block-jetpack-slideshow_slide swiper-slide\"><figure><img loading=\"lazy\" decoding=\"async\" width=\"620\" height=\"414\" alt=\"\" class=\"wp-block-jetpack-slideshow_image wp-image-2385\" data-id=\"2385\" src=\"https:\/\/sosforetfrance.org\/wp-content\/uploads\/2022\/02\/nestier1.jpg\" srcset=\"https:\/\/sosforetfrance.org\/wp-content\/uploads\/2022\/02\/nestier1.jpg 620w, https:\/\/sosforetfrance.org\/wp-content\/uploads\/2022\/02\/nestier1-300x200.jpg 300w\" sizes=\"auto, (max-width: 620px) 100vw, 620px\" \/><\/figure><\/li><li class=\"wp-block-jetpack-slideshow_slide swiper-slide\"><figure><img loading=\"lazy\" decoding=\"async\" width=\"1024\" height=\"683\" alt=\"\" class=\"wp-block-jetpack-slideshow_image wp-image-2384\" data-id=\"2384\" src=\"https:\/\/sosforetfrance.org\/wp-content\/uploads\/2022\/02\/La-salel-de-confe\u0301rences-02-1024x683.jpg\" srcset=\"https:\/\/sosforetfrance.org\/wp-content\/uploads\/2022\/02\/La-salel-de-confe\u0301rences-02-1024x683.jpg 1024w, https:\/\/sosforetfrance.org\/wp-content\/uploads\/2022\/02\/La-salel-de-confe\u0301rences-02-300x200.jpg 300w, https:\/\/sosforetfrance.org\/wp-content\/uploads\/2022\/02\/La-salel-de-confe\u0301rences-02-768x512.jpg 768w, https:\/\/sosforetfrance.org\/wp-content\/uploads\/2022\/02\/La-salel-de-confe\u0301rences-02-1536x1024.jpg 1536w, https:\/\/sosforetfrance.org\/wp-content\/uploads\/2022\/02\/La-salel-de-confe\u0301rences-02-2048x1365.jpg 2048w, https:\/\/sosforetfrance.org\/wp-content\/uploads\/2022\/02\/La-salel-de-confe\u0301rences-02-1320x880.jpg 1320w\" sizes=\"auto, (max-width: 1024px) 100vw, 1024px\" \/><\/figure><\/li><li class=\"wp-block-jetpack-slideshow_slide swiper-slide\"><figure><img loading=\"lazy\" decoding=\"async\" width=\"1024\" height=\"768\" alt=\"\" class=\"wp-block-jetpack-slideshow_image wp-image-2383\" data-id=\"2383\" src=\"https:\/\/sosforetfrance.org\/wp-content\/uploads\/2022\/02\/Lun-des-trois-ba\u0302timent-pour-lhe\u0301bergement-Copie-1024x768.jpg\" srcset=\"https:\/\/sosforetfrance.org\/wp-content\/uploads\/2022\/02\/Lun-des-trois-ba\u0302timent-pour-lhe\u0301bergement-Copie-1024x768.jpg 1024w, https:\/\/sosforetfrance.org\/wp-content\/uploads\/2022\/02\/Lun-des-trois-ba\u0302timent-pour-lhe\u0301bergement-Copie-300x225.jpg 300w, https:\/\/sosforetfrance.org\/wp-content\/uploads\/2022\/02\/Lun-des-trois-ba\u0302timent-pour-lhe\u0301bergement-Copie-768x576.jpg 768w, https:\/\/sosforetfrance.org\/wp-content\/uploads\/2022\/02\/Lun-des-trois-ba\u0302timent-pour-lhe\u0301bergement-Copie-1536x1152.jpg 1536w, https:\/\/sosforetfrance.org\/wp-content\/uploads\/2022\/02\/Lun-des-trois-ba\u0302timent-pour-lhe\u0301bergement-Copie-1320x990.jpg 1320w, https:\/\/sosforetfrance.org\/wp-content\/uploads\/2022\/02\/Lun-des-trois-ba\u0302timent-pour-lhe\u0301bergement-Copie.jpg 1613w\" sizes=\"auto, (max-width: 1024px) 100vw, 1024px\" \/><\/figure><\/li><li class=\"wp-block-jetpack-slideshow_slide swiper-slide\"><figure><img loading=\"lazy\" decoding=\"async\" width=\"561\" height=\"374\" alt=\"\" class=\"wp-block-jetpack-slideshow_image wp-image-2382\" data-id=\"2382\" src=\"https:\/\/sosforetfrance.org\/wp-content\/uploads\/2022\/02\/IMG_2478-Copie.jpg\" srcset=\"https:\/\/sosforetfrance.org\/wp-content\/uploads\/2022\/02\/IMG_2478-Copie.jpg 561w, https:\/\/sosforetfrance.org\/wp-content\/uploads\/2022\/02\/IMG_2478-Copie-300x200.jpg 300w\" sizes=\"auto, (max-width: 561px) 100vw, 561px\" \/><\/figure><\/li><li class=\"wp-block-jetpack-slideshow_slide swiper-slide\"><figure><img loading=\"lazy\" decoding=\"async\" width=\"1024\" height=\"768\" alt=\"\" class=\"wp-block-jetpack-slideshow_image wp-image-2381\" data-id=\"2381\" src=\"https:\/\/sosforetfrance.org\/wp-content\/uploads\/2022\/02\/20210530_213146-Copie-1024x768.jpg\" srcset=\"https:\/\/sosforetfrance.org\/wp-content\/uploads\/2022\/02\/20210530_213146-Copie-1024x768.jpg 1024w, https:\/\/sosforetfrance.org\/wp-content\/uploads\/2022\/02\/20210530_213146-Copie-300x225.jpg 300w, https:\/\/sosforetfrance.org\/wp-content\/uploads\/2022\/02\/20210530_213146-Copie-768x576.jpg 768w, https:\/\/sosforetfrance.org\/wp-content\/uploads\/2022\/02\/20210530_213146-Copie-1536x1152.jpg 1536w, https:\/\/sosforetfrance.org\/wp-content\/uploads\/2022\/02\/20210530_213146-Copie-1320x990.jpg 1320w, https:\/\/sosforetfrance.org\/wp-content\/uploads\/2022\/02\/20210530_213146-Copie.jpg 1613w\" sizes=\"auto, (max-width: 1024px) 100vw, 1024px\" \/><\/figure><\/li><li class=\"wp-block-jetpack-slideshow_slide swiper-slide\"><figure><img loading=\"lazy\" decoding=\"async\" width=\"1006\" height=\"755\" alt=\"\" class=\"wp-block-jetpack-slideshow_image wp-image-2380\" data-id=\"2380\" src=\"https:\/\/sosforetfrance.org\/wp-content\/uploads\/2022\/02\/20210505_171036-Copie.jpg\" srcset=\"https:\/\/sosforetfrance.org\/wp-content\/uploads\/2022\/02\/20210505_171036-Copie.jpg 1006w, https:\/\/sosforetfrance.org\/wp-content\/uploads\/2022\/02\/20210505_171036-Copie-300x225.jpg 300w, https:\/\/sosforetfrance.org\/wp-content\/uploads\/2022\/02\/20210505_171036-Copie-768x576.jpg 768w\" sizes=\"auto, (max-width: 1006px) 100vw, 1006px\" \/><\/figure><\/li><\/ul><a class=\"wp-block-jetpack-slideshow_button-prev swiper-button-prev swiper-button-white\" role=\"button\"><\/a><a class=\"wp-block-jetpack-slideshow_button-next swiper-button-next swiper-button-white\" role=\"button\"><\/a><a aria-label=\"Pause Slideshow\" class=\"wp-block-jetpack-slideshow_button-pause\" role=\"button\"><\/a><div class=\"wp-block-jetpack-slideshow_pagination swiper-pagination swiper-pagination-white\"><\/div><\/div><\/div>\n\n\n\n<div style=\"height:10px\" aria-hidden=\"true\" class=\"wp-block-spacer\"><\/div>\n\n\n\n<h2 class=\"wp-block-heading\"><meta charset=\"utf-8\">Principaux horaires de train pour venir \u00e0 la gare de Lannemezan <br>depuis les grandes gares alentours<\/h2>\n\n\n\n<div class=\"wp-block-columns is-layout-flex wp-container-core-columns-is-layout-28f84493 wp-block-columns-is-layout-flex\">\n<div class=\"wp-block-column is-layout-flow wp-block-column-is-layout-flow\">\n<h2 class=\"wp-block-heading\">Aller :<\/h2>\n\n\n\n<p><strong>Bordeaux \u2013 Lannemezan<br><\/strong>13h20 \u2013 17h45<br>14h25 \u2013 18h49<br>15h20 \u2013 19h49<br>16h20 \u2013 20h06<br>17h20 \u2013 21h55<\/p>\n\n\n\n<p><strong>Toulouse \u2013 Lannemezan<\/strong><br>16h37 \u2013 17h45<br>17h31 \u2013 18h49<br>18h31 \u2013 19h49<br>19h31 \u2013 20h57<br>20h31 \u2013 21h55<\/p>\n\n\n\n<p><strong>Tarbes \u2013 Lannemezan<\/strong><br>16h55 \u2013 17h18<br>17h44 \u2013 18h10<br>19h40 \u2013 20h06<\/p>\n\n\n\n<p>Pau \u2013 <strong>Lannemezan<\/strong><br>16h11 \u2013 17h18<br>16h59 \u2013 18h10<br>18h55 \u2013 20h06<\/p>\n<\/div>\n\n\n\n<div class=\"wp-block-column is-layout-flow wp-block-column-is-layout-flow\">\n<h2 class=\"wp-block-heading\">Retour :<\/h2>\n\n\n\n<p><strong>Lannemezan Bordeaux<\/strong><br>8h55 \u2013 13h40<br>10h09 \u2013 14h40<br>11h11 \u2013 15h32<br>12h08 \u2013 16h40<br>14h07 \u2013 18h37<br>15h56 \u2013 19h36<\/p>\n\n\n\n<p><strong>Lannemezan \u2013 Toulouse<\/strong><br>8h11 \u2013 9h30<br>10h09 \u2013 11h32<br>11h11 \u2013 12h29<br>12h08 \u2013 13h29<br>14h07 \u2013 15h29<br>15h12 \u2013 16h31<\/p>\n\n\n\n<p><strong>Lannemezan \u2013 Tarbes<\/strong><br>9h56 \u2013 10h21<br>10h09 \u2013 11h12<br>11h41 \u2013 12h07<br>14h \u2013 14h26<br>15h56 \u2013 16h22<\/p>\n\n\n\n<p><strong>Lannemezan \u2013 Pau<\/strong><br>8h55 \u2013 10h06<br>10h09 \u2013 11h57<br>11h41 \u2013 13h22<br>14h00 \u2013 15h52<br>15h56 \u2013 17h23<\/p>\n<\/div>\n<\/div>\n","protected":false},"excerpt":{"rendered":"<p>Dates des rencontres : du jeudi 10 mars \u00e0 18h au dimanche 13 mars matin\u00e9e.Rendez-vous au CCAS de Nestier, 2 rue de la placette, 65150 NestierMerci de vous inscrire avant [&hellip;]<\/p>\n","protected":false},"author":1,"featured_media":0,"parent":0,"menu_order":0,"comment_status":"closed","ping_status":"closed","template":"","meta":{"_acf_changed":false,"_gspb_post_css":"","_uag_custom_page_level_css":"","_EventAllDay":false,"_EventTimezone":"","_EventStartDate":"","_EventEndDate":"","_EventStartDateUTC":"","_EventEndDateUTC":"","_EventShowMap":false,"_EventShowMapLink":false,"_EventURL":"","_EventCost":"","_EventCostDescription":"","_EventCurrencySymbol":"","_EventCurrencyCode":"","_EventCurrencyPosition":"","_EventDateTimeSeparator":"","_EventTimeRangeSeparator":"","_EventOrganizerID":[],"_EventVenueID":[],"_OrganizerEmail":"","_OrganizerPhone":"","_OrganizerWebsite":"","_VenueAddress":"","_VenueCity":"","_VenueCountry":"","_VenueProvince":"","_VenueState":"","_VenueZip":"","_VenuePhone":"","_VenueURL":"","_VenueStateProvince":"","_VenueLat":"","_VenueLng":"","_VenueShowMap":false,"_VenueShowMapLink":false,"footnotes":""},"class_list":["post-2328","page","type-page","status-publish","hentry"],"acf":[],"mb":[],"uagb_featured_image_src":{"full":false,"thumbnail":false,"medium":false,"medium_large":false,"large":false,"1536x1536":false,"2048x2048":false,"mailpoet_newsletter_max":false},"uagb_author_info":{"display_name":"admin7534","author_link":"https:\/\/sosforetfrance.org\/author\/admin7534\/"},"uagb_comment_info":0,"uagb_excerpt":"Dates des rencontres : du jeudi 10 mars \u00e0 18h au dimanche 13 mars matin\u00e9e.Rendez-vous au CCAS de Nestier, 2 rue de la placette, 65150 NestierMerci de vous inscrire avant [&hellip;]","mfb_rest_fields":["title","uagb_featured_image_src","uagb_author_info","uagb_comment_info","uagb_excerpt"],"_links":{"self":[{"href":"https:\/\/sosforetfrance.org\/index.php\/wp-json\/wp\/v2\/pages\/2328","targetHints":{"allow":["GET"]}}],"collection":[{"href":"https:\/\/sosforetfrance.org\/index.php\/wp-json\/wp\/v2\/pages"}],"about":[{"href":"https:\/\/sosforetfrance.org\/index.php\/wp-json\/wp\/v2\/types\/page"}],"author":[{"embeddable":true,"href":"https:\/\/sosforetfrance.org\/index.php\/wp-json\/wp\/v2\/users\/1"}],"replies":[{"embeddable":true,"href":"https:\/\/sosforetfrance.org\/index.php\/wp-json\/wp\/v2\/comments?post=2328"}],"version-history":[{"count":0,"href":"https:\/\/sosforetfrance.org\/index.php\/wp-json\/wp\/v2\/pages\/2328\/revisions"}],"wp:attachment":[{"href":"https:\/\/sosforetfrance.org\/index.php\/wp-json\/wp\/v2\/media?parent=2328"}],"curies":[{"name":"wp","href":"https:\/\/api.w.org\/{rel}","templated":true}]}}