{"id":256,"date":"2019-09-04T22:17:18","date_gmt":"2019-09-04T20:17:18","guid":{"rendered":"http:\/\/sosforetfrance.org\/?page_id=256"},"modified":"2025-06-02T10:46:17","modified_gmt":"2025-06-02T08:46:17","slug":"2e-assises-de-la-foret","status":"publish","type":"page","link":"https:\/\/sosforetfrance.org\/index.php\/2e-assises-de-la-foret\/","title":{"rendered":"2e Assises de la for\u00eat"},"content":{"rendered":"\n<figure class=\"wp-block-image\"><img decoding=\"async\" src=\"http:\/\/alternativesforestieres.org\/IMG\/jpg\/assises2.jpg\" alt=\"\"\/><\/figure>\n\n\n\n<p>Les 23 et 24 octobre 2019, SOS For\u00eat France organisaient les<strong> 2e Assises nationales de la For\u00eat<\/strong> \u00e0  la Bergerie de Villarceaux (95).<\/p>\n\n\n\n<p>Ces propositions et r\u00e9flexions engag\u00e9es par l\u2019ensemble des citoyens, des collectivit\u00e9s, des professionnels et des scientifiques participants \u00e0 ses deuxi\u00e8mes Assises nationales de la for\u00eat sont synth\u00e9tis\u00e9es dans <a href=\"https:\/\/sosforetfrance.org\/index.php\/assises-lessentiel-des-actes\/\">les actes des assises<\/a>. \u00c0 l\u2019issue des Assises, <a href=\"https:\/\/sosforetfrance.org\/index.php\/17-mesures-pour-la-foret\/\">17 mesures structurantes pour la for\u00eat<\/a> ont \u00e9t\u00e9 r\u00e9dig\u00e9es. Les 2 documents sont aussi disponibles sur ce site <a href=\"https:\/\/sosforetfrance.org\/index.php\/les-actes-et-propositions-des-assises\/\">en pdf<\/a>.<\/p>\n\n\n\n<p>Les mesures port\u00e9es par les Assises nationales de la for\u00eat ont \u00e9t\u00e9 pr\u00e9sent\u00e9es :<br>&#8211; \u00e0 la <strong>commission parlementaire et citoyenne<\/strong> sur la for\u00eat dans le cadre de la pr\u00e9paration d\u2019un projet de loi sur les for\u00eats. <br>&#8211; \u00e0 Anne-Laure Cattelot, missionn\u00e9e le 21\u202fjanvier 2021 par le gouvernement sur la for\u00eat et le bois en vue de \u00ab\u202ftirer parti du potentiel des for\u00eats fran\u00e7aises, tout en pr\u00e9servant une biodiversit\u00e9 fonctionnelle\u202f\u00bb. <\/p>\n\n\n\n<p>Elles seront pr\u00e9sent\u00e9es et d\u00e9battues avec l\u2019ensemble des acteurs de la fili\u00e8re qui le souhaitent.<\/p>\n\n\n\n<p>Ces propositions visent \u00e0 mieux prendre en compte les enjeux de \nbiodiversit\u00e9, d\u2019att\u00e9nuation du r\u00e9chauffement climatique, limiter les \npratiques d\u00e9truisant la fertilit\u00e9 foresti\u00e8re et soutenir des d\u00e9marches \nmulti-acteurs pour assurer une gestion sur le long terme de for\u00eats \nvivantes et habit\u00e9es.<\/p>\n\n\n\n<h2 class=\"wp-block-heading\" id=\"foret-vivantes-ou-deserts-boises\">For\u00eat vivantes ou d\u00e9serts bois\u00e9s ?<\/h2>\n\n\n\n<p><strong>Les for\u00eats fran\u00e7aises sont aujourd\u2019hui \u00e0 la crois\u00e9e des chemins, comme l\u2019a \u00e9t\u00e9 l\u2019agriculture dans les ann\u00e9es 1950-1960.<\/strong><\/p>\n\n\n\n<p>En effet, depuis le Grenelle de l\u2019Environnement en 2007, les appels \u00e0 mobiliser davantage de bois se multiplient. Ainsi, les for\u00eats sont de plus en plus consid\u00e9r\u00e9es comme la solution miracle pour remplacer progressivement notre d\u00e9pendance aux \u00e9nergies fossiles. Dans ce contexte, en France, comme dans de nombreux pays europ\u00e9ens, les projets industriels de valorisation \u00e9nerg\u00e9tique du bois se multiplient. Les centrales \u00e0 charbon sont reconverties en centrales \u00e0 biomasse.<\/p>\n\n\n\n<p>Pour faire face \u00e0 cette demande croissante de bois, l\u2019\u00e2ge d\u2019exploitation des arbres est sans cesse abaiss\u00e9. Les for\u00eats diversifi\u00e9es sont transform\u00e9es en monocultures intensives d\u2019arbres, et cela de fa\u00e7on difficilement r\u00e9versible. La pression s\u2019accro\u00eet aussi bien sur les for\u00eats priv\u00e9es que sur les for\u00eats publiques. La biodiversit\u00e9 foresti\u00e8re dispara\u00eet, et les paysages se banalisent, r\u00e9duisant les espaces de nature accessibles aux citoyens. Les forestiers voient leur m\u00e9tier se d\u00e9naturer et leurs conditions de travail se d\u00e9grader. Le service public de la for\u00eat est menac\u00e9 par un projet de privatisation de l\u2019ONF. Les scieries traditionnelles p\u00e9riclitent et le tissu d\u2019emplois li\u00e9s \u00e0 la fili\u00e8re bois s\u2019amenuise.<\/p>\n\n\n\n<p>Mais la for\u00eat, c\u2019est aussi un espoir avec des alternatives qui se multiplient et des r\u00e9sistances qui s\u2019organisent face \u00e0 son industrialisation. Car les for\u00eats sont bien plus que du bois. Ce sont des \u00e9cosyst\u00e8mes qui abritent une irrempla\u00e7able biodiversit\u00e9. Elles fournissent de nombreux services environnementaux (purification de l\u2019eau, filtration de l\u2019air, fixation du carbone) et sociaux indispensables \u00e0 notre bien-\u00eatre (vari\u00e9t\u00e9 des paysages, pratique des sports nature, espace de loisirs familiaux, lieux de ressourcement), jusqu\u2019\u00e0 constituer des espaces de d\u00e9conditionnement par rapport \u00e0 notre soci\u00e9t\u00e9 de consommation et de fr\u00e9n\u00e9sie. Qu\u2019elles soient priv\u00e9es ou publiques, les for\u00eats sont des biens communs au service de l\u2019int\u00e9r\u00eat g\u00e9n\u00e9ral comme le rappelle le Manifeste de Tron\u00e7ais.<\/p>\n\n\n\n<p>De ces deux journ\u00e9es fructueuses entre citoyens, repr\u00e9sentants  de collectivit\u00e9s, professionnels et scientifiques, sont sorties <strong>17 propositions l\u00e9gislatives.<\/strong><\/p>\n\n\n\n<p>Ces propositions visent \u00e0 mieux prendre en compte les enjeux de \nbiodiversit\u00e9, d\u2019att\u00e9nuation du r\u00e9chauffement climatique, limiter les \npratiques d\u00e9truisant la fertilit\u00e9 foresti\u00e8re et soutenir des d\u00e9marches \nmulti-acteurs pour assurer une gestion sur le long terme de for\u00eats \nvivantes et habit\u00e9es.<\/p>\n\n\n\n<h3 class=\"wp-block-heading\" id=\"les-themes-des-assises\">\nLes th\u00e8mes des Assises<\/h3>\n\n\n\n<p>Quatre grandes th\u00e9matiques ont \u00e9t\u00e9 abord\u00e9s en pl\u00e9ni\u00e8re avec des \nintervenants d\u2019horizons tr\u00e8s diff\u00e9rents. Puis, pour chaque th\u00e8me, les \nparticipant-es ont travaill\u00e9 en petits groupes sur des argumentaires et \n des propositions l\u00e9gislatives&nbsp;:<\/p>\n\n\n\n<ul class=\"wp-block-list\">\n<li> <strong>Des for\u00eats pour refroidir le climat<\/strong><\/li>\n\n\n\n<li><strong><br> Quels leviers pour restaurer le fonctionnement \u00e9cologique des for\u00eats <br>exploit\u00e9es et accro\u00eetre la surface de for\u00eats en libre \u00e9volution&nbsp;? <\/strong><\/li>\n\n\n\n<li><strong> Jusqu\u2019o\u00f9 adapter la for\u00eat aux besoins de l\u2019homme&nbsp;? <\/strong><\/li>\n\n\n\n<li><strong> Mains basses sur les for\u00eats&nbsp;: et si on reprenait la main&nbsp;? <\/strong> <\/li>\n<\/ul>\n\n\n\n<h3 class=\"wp-block-heading\" id=\"le-programme-des-journees\">Le programme des journ\u00e9es<\/h3>\n\n\n\n<p><a href=\"http:\/\/sosforetfrance.org\/index.php\/programme-des-assises-2019\/\">Le programme des assises du 23 et 24 octobre 2019 \u00e0 la Bergerie de Villarceaux<\/a><\/p>\n\n\n\n<p><a href=\"http:\/\/sosforetfrance.org\/index.php\/soiree-conference-debat\/\">La soir\u00e9e du 25 octobre \u00e0 Paris<\/a><\/p>\n\n\n\n<p><a rel=\"noreferrer noopener\" aria-label=\"La marche citoyenne guid\u00e9e par des forestiers du collectif le 26 octobre \u00e0 Fontainebleau (D\u00e9part 10h de la gare de Fontainebleau - Circuit de 10 km pique-nique au bord du grand canal). (s\u2019ouvre dans un nouvel onglet)\" href=\"http:\/\/sosforetfrance.org\/index.php\/la-marche-citoyenne-en-foret-de-fontainebleau\/\" target=\"_blank\">La marche citoyenne guid\u00e9e par des forestiers du collectif le 26 octobre \u00e0 Fontainebleau (D\u00e9part 10h de la gare de Fontainebleau &#8211; Circuit de 10 km pique-nique au bord du grand canal).<\/a><\/p>\n\n\n\n<p><\/p>\n\n\n\n<p><a href=\"http:\/\/sosforetfrance.org\/index.php\/assises-infos-pratiques\/\">Infos pratiques<\/a><\/p>\n\n\n\n<h3 class=\"wp-block-heading\" id=\"pour-financer-les-assises-nous-avons-besoin-de-votre-aide\">Pour financer les assises nous avons besoin de votre aide :<\/h3>\n\n\n\n<p>La Fondation Charles L\u00e9opold Mayer soutient SOS for\u00eat en nous accueillant sur son site de La bergerie de Villarceaux. Ils nous offrent \u00e9galement l&rsquo;h\u00e9bergement et les repas. Cependant de nombreux frais restent \u00e0 couvrir pour que ces assises puissent \u00eatre un succ\u00e8s et portent leurs fruits. Merci pour ceux qui peuvent de contribuer financi\u00e8rement \u00e0 cette action collective importante pour la for\u00eat Fran\u00e7aise.<\/p>\n\n\n\n<iframe id=\"haWidget\" allowtransparency=\"true\" src=\"https:\/\/www.helloasso.com\/associations\/a-c-s-f-les-amis-du-collectif-sos-foret-france\/formulaires\/1\/widget-bouton\" style=\"width:100%;height:70px;border:none;\"><\/iframe><div style=\"width:100%;text-align:center;\">Propuls\u00e9 par <a href=\"https:\/\/www.helloasso.com\" rel=\"nofollow noopener\" target=\"_blank\">HelloAsso<\/a><\/div>\n\n\n\n\n\n<p>Pour aller plus loin : <\/p>\n\n\n\n<p><a href=\"https:\/\/sosforetfrance.org\/index.php\/assises-lessentiel-des-actes\/\">Assises l\u2019essentiel des actes<\/a><\/p>\n\n\n\n<p><a href=\"https:\/\/sosforetfrance.org\/index.php\/atelier-1\/\">Atelier 1<\/a><\/p>\n\n\n\n<p><a href=\"https:\/\/sosforetfrance.org\/index.php\/climat-ecologie-et-economie\/\">Climat : \u00e9cologie et \u00e9conomie<\/a><\/p>\n\n\n\n<p><a href=\"https:\/\/sosforetfrance.org\/index.php\/climat-laisser-vieillir-les-forets\/\">Climat : laisser vieillir les for\u00eats<\/a><\/p>\n\n\n\n<p><a href=\"https:\/\/sosforetfrance.org\/index.php\/climat-forets-et-changements-climatiques\/\">Climat et for\u00eats<\/a><\/p>\n\n\n\n<p><a href=\"https:\/\/sosforetfrance.org\/index.php\/atelier-2\/\">Atelier 2<\/a><\/p>\n\n\n\n<p><a href=\"https:\/\/sosforetfrance.org\/index.php\/fonctionnement-ecologique\/\">Fonctionnement \u00e9cologique<\/a><\/p>\n\n\n\n<p><a href=\"https:\/\/sosforetfrance.org\/index.php\/les-actes-et-propositions-des-assises\/\">Assises : synth\u00e8se pdf<\/a><\/p>\n\n\n\n<p><a href=\"https:\/\/sosforetfrance.org\/index.php\/soiree-conference-debat\/\">Soir\u00e9e conf\u00e9rence d\u00e9bat<\/a><\/p>\n\n\n\n<p><a href=\"https:\/\/sosforetfrance.org\/index.php\/programme-des-assises-2019\/\">Assises : le programme<\/a><\/p>\n\n\n\n<p><a href=\"https:\/\/sosforetfrance.org\/index.php\/la-marche-citoyenne-en-foret-de-fontainebleau\/\">La marche citoyenne en for\u00eat de Fontainebleau<\/a><\/p>\n\n\n\n<p><a href=\"https:\/\/sosforetfrance.org\/index.php\/la-marche-citoyenne-en-foret-de-fontainebleau\/\">La marche citoyenne en for\u00eat de Fontainebleau<\/a><\/p>\n\n\n\n<p><a href=\"https:\/\/sosforetfrance.org\/index.php\/soiree-conference-debat\/\">Soir\u00e9e conf\u00e9rence d\u00e9bat<\/a><\/p>\n","protected":false},"excerpt":{"rendered":"<p>Les 23 et 24 octobre 2019, SOS For\u00eat France organisaient les 2e Assises nationales de la For\u00eat \u00e0 la Bergerie de Villarceaux (95). Ces propositions et r\u00e9flexions engag\u00e9es par l\u2019ensemble [&hellip;]<\/p>\n","protected":false},"author":1,"featured_media":0,"parent":0,"menu_order":0,"comment_status":"closed","ping_status":"closed","template":"","meta":{"_acf_changed":false,"_gspb_post_css":"","_uag_custom_page_level_css":"","_EventAllDay":false,"_EventTimezone":"","_EventStartDate":"","_EventEndDate":"","_EventStartDateUTC":"","_EventEndDateUTC":"","_EventShowMap":false,"_EventShowMapLink":false,"_EventURL":"","_EventCost":"","_EventCostDescription":"","_EventCurrencySymbol":"","_EventCurrencyCode":"","_EventCurrencyPosition":"","_EventDateTimeSeparator":"","_EventTimeRangeSeparator":"","_EventOrganizerID":[],"_EventVenueID":[],"_OrganizerEmail":"","_OrganizerPhone":"","_OrganizerWebsite":"","_VenueAddress":"","_VenueCity":"","_VenueCountry":"","_VenueProvince":"","_VenueState":"","_VenueZip":"","_VenuePhone":"","_VenueURL":"","_VenueStateProvince":"","_VenueLat":"","_VenueLng":"","_VenueShowMap":false,"_VenueShowMapLink":false,"footnotes":""},"class_list":["post-256","page","type-page","status-publish","hentry"],"mb":[],"acf":[],"uagb_featured_image_src":{"full":false,"thumbnail":false,"medium":false,"medium_large":false,"large":false,"1536x1536":false,"2048x2048":false,"mailpoet_newsletter_max":false},"uagb_author_info":{"display_name":"admin7534","author_link":"https:\/\/sosforetfrance.org\/author\/admin7534\/"},"uagb_comment_info":0,"uagb_excerpt":"Les 23 et 24 octobre 2019, SOS For\u00eat France organisaient les 2e Assises nationales de la For\u00eat \u00e0 la Bergerie de Villarceaux (95). Ces propositions et r\u00e9flexions engag\u00e9es par l\u2019ensemble [&hellip;]","mfb_rest_fields":["title","uagb_featured_image_src","uagb_author_info","uagb_comment_info","uagb_excerpt"],"_links":{"self":[{"href":"https:\/\/sosforetfrance.org\/index.php\/wp-json\/wp\/v2\/pages\/256","targetHints":{"allow":["GET"]}}],"collection":[{"href":"https:\/\/sosforetfrance.org\/index.php\/wp-json\/wp\/v2\/pages"}],"about":[{"href":"https:\/\/sosforetfrance.org\/index.php\/wp-json\/wp\/v2\/types\/page"}],"author":[{"embeddable":true,"href":"https:\/\/sosforetfrance.org\/index.php\/wp-json\/wp\/v2\/users\/1"}],"replies":[{"embeddable":true,"href":"https:\/\/sosforetfrance.org\/index.php\/wp-json\/wp\/v2\/comments?post=256"}],"version-history":[{"count":3,"href":"https:\/\/sosforetfrance.org\/index.php\/wp-json\/wp\/v2\/pages\/256\/revisions"}],"predecessor-version":[{"id":13023,"href":"https:\/\/sosforetfrance.org\/index.php\/wp-json\/wp\/v2\/pages\/256\/revisions\/13023"}],"wp:attachment":[{"href":"https:\/\/sosforetfrance.org\/index.php\/wp-json\/wp\/v2\/media?parent=256"}],"curies":[{"name":"wp","href":"https:\/\/api.w.org\/{rel}","templated":true}]}}