{"id":2684,"date":"2022-12-13T18:56:19","date_gmt":"2022-12-13T17:56:19","guid":{"rendered":"https:\/\/sosforetfrance.org\/?page_id=2684"},"modified":"2025-03-12T14:28:02","modified_gmt":"2025-03-12T13:28:02","slug":"je-fais-un-don","status":"publish","type":"page","link":"https:\/\/sosforetfrance.org\/index.php\/je-fais-un-don\/","title":{"rendered":"Je fais un don"},"content":{"rendered":"\n<h4 class=\"wp-block-heading has-text-color has-link-color wp-elements-d17c13505c799fe29c74c77f18b0f14b\" id=\"sos-foret-federe-des-collectifs-de-toutes-tailles-jusqu-a-de-toutes-petites-associations-locales-qui-ont-peu-de-moyens-pour-mener-leurs-actions-faire-un-don-a-sos-foret-france-c-est-permettre-de-mener-nos-actions-et-participer-a-la-solidarite-pour-defendre-la-foret-partout-en-france-merci\" style=\"color:#265a04\">SOS For\u00eat f\u00e9d\u00e8re des collectifs de toutes tailles, jusqu&rsquo;\u00e0 de toutes petites associations locales qui ont peu de moyens pour mener leurs actions. Faire un don \u00e0 SOS for\u00eat France, c&rsquo;est permettre de mener nos actions et participer \u00e0 la solidarit\u00e9 pour d\u00e9fendre la for\u00eat partout en France. Merci !<\/h4>\n\n\n\t\t\t<iframe\n\t\t\t\tid=\"idIframe\"\n\t\t\t\tsrc=\"https:\/\/www.helloasso.com\/associations\/sos-foret-france\/formulaires\/1\/widget\"\n\t\t\t\theight=2300px\"\t\t\t\twidth=100%\"\t\t\t\tframeborder=\"0\"\n\t\t\t\tloading=\"lazy\"\n\t\t\t\tallowtransparency=\"true\"\n\t\t\t\tonload=\"resizeIframeMessage()\"><\/iframe>\n\n","protected":false},"excerpt":{"rendered":"<p>SOS For\u00eat f\u00e9d\u00e8re des collectifs de toutes tailles, jusqu&rsquo;\u00e0 de toutes petites associations locales qui ont peu de moyens pour mener leurs actions. Faire un don \u00e0 SOS for\u00eat France, [&hellip;]<\/p>\n","protected":false},"author":1,"featured_media":0,"parent":0,"menu_order":0,"comment_status":"closed","ping_status":"closed","template":"","meta":{"_acf_changed":false,"_gspb_post_css":"","_uag_custom_page_level_css":"","_EventAllDay":false,"_EventTimezone":"","_EventStartDate":"","_EventEndDate":"","_EventStartDateUTC":"","_EventEndDateUTC":"","_EventShowMap":false,"_EventShowMapLink":false,"_EventURL":"","_EventCost":"","_EventCostDescription":"","_EventCurrencySymbol":"","_EventCurrencyCode":"","_EventCurrencyPosition":"","_EventDateTimeSeparator":"","_EventTimeRangeSeparator":"","_EventOrganizerID":[],"_EventVenueID":[],"_OrganizerEmail":"","_OrganizerPhone":"","_OrganizerWebsite":"","_VenueAddress":"","_VenueCity":"","_VenueCountry":"","_VenueProvince":"","_VenueState":"","_VenueZip":"","_VenuePhone":"","_VenueURL":"","_VenueStateProvince":"","_VenueLat":"","_VenueLng":"","_VenueShowMap":false,"_VenueShowMapLink":false,"footnotes":""},"class_list":["post-2684","page","type-page","status-publish","hentry"],"mb":[],"acf":[],"uagb_featured_image_src":{"full":false,"thumbnail":false,"medium":false,"medium_large":false,"large":false,"1536x1536":false,"2048x2048":false,"mailpoet_newsletter_max":false},"uagb_author_info":{"display_name":"admin7534","author_link":"https:\/\/sosforetfrance.org\/author\/admin7534\/"},"uagb_comment_info":0,"uagb_excerpt":"SOS For\u00eat f\u00e9d\u00e8re des collectifs de toutes tailles, jusqu&rsquo;\u00e0 de toutes petites associations locales qui ont peu de moyens pour mener leurs actions. Faire un don \u00e0 SOS for\u00eat France, [&hellip;]","mfb_rest_fields":["title","uagb_featured_image_src","uagb_author_info","uagb_comment_info","uagb_excerpt"],"_links":{"self":[{"href":"https:\/\/sosforetfrance.org\/index.php\/wp-json\/wp\/v2\/pages\/2684","targetHints":{"allow":["GET"]}}],"collection":[{"href":"https:\/\/sosforetfrance.org\/index.php\/wp-json\/wp\/v2\/pages"}],"about":[{"href":"https:\/\/sosforetfrance.org\/index.php\/wp-json\/wp\/v2\/types\/page"}],"author":[{"embeddable":true,"href":"https:\/\/sosforetfrance.org\/index.php\/wp-json\/wp\/v2\/users\/1"}],"replies":[{"embeddable":true,"href":"https:\/\/sosforetfrance.org\/index.php\/wp-json\/wp\/v2\/comments?post=2684"}],"version-history":[{"count":1,"href":"https:\/\/sosforetfrance.org\/index.php\/wp-json\/wp\/v2\/pages\/2684\/revisions"}],"predecessor-version":[{"id":11841,"href":"https:\/\/sosforetfrance.org\/index.php\/wp-json\/wp\/v2\/pages\/2684\/revisions\/11841"}],"wp:attachment":[{"href":"https:\/\/sosforetfrance.org\/index.php\/wp-json\/wp\/v2\/media?parent=2684"}],"curies":[{"name":"wp","href":"https:\/\/api.w.org\/{rel}","templated":true}]}}