{"id":2825,"date":"2023-03-05T18:30:19","date_gmt":"2023-03-05T17:30:19","guid":{"rendered":"https:\/\/sosforetfrance.org\/?page_id=2825"},"modified":"2024-08-08T10:19:14","modified_gmt":"2024-08-08T08:19:14","slug":"rejoindre-le-collectif-sos-foret","status":"publish","type":"page","link":"https:\/\/sosforetfrance.org\/index.php\/rejoindre-le-collectif-sos-foret\/","title":{"rendered":"Rejoindre le collectif SOS For\u00eat France"},"content":{"rendered":"<h3 style=\"font-variant-ligatures: normal; font-variant-caps: normal; font-style: normal; white-space: normal;\">Merci de remplir le formulaire ci-dessous. Vous serez contact\u00e9 tr\u00e8s prochainement.<\/h3>\n<p><strong data-rich-text-format-boundary=\"true\">NB : SOS for\u00eat est un collectif d\u2019associations <\/strong>(ou de collectifs) locaux, r\u00e9gionaux ou nationaux, de syndicats nationaux, de groupements professionnels et de propri\u00e9taires forestiers.<br data-rich-text-line-break=\"true\" \/>Sa vocation n\u2019est pas de solliciter des adh\u00e9sions individuelles, mais plut\u00f4t d&rsquo;inciter les particuliers \u00e0 rejoindre ses structures (ou \u00e0 cr\u00e9er leur propre <a href=\"http:\/\/sosforetfrance.org\/index.php\/sos-foret-en-region\/\" target=\"_blank\" rel=\"noreferrer noopener\">groupe local<\/a> s&rsquo;il n&rsquo;en existe pas encore pr\u00e8s de chez eux).<br \/>\nSi vous \u00eates un particulier et souhaitez soutenir SOS For\u00eat France, il vous est possible de <a href=\"https:\/\/sosforetfrance.org\/index.php\/je-fais-un-don\/\">faire un don<\/a> \u00e0 son association de financement, \u00ab\u00a0Les amis du collectif SOS For\u00eat France\u00a0\u00bb.<\/p>\n<h3 style=\"font-variant-ligatures: normal; font-variant-caps: normal; font-style: normal; white-space: normal;\">L\u2019inscription au collectif n\u2019est pas payante, mais une adh\u00e9sion \u00e0 l\u2019association de financement \u201cles amis de SOS for\u00eat France\u201d est bienvenue pour nous donner les moyens d\u2019agir.<\/h3>\n<h2><a href=\"https:\/\/sosforetfrance.org\/index.php\/nous-rejoindre\/\" target=\"_blank\" rel=\"noopener\">J&rsquo;adh\u00e8re \u00e0 l&rsquo;association de financement<\/a><\/h2>\n","protected":false},"excerpt":{"rendered":"<p>Merci de remplir le formulaire ci-dessous. Vous serez contact\u00e9 tr\u00e8s prochainement. NB : SOS for\u00eat est un collectif d\u2019associations (ou de collectifs) locaux, r\u00e9gionaux ou nationaux, de syndicats nationaux, de [&hellip;]<\/p>\n","protected":false},"author":1,"featured_media":0,"parent":0,"menu_order":0,"comment_status":"closed","ping_status":"closed","template":"","meta":{"_acf_changed":false,"_gspb_post_css":"","_uag_custom_page_level_css":"","_EventAllDay":false,"_EventTimezone":"","_EventStartDate":"","_EventEndDate":"","_EventStartDateUTC":"","_EventEndDateUTC":"","_EventShowMap":false,"_EventShowMapLink":false,"_EventURL":"","_EventCost":"","_EventCostDescription":"","_EventCurrencySymbol":"","_EventCurrencyCode":"","_EventCurrencyPosition":"","_EventDateTimeSeparator":"","_EventTimeRangeSeparator":"","_EventOrganizerID":[],"_EventVenueID":[],"_OrganizerEmail":"","_OrganizerPhone":"","_OrganizerWebsite":"","_VenueAddress":"","_VenueCity":"","_VenueCountry":"","_VenueProvince":"","_VenueState":"","_VenueZip":"","_VenuePhone":"","_VenueURL":"","_VenueStateProvince":"","_VenueLat":"","_VenueLng":"","_VenueShowMap":false,"_VenueShowMapLink":false,"footnotes":""},"class_list":["post-2825","page","type-page","status-publish","hentry"],"mb":[],"acf":[],"uagb_featured_image_src":{"full":false,"thumbnail":false,"medium":false,"medium_large":false,"large":false,"1536x1536":false,"2048x2048":false,"mailpoet_newsletter_max":false},"uagb_author_info":{"display_name":"admin7534","author_link":"https:\/\/sosforetfrance.org\/author\/admin7534\/"},"uagb_comment_info":0,"uagb_excerpt":"Merci de remplir le formulaire ci-dessous. Vous serez contact\u00e9 tr\u00e8s prochainement. NB : SOS for\u00eat est un collectif d\u2019associations (ou de collectifs) locaux, r\u00e9gionaux ou nationaux, de syndicats nationaux, de [&hellip;]","mfb_rest_fields":["title","uagb_featured_image_src","uagb_author_info","uagb_comment_info","uagb_excerpt"],"_links":{"self":[{"href":"https:\/\/sosforetfrance.org\/index.php\/wp-json\/wp\/v2\/pages\/2825","targetHints":{"allow":["GET"]}}],"collection":[{"href":"https:\/\/sosforetfrance.org\/index.php\/wp-json\/wp\/v2\/pages"}],"about":[{"href":"https:\/\/sosforetfrance.org\/index.php\/wp-json\/wp\/v2\/types\/page"}],"author":[{"embeddable":true,"href":"https:\/\/sosforetfrance.org\/index.php\/wp-json\/wp\/v2\/users\/1"}],"replies":[{"embeddable":true,"href":"https:\/\/sosforetfrance.org\/index.php\/wp-json\/wp\/v2\/comments?post=2825"}],"version-history":[{"count":0,"href":"https:\/\/sosforetfrance.org\/index.php\/wp-json\/wp\/v2\/pages\/2825\/revisions"}],"wp:attachment":[{"href":"https:\/\/sosforetfrance.org\/index.php\/wp-json\/wp\/v2\/media?parent=2825"}],"curies":[{"name":"wp","href":"https:\/\/api.w.org\/{rel}","templated":true}]}}