{"id":295,"date":"2019-09-05T23:35:39","date_gmt":"2019-09-05T21:35:39","guid":{"rendered":"http:\/\/sosforetfrance.org\/?page_id=295"},"modified":"2019-10-07T23:20:22","modified_gmt":"2019-10-07T21:20:22","slug":"assises-infos-pratiques","status":"publish","type":"page","link":"https:\/\/sosforetfrance.org\/index.php\/assises-infos-pratiques\/","title":{"rendered":"Assises &#8211; infos pratiques"},"content":{"rendered":"\n<p>Pour participer, le nombre de place \u00e9tant limit\u00e9es et la logistique complexe, <a rel=\"noreferrer noopener\" aria-label=\" (s\u2019ouvre dans un nouvel onglet)\" href=\"https:\/\/docs.google.com\/forms\/d\/e\/1FAIpQLSe2m0KCxF1CEh4izic-pWptAdp3m5tqtkX11tibv13MS9glHQ\/viewform\" target=\"_blank\"><strong>il est imp\u00e9ratif de s&rsquo;inscrire \u00e0 l&rsquo;aide du questionnaire (en cliquant sur cette ligne).<\/strong><\/a><strong> <\/strong><\/p>\n\n\n\n<p><strong>Le s\u00e9minaire des Assises Nationales<\/strong> de la For\u00eat se d\u00e9roulera du mercredi  23 \u00e0 9h00 jusqu&rsquo;au 24 octobre \u00e0 19h. Le nombre de place est limit\u00e9 \u00e0  120 personnes. Il aura lieu \u00e0 la Bergerie de Villarceaux. Nous vous  recommandons de pr\u00e9voir une arriv\u00e9e la veille entre 17h et 20h. Le lieu  n&rsquo;est pas directement accessible en transport en commun: nous allons  donc mettre en place des navettes depuis la gare de Cergy-le-Haut (RER  A).  <br><a rel=\"noreferrer noopener\" aria-label=\" (s\u2019ouvre dans un nouvel onglet)\" href=\"http:\/\/www.bergerie-villarceaux.org\/index.php?page=se-rendre-a-la-bergerie\" target=\"_blank\">Plus de d\u00e9tails ici pour s&rsquo;y rendre en voiture ou en transports en commun.<\/a> <\/p>\n\n\n\n<p><strong>La  soir\u00e9e-d\u00e9bat grand public <\/strong>aura lieu le vendredi 25 octobre de 19h30 \u00e0  22h00 <a rel=\"noreferrer noopener\" aria-label=\" (s\u2019ouvre dans un nouvel onglet)\" href=\"https:\/\/boursedutravail-paris.fr\/infos-pratiques\" target=\"_blank\">\u00e0 la Bourse du travail (Paris)<\/a>. La salle a une capacit\u00e9 de 400  personnes.<\/p>\n\n\n\n<p><strong>La marche citoyenne dans la for\u00eat de Fontainebleau<\/strong> aura lieu le 26 octobre.  D\u00e9part 10h de la gare de Fontainebleau (train toutes les demies heures  au d\u00e9part de la gare de Lyon trajet de 40 mn). Circuit de 10 km (y  compris le retour \u00e0 la gare) avec pique-nique au bord du grand canal  devant le ch\u00e2teau de Fontainebleau. <\/p>\n\n\n\n<p><a href=\"http:\/\/sosforetfrance.org\/index.php\/la-marche-citoyenne-en-foret-de-fontainebleau\/\">Tout les d\u00e9tails sur la page d\u00e9di\u00e9e \u00e0 la marche citoyenne<\/a><\/p>\n\n\n\n<ul class=\"wp-block-gallery columns-0 is-cropped wp-block-gallery-1 is-layout-flex wp-block-gallery-is-layout-flex\"><\/ul>\n\n\n\n<p><strong>Visitez le site de la <\/strong><a rel=\"noreferrer noopener\" aria-label=\" (s\u2019ouvre dans un nouvel onglet)\" href=\"http:\/\/www.bergerie-villarceaux.org\/\" target=\"_blank\"><strong>Bergerie de Villarceaux<\/strong><\/a><\/p>\n\n\n\n<h3 class=\"wp-block-heading\">Pour financer les assises nous avons besoin de votre aide :<\/h3>\n\n\n\n<p>La Fondation Charles L\u00e9opold Mayer soutient SOS for\u00eat en nous accueillant sur son site de La bergerie de Villarceaux. Ils nous offrent \u00e9galement l&rsquo;h\u00e9bergement et les repas. Cependant de nombreux frais restent \u00e0 couvrir pour que ces assises puissent \u00eatre un succ\u00e8s et portent leurs fruits. Merci pour ceux qui peuvent de contribuer financi\u00e8rement \u00e0 cette action collective importante pour la for\u00eat Fran\u00e7aise.<\/p>\n\n\n\n<iframe id=\"haWidget\" allowtransparency=\"true\" src=\"https:\/\/www.helloasso.com\/associations\/a-c-s-f-les-amis-du-collectif-sos-foret-france\/formulaires\/1\/widget-bouton\" style=\"width:100%;height:70px;border:none;\"><\/iframe><div style=\"width:100%;text-align:center;\">Propuls\u00e9 par <a href=\"https:\/\/www.helloasso.com\" rel=\"nofollow noopener\" target=\"_blank\">HelloAsso<\/a><\/div>\n","protected":false},"excerpt":{"rendered":"<p>Pour participer, le nombre de place \u00e9tant limit\u00e9es et la logistique complexe, il est imp\u00e9ratif de s&rsquo;inscrire \u00e0 l&rsquo;aide du questionnaire (en cliquant sur cette ligne). Le s\u00e9minaire des Assises [&hellip;]<\/p>\n","protected":false},"author":1,"featured_media":0,"parent":0,"menu_order":0,"comment_status":"closed","ping_status":"closed","template":"","meta":{"_acf_changed":false,"_gspb_post_css":"","_uag_custom_page_level_css":"","_EventAllDay":false,"_EventTimezone":"","_EventStartDate":"","_EventEndDate":"","_EventStartDateUTC":"","_EventEndDateUTC":"","_EventShowMap":false,"_EventShowMapLink":false,"_EventURL":"","_EventCost":"","_EventCostDescription":"","_EventCurrencySymbol":"","_EventCurrencyCode":"","_EventCurrencyPosition":"","_EventDateTimeSeparator":"","_EventTimeRangeSeparator":"","_EventOrganizerID":[],"_EventVenueID":[],"_OrganizerEmail":"","_OrganizerPhone":"","_OrganizerWebsite":"","_VenueAddress":"","_VenueCity":"","_VenueCountry":"","_VenueProvince":"","_VenueState":"","_VenueZip":"","_VenuePhone":"","_VenueURL":"","_VenueStateProvince":"","_VenueLat":"","_VenueLng":"","_VenueShowMap":false,"_VenueShowMapLink":false,"footnotes":""},"class_list":["post-295","page","type-page","status-publish","hentry"],"acf":[],"mb":[],"uagb_featured_image_src":{"full":false,"thumbnail":false,"medium":false,"medium_large":false,"large":false,"1536x1536":false,"2048x2048":false,"mailpoet_newsletter_max":false},"uagb_author_info":{"display_name":"admin7534","author_link":"https:\/\/sosforetfrance.org\/author\/admin7534\/"},"uagb_comment_info":0,"uagb_excerpt":"Pour participer, le nombre de place \u00e9tant limit\u00e9es et la logistique complexe, il est imp\u00e9ratif de s&rsquo;inscrire \u00e0 l&rsquo;aide du questionnaire (en cliquant sur cette ligne). Le s\u00e9minaire des Assises [&hellip;]","mfb_rest_fields":["title","uagb_featured_image_src","uagb_author_info","uagb_comment_info","uagb_excerpt"],"_links":{"self":[{"href":"https:\/\/sosforetfrance.org\/index.php\/wp-json\/wp\/v2\/pages\/295","targetHints":{"allow":["GET"]}}],"collection":[{"href":"https:\/\/sosforetfrance.org\/index.php\/wp-json\/wp\/v2\/pages"}],"about":[{"href":"https:\/\/sosforetfrance.org\/index.php\/wp-json\/wp\/v2\/types\/page"}],"author":[{"embeddable":true,"href":"https:\/\/sosforetfrance.org\/index.php\/wp-json\/wp\/v2\/users\/1"}],"replies":[{"embeddable":true,"href":"https:\/\/sosforetfrance.org\/index.php\/wp-json\/wp\/v2\/comments?post=295"}],"version-history":[{"count":0,"href":"https:\/\/sosforetfrance.org\/index.php\/wp-json\/wp\/v2\/pages\/295\/revisions"}],"wp:attachment":[{"href":"https:\/\/sosforetfrance.org\/index.php\/wp-json\/wp\/v2\/media?parent=295"}],"curies":[{"name":"wp","href":"https:\/\/api.w.org\/{rel}","templated":true}]}}