{"id":477,"date":"2019-10-01T12:43:22","date_gmt":"2019-10-01T10:43:22","guid":{"rendered":"http:\/\/sosforetfrance.org\/?page_id=477"},"modified":"2020-11-23T19:37:58","modified_gmt":"2020-11-23T18:37:58","slug":"les-auditions-de-la-commission-a-lassemblee","status":"publish","type":"page","link":"https:\/\/sosforetfrance.org\/index.php\/les-auditions-de-la-commission-a-lassemblee\/","title":{"rendered":"Les auditions de la commission \u00e0 l&rsquo;assembl\u00e9e"},"content":{"rendered":"\n<iframe loading=\"lazy\" width=\"560\" height=\"515\" src=\"https:\/\/www.youtube.com\/embed\/F63rpysY_Mw\" frameborder=\"0\" allow=\"accelerometer; autoplay; clipboard-write; encrypted-media; gyroscope; picture-in-picture\" allowfullscreen=\"\"><\/iframe>\n\n\n\n<p>For\u00eat et changement climatique : Kelsey Perlman et Sylvain Angerand auditionn\u00e9s par le d\u00e9put\u00e9 Hugo Bernalicis<\/p>\n\n\n\n<iframe loading=\"lazy\" width=\"560\" height=\"515\" src=\"https:\/\/www.youtube.com\/embed\/5pICXlUhzjw\" frameborder=\"0\" allow=\"accelerometer; autoplay; clipboard-write; encrypted-media; gyroscope; picture-in-picture\" allowfullscreen=\"\"><\/iframe>\n\n\n\n<p>Audition de Xavier Morin du CNRS et Nicolas Martin de l&rsquo;INRA par le d\u00e9put\u00e9 Hugo Bernalicis<\/p>\n\n\n\n<iframe loading=\"lazy\" width=\"560\" height=\"515\" src=\"https:\/\/www.youtube.com\/embed\/eC3zqj2bbpM\" frameborder=\"0\" allow=\"accelerometer; autoplay; clipboard-write; encrypted-media; gyroscope; picture-in-picture\" allowfullscreen=\"\"><\/iframe>\n\n\n\n<p>Jaques Hazera, expert forestier Prosylva dans les Landes<\/p>\n\n\n\n<iframe loading=\"lazy\" width=\"560\" height=\"515\" src=\"https:\/\/www.youtube.com\/embed\/bH7Cd1E70LY\" frameborder=\"0\" allow=\"accelerometer; autoplay; clipboard-write; encrypted-media; gyroscope; picture-in-picture\" allowfullscreen=\"\"><\/iframe>\n\n\n\n<p>COMMISSION D&rsquo;ENQU\u00caTE CITOYENNE \u00ab\u00a0FOR\u00caTS, BIENS COMMUNS\u00a0\u00bb<\/p>\n\n\n\n<iframe loading=\"lazy\" width=\"560\" height=\"515\" src=\"https:\/\/www.youtube.com\/embed\/V7Ua0e2mQq8\" frameborder=\"0\" allow=\"accelerometer; autoplay; clipboard-write; encrypted-media; gyroscope; picture-in-picture\" allowfullscreen=\"\"><\/iframe>\n\n\n\n<p>Gilles Desnouveaux, maire de Reynel, et Dominique Combray, maire de Neuilly-sur-Suize, dans le cadre de la commission d&rsquo;enqu\u00eate citoyenne \u00ab\u00a0For\u00eats, biens communs\u00a0\u00bb, avec Loukas Benard, repr\u00e9sentant de la CGT For\u00eat.<\/p>\n\n\n\n<iframe loading=\"lazy\" width=\"560\" height=\"515\" src=\"https:\/\/www.youtube.com\/embed\/pnXQNWWq86E\" frameborder=\"0\" allow=\"accelerometer; autoplay; clipboard-write; encrypted-media; gyroscope; picture-in-picture\" allowfullscreen=\"\"><\/iframe>\n\n\n\n<p>Audition de Michel Philippo de l&rsquo;association LESA, sp\u00e9cialis\u00e9e en \u00e9co-construction<\/p>\n\n\n\n<iframe loading=\"lazy\" width=\"560\" height=\"515\" src=\"https:\/\/www.youtube.com\/embed\/V7Ua0e2mQq8\" frameborder=\"0\" allow=\"accelerometer; autoplay; clipboard-write; encrypted-media; gyroscope; picture-in-picture\" allowfullscreen=\"\"><\/iframe>\n\n\n\n<p>Audition de Gilles Desnouveaux, maire de Reynel, et Dominique Combray, maire de Neuilly-sur-Suize, avec Loukas Benard, repr\u00e9sentant de la CGT For\u00eat.<\/p>\n\n\n\n<iframe loading=\"lazy\" width=\"560\" height=\"515\" src=\"https:\/\/www.youtube.com\/embed\/Osa9I2fUC0Y\" frameborder=\"0\" allow=\"accelerometer; autoplay; clipboard-write; encrypted-media; gyroscope; picture-in-picture\" allowfullscreen=\"\"><\/iframe>\n\n\n\n<p>Audition de Vincent Magnet du R\u00e9seau des Alternatives foresti\u00e8res et de Richard Ladet, du collectif Bois 07<\/p>\n\n\n\n<iframe loading=\"lazy\" width=\"560\" height=\"515\" src=\"https:\/\/www.youtube.com\/embed\/uP-Qldxq8wQ\" frameborder=\"0\" allow=\"accelerometer; autoplay; clipboard-write; encrypted-media; gyroscope; picture-in-picture\" allowfullscreen=\"\"><\/iframe>\n\n\n\n<p>Audition de M. Eric Brua, Directeur \u00e0 la F\u00e9d\u00e9ration des parcs naturels r\u00e9gionaux<\/p>\n\n\n\n<figure class=\"wp-block-embed-youtube wp-block-embed is-type-video is-provider-youtube wp-embed-aspect-16-9 wp-has-aspect-ratio\"><div class=\"wp-block-embed__wrapper\">\n<iframe loading=\"lazy\" title=\"FOR\u00caTS : NOUS DEVONS AVOIR UN CHOIX D\u00c9MOCRATIQUE !\" width=\"500\" height=\"281\" src=\"https:\/\/www.youtube.com\/embed\/5_gpeofMetA?feature=oembed\" frameborder=\"0\" allow=\"accelerometer; autoplay; clipboard-write; encrypted-media; gyroscope; picture-in-picture; web-share\" referrerpolicy=\"strict-origin-when-cross-origin\" allowfullscreen><\/iframe>\n<\/div><figcaption>Mathilde Panot interpelle le Ministre de l&rsquo;agriculture sur la for\u00eat en commission \u00e9conomique \u00e0 l&rsquo;assembl\u00e9e le mercredi 20 novembre 2019<\/figcaption><\/figure>\n\n\n\n<p>Mathilde Panot interpelle le Ministre de l&rsquo;agriculture sur la for\u00eat en commission \u00e9conomique \u00e0 l&rsquo;assembl\u00e9e le mercredi 20 novembre 2019<\/p>\n","protected":false},"excerpt":{"rendered":"<p>For\u00eat et changement climatique : Kelsey Perlman et Sylvain Angerand auditionn\u00e9s par le d\u00e9put\u00e9 Hugo Bernalicis Audition de Xavier Morin du CNRS et Nicolas Martin de l&rsquo;INRA par le d\u00e9put\u00e9 [&hellip;]<\/p>\n","protected":false},"author":1,"featured_media":0,"parent":0,"menu_order":0,"comment_status":"closed","ping_status":"closed","template":"","meta":{"_acf_changed":false,"_gspb_post_css":"","_uag_custom_page_level_css":"","_EventAllDay":false,"_EventTimezone":"","_EventStartDate":"","_EventEndDate":"","_EventStartDateUTC":"","_EventEndDateUTC":"","_EventShowMap":false,"_EventShowMapLink":false,"_EventURL":"","_EventCost":"","_EventCostDescription":"","_EventCurrencySymbol":"","_EventCurrencyCode":"","_EventCurrencyPosition":"","_EventDateTimeSeparator":"","_EventTimeRangeSeparator":"","_EventOrganizerID":[],"_EventVenueID":[],"_OrganizerEmail":"","_OrganizerPhone":"","_OrganizerWebsite":"","_VenueAddress":"","_VenueCity":"","_VenueCountry":"","_VenueProvince":"","_VenueState":"","_VenueZip":"","_VenuePhone":"","_VenueURL":"","_VenueStateProvince":"","_VenueLat":"","_VenueLng":"","_VenueShowMap":false,"_VenueShowMapLink":false,"footnotes":""},"class_list":["post-477","page","type-page","status-publish","hentry"],"acf":[],"mb":[],"uagb_featured_image_src":{"full":false,"thumbnail":false,"medium":false,"medium_large":false,"large":false,"1536x1536":false,"2048x2048":false,"mailpoet_newsletter_max":false},"uagb_author_info":{"display_name":"admin7534","author_link":"https:\/\/sosforetfrance.org\/author\/admin7534\/"},"uagb_comment_info":0,"uagb_excerpt":"For\u00eat et changement climatique : Kelsey Perlman et Sylvain Angerand auditionn\u00e9s par le d\u00e9put\u00e9 Hugo Bernalicis Audition de Xavier Morin du CNRS et Nicolas Martin de l&rsquo;INRA par le d\u00e9put\u00e9 [&hellip;]","mfb_rest_fields":["title","uagb_featured_image_src","uagb_author_info","uagb_comment_info","uagb_excerpt"],"_links":{"self":[{"href":"https:\/\/sosforetfrance.org\/index.php\/wp-json\/wp\/v2\/pages\/477","targetHints":{"allow":["GET"]}}],"collection":[{"href":"https:\/\/sosforetfrance.org\/index.php\/wp-json\/wp\/v2\/pages"}],"about":[{"href":"https:\/\/sosforetfrance.org\/index.php\/wp-json\/wp\/v2\/types\/page"}],"author":[{"embeddable":true,"href":"https:\/\/sosforetfrance.org\/index.php\/wp-json\/wp\/v2\/users\/1"}],"replies":[{"embeddable":true,"href":"https:\/\/sosforetfrance.org\/index.php\/wp-json\/wp\/v2\/comments?post=477"}],"version-history":[{"count":0,"href":"https:\/\/sosforetfrance.org\/index.php\/wp-json\/wp\/v2\/pages\/477\/revisions"}],"wp:attachment":[{"href":"https:\/\/sosforetfrance.org\/index.php\/wp-json\/wp\/v2\/media?parent=477"}],"curies":[{"name":"wp","href":"https:\/\/api.w.org\/{rel}","templated":true}]}}