{"id":578,"date":"2019-10-29T09:36:06","date_gmt":"2019-10-29T08:36:06","guid":{"rendered":"http:\/\/sosforetfrance.org\/?page_id=578"},"modified":"2025-06-02T10:07:02","modified_gmt":"2025-06-02T08:07:02","slug":"le-manifeste-de-troncais-bis","status":"publish","type":"page","link":"https:\/\/sosforetfrance.org\/index.php\/le-manifeste-de-troncais-bis\/","title":{"rendered":"Le Manifeste de Tron\u00e7ais"},"content":{"rendered":"\n<h2 class=\"wp-block-heading\" id=\"pour-la-foret-francaise-notre-bien-commun\">pour la for\u00eat fran\u00e7aise, notre bien commun<\/h2>\n\n\n\n<figure class=\"wp-block-image\"><img loading=\"lazy\" decoding=\"async\" width=\"1024\" height=\"356\" src=\"http:\/\/sosforetfrance.org\/wp-content\/uploads\/2019\/10\/logos-manifeste-de-troncais-1024x356.jpg\" alt=\"Logos manifeste de Tron\u00e7ais\" class=\"wp-image-585\" srcset=\"https:\/\/sosforetfrance.org\/wp-content\/uploads\/2019\/10\/logos-manifeste-de-troncais-1024x356.jpg 1024w, https:\/\/sosforetfrance.org\/wp-content\/uploads\/2019\/10\/logos-manifeste-de-troncais-300x104.jpg 300w, https:\/\/sosforetfrance.org\/wp-content\/uploads\/2019\/10\/logos-manifeste-de-troncais-768x267.jpg 768w, https:\/\/sosforetfrance.org\/wp-content\/uploads\/2019\/10\/logos-manifeste-de-troncais-350x122.jpg 350w, https:\/\/sosforetfrance.org\/wp-content\/uploads\/2019\/10\/logos-manifeste-de-troncais.jpg 1191w\" sizes=\"auto, (max-width: 1024px) 100vw, 1024px\" \/><\/figure>\n\n\n\n<p>\u00ab <em>La plan\u00e8te Terre n\u2019a pas besoin d\u2019\u00e9missions de CO2 suppl\u00e9mentaires. Elle a besoin de r\u00e9silience et de\n<\/em><em>for\u00eats qui la refroidissent. <\/em>\u00bb C\u2019est en ces termes que le 25 septembre 2017, 190 scientifiques de la\ncommunaut\u00e9 internationale [1] ont interpell\u00e9 les responsables de l\u2019Union Europ\u00e9enne, posant ainsi en termes\nclairs l\u2019enjeu vital pour la biosph\u00e8re d\u2019une gestion foresti\u00e8re r\u00e9ellement durable.\n<\/p>\n\n\n\n<p>La for\u00eat n\u2019est pas un objet de sp\u00e9culation financi\u00e8re de court terme.\n<\/p>\n\n\n\n<p>C\u2019est le rempart de nos enfants face \u00e0 une crise \u00e9cologique et climatique qui s\u2019emballe. C\u2019est l\u2019eau potable,\nla biodiversit\u00e9 et la r\u00e9silience, l\u2019\u00e9puration de l\u2019air, le stockage d\u2019une partie du carbone en exc\u00e8s dans\nl\u2019atmosph\u00e8re et la possibilit\u00e9 d\u2019en stocker dans le bois mat\u00e9riau. C\u2019est aussi notre lieu de connexion avec la\nNature. Renoncer \u00e0 tous ces bienfaits serait pure folie. C\u2019est pourtant ce qui se profile en Europe et en\nFrance, m\u00e9tropolitaine comme dans les d\u00e9partements ultramarins, avec les incitations croissantes \u00e0\ntransformer les for\u00eats pour satisfaire des app\u00e9tits industriels de court terme non soutenables. Comble du\ncynisme, ces orientations sont pr\u00e9sent\u00e9es depuis le Grenelle de l\u2019environnement sous couvert d\u2019\u00e9cologie.\n<\/p>\n\n\n\n<p>Les for\u00eats publiques fran\u00e7aises incarnent particuli\u00e8rement ces enjeux. Bien qu\u2019elles ne repr\u00e9sentent que 25%\ndes surfaces foresti\u00e8res de France m\u00e9tropolitaine, elles correspondent aux c\u0153urs historiques des massifs\nforestiers. Ce sont des surfaces bois\u00e9es depuis de nombreux si\u00e8cles, qui concentrent les \u00e9cosyst\u00e8mes les\nplus matures, et ainsi les stocks de biodiversit\u00e9 et de carbone les plus cons\u00e9quents de tous les \u00e9cosyst\u00e8mes.\n<\/p>\n\n\n\n<p>Le droit forestier fran\u00e7ais, vant\u00e9 dans le monde entier comme une pr\u00e9figuration historique du concept de\ngestion durable, consacre la for\u00eat comme bien commun. Il pr\u00e9voit des outils de protection des for\u00eats priv\u00e9es\net publiques par les pouvoirs publics.\n<\/p>\n\n\n\n<p>Pourtant le principal instrument de cette politique, l\u2019Office National des For\u00eats, subit un v\u00e9ritable\nd\u00e9tournement de ses missions d\u2019int\u00e9r\u00eat g\u00e9n\u00e9ral. La privatisation en cours de ses activit\u00e9s r\u00e9galiennes\npr\u00e9figure la disparition de ce service public et une politique foresti\u00e8re au rabais. Ces \u00e9volutions actuelles \u00e0\nl&rsquo;ONF et celles \u00e0 l&rsquo;\u0153uvre dans le priv\u00e9 menacent de tirer vers le bas toutes les \u00ab garanties de gestion\ndurable \u00bb, en for\u00eat publique comme en for\u00eat priv\u00e9e.\n<\/p>\n\n\n\n<p>La d\u00e9marche de privatisation de l\u2019Office National des For\u00eats, et l\u2019industrialisation croissante qui l\u2019accompagne\ndoivent \u00eatre reconsid\u00e9r\u00e9es au regard des multiples enjeux des for\u00eats pour la soci\u00e9t\u00e9 d\u2019aujourd\u2019hui (climat,\nbiodiversit\u00e9, emploi et \u00e9conomie). La notion de bien commun impose par ailleurs que la soci\u00e9t\u00e9 civile prenne\npart aux d\u00e9cisions foresti\u00e8res, et dispose d\u2019un droit de regard sur la gestion des for\u00eats publiques qu\u2019elle re\u00e7oit\nen h\u00e9ritage et doit transmettre \u00e0 ses enfants.\n<\/p>\n\n\n\n<p>Nous soussign\u00e9s, citoyens et repr\u00e9sentants d\u2019organisations concern\u00e9s par le sort de la biosph\u00e8re, r\u00e9unis ce\n25 octobre 2018 au pied des ch\u00eanes pluri-centenaires de la For\u00eat Domaniale de Tron\u00e7ais, demandons\nsolennellement la convocation d\u2019un grand d\u00e9bat public, que la for\u00eat fran\u00e7aise m\u00e9rite aujourd\u2019hui plus que\njamais depuis plus d\u2019un si\u00e8cle.\n<\/p>\n\n\n\n<p><strong>Mobilis\u00e9s, vigilants et unis, nous entendons nous rencontrer r\u00e9guli\u00e8rement pour d\u00e9battre des orientations cruciales de la politique foresti\u00e8re, \u00e9largir et amplifier la dynamique enclench\u00e9e ce jour. <\/strong><\/p>\n\n\n\n<div data-wp-interactive=\"core\/file\" class=\"wp-block-file\"><object data-wp-bind--hidden=\"!state.hasPdfPreview\" hidden class=\"wp-block-file__embed\" data=\"https:\/\/sosforetfrance.org\/wp-content\/uploads\/2019\/10\/manifeste_de_troncais-2.pdf\" type=\"application\/pdf\" style=\"width:100%;height:600px\" aria-label=\"Contenu embarqu\u00e9 manifeste_de_troncais-2.\"><\/object><a id=\"wp-block-file--media-88f16601-9bcc-4996-a82c-7d438b5c4ca3\" href=\"https:\/\/sosforetfrance.org\/wp-content\/uploads\/2019\/10\/manifeste_de_troncais-2.pdf\">manifeste_de_troncais-2<\/a><a href=\"https:\/\/sosforetfrance.org\/wp-content\/uploads\/2019\/10\/manifeste_de_troncais-2.pdf\" class=\"wp-block-file__button wp-element-button\" download aria-describedby=\"wp-block-file--media-88f16601-9bcc-4996-a82c-7d438b5c4ca3\">T\u00e9l\u00e9charger<\/a><\/div>\n","protected":false},"excerpt":{"rendered":"<p>pour la for\u00eat fran\u00e7aise, notre bien commun \u00ab La plan\u00e8te Terre n\u2019a pas besoin d\u2019\u00e9missions de CO2 suppl\u00e9mentaires. Elle a besoin de r\u00e9silience et de for\u00eats qui la refroidissent. \u00bb [&hellip;]<\/p>\n","protected":false},"author":1,"featured_media":0,"parent":0,"menu_order":0,"comment_status":"closed","ping_status":"closed","template":"","meta":{"_acf_changed":false,"_gspb_post_css":"","_uag_custom_page_level_css":"","_EventAllDay":false,"_EventTimezone":"","_EventStartDate":"","_EventEndDate":"","_EventStartDateUTC":"","_EventEndDateUTC":"","_EventShowMap":false,"_EventShowMapLink":false,"_EventURL":"","_EventCost":"","_EventCostDescription":"","_EventCurrencySymbol":"","_EventCurrencyCode":"","_EventCurrencyPosition":"","_EventDateTimeSeparator":"","_EventTimeRangeSeparator":"","_EventOrganizerID":[],"_EventVenueID":[],"_OrganizerEmail":"","_OrganizerPhone":"","_OrganizerWebsite":"","_VenueAddress":"","_VenueCity":"","_VenueCountry":"","_VenueProvince":"","_VenueState":"","_VenueZip":"","_VenuePhone":"","_VenueURL":"","_VenueStateProvince":"","_VenueLat":"","_VenueLng":"","_VenueShowMap":false,"_VenueShowMapLink":false,"footnotes":""},"class_list":["post-578","page","type-page","status-publish","hentry"],"acf":[],"mb":[],"uagb_featured_image_src":{"full":false,"thumbnail":false,"medium":false,"medium_large":false,"large":false,"1536x1536":false,"2048x2048":false,"mailpoet_newsletter_max":false},"uagb_author_info":{"display_name":"admin7534","author_link":"https:\/\/sosforetfrance.org\/author\/admin7534\/"},"uagb_comment_info":0,"uagb_excerpt":"pour la for\u00eat fran\u00e7aise, notre bien commun \u00ab La plan\u00e8te Terre n\u2019a pas besoin d\u2019\u00e9missions de CO2 suppl\u00e9mentaires. Elle a besoin de r\u00e9silience et de for\u00eats qui la refroidissent. \u00bb [&hellip;]","mfb_rest_fields":["title","uagb_featured_image_src","uagb_author_info","uagb_comment_info","uagb_excerpt"],"_links":{"self":[{"href":"https:\/\/sosforetfrance.org\/index.php\/wp-json\/wp\/v2\/pages\/578","targetHints":{"allow":["GET"]}}],"collection":[{"href":"https:\/\/sosforetfrance.org\/index.php\/wp-json\/wp\/v2\/pages"}],"about":[{"href":"https:\/\/sosforetfrance.org\/index.php\/wp-json\/wp\/v2\/types\/page"}],"author":[{"embeddable":true,"href":"https:\/\/sosforetfrance.org\/index.php\/wp-json\/wp\/v2\/users\/1"}],"replies":[{"embeddable":true,"href":"https:\/\/sosforetfrance.org\/index.php\/wp-json\/wp\/v2\/comments?post=578"}],"version-history":[{"count":1,"href":"https:\/\/sosforetfrance.org\/index.php\/wp-json\/wp\/v2\/pages\/578\/revisions"}],"predecessor-version":[{"id":13010,"href":"https:\/\/sosforetfrance.org\/index.php\/wp-json\/wp\/v2\/pages\/578\/revisions\/13010"}],"wp:attachment":[{"href":"https:\/\/sosforetfrance.org\/index.php\/wp-json\/wp\/v2\/media?parent=578"}],"curies":[{"name":"wp","href":"https:\/\/api.w.org\/{rel}","templated":true}]}}