{"id":729,"date":"2019-12-05T01:07:37","date_gmt":"2019-12-05T00:07:37","guid":{"rendered":"https:\/\/sosforetfrance.org\/?page_id=729"},"modified":"2019-12-05T01:07:38","modified_gmt":"2019-12-05T00:07:38","slug":"la-commission-dans-lorleanais","status":"publish","type":"page","link":"https:\/\/sosforetfrance.org\/index.php\/la-commission-dans-lorleanais\/","title":{"rendered":"La commission dans l&rsquo;Orl\u00e9anais"},"content":{"rendered":"\n<p>La commission c\u2019est rendue dans la for\u00eat de Latingy avec le collectif Village de la Loire, mobilis\u00e9 contre le d\u00e9boisement cette for\u00eat en vue de la construction d\u2019un pont sur la Loire.<\/p>\n\n\n\n<figure class=\"wp-block-embed-youtube wp-block-embed is-type-video is-provider-youtube wp-embed-aspect-16-9 wp-has-aspect-ratio\"><div class=\"wp-block-embed__wrapper\">\n<iframe loading=\"lazy\" title=\"COMMISSION D&#039;ENQU\u00caTE CITOYENNE &quot;FOR\u00caTS, BIENS COMMUNS&quot; D\u00c9LOCALIS\u00c9E DANS LA FOR\u00caT DE LATINGY PARTIE 1\" width=\"500\" height=\"281\" src=\"https:\/\/www.youtube.com\/embed\/Hy74p7OKlaA?start=18&#038;feature=oembed\" frameborder=\"0\" allow=\"accelerometer; autoplay; clipboard-write; encrypted-media; gyroscope; picture-in-picture; web-share\" referrerpolicy=\"strict-origin-when-cross-origin\" allowfullscreen><\/iframe>\n<\/div><figcaption>Partie 1<\/figcaption><\/figure>\n\n\n\n<figure class=\"wp-block-embed-youtube wp-block-embed is-type-video is-provider-youtube wp-embed-aspect-16-9 wp-has-aspect-ratio\"><div class=\"wp-block-embed__wrapper\">\n<iframe loading=\"lazy\" title=\"COMMISSION D&#039;ENQU\u00caTE CITOYENNE &quot;FOR\u00caTS, BIENS COMMUNS&quot; D\u00c9LOCALIS\u00c9E DANS LA FOR\u00caT DE LATINGY PARTIE 2\" width=\"500\" height=\"281\" src=\"https:\/\/www.youtube.com\/embed\/H09uUUlomb8?start=26&#038;feature=oembed\" frameborder=\"0\" allow=\"accelerometer; autoplay; clipboard-write; encrypted-media; gyroscope; picture-in-picture; web-share\" referrerpolicy=\"strict-origin-when-cross-origin\" allowfullscreen><\/iframe>\n<\/div><figcaption>Partie 2<\/figcaption><\/figure>\n","protected":false},"excerpt":{"rendered":"<p>La commission c\u2019est rendue dans la for\u00eat de Latingy avec le collectif Village de la Loire, mobilis\u00e9 contre le d\u00e9boisement cette for\u00eat en vue de la construction d\u2019un pont sur [&hellip;]<\/p>\n","protected":false},"author":1,"featured_media":0,"parent":0,"menu_order":0,"comment_status":"closed","ping_status":"closed","template":"","meta":{"_acf_changed":false,"_gspb_post_css":"","_uag_custom_page_level_css":"","_EventAllDay":false,"_EventTimezone":"","_EventStartDate":"","_EventEndDate":"","_EventStartDateUTC":"","_EventEndDateUTC":"","_EventShowMap":false,"_EventShowMapLink":false,"_EventURL":"","_EventCost":"","_EventCostDescription":"","_EventCurrencySymbol":"","_EventCurrencyCode":"","_EventCurrencyPosition":"","_EventDateTimeSeparator":"","_EventTimeRangeSeparator":"","_EventOrganizerID":[],"_EventVenueID":[],"_OrganizerEmail":"","_OrganizerPhone":"","_OrganizerWebsite":"","_VenueAddress":"","_VenueCity":"","_VenueCountry":"","_VenueProvince":"","_VenueState":"","_VenueZip":"","_VenuePhone":"","_VenueURL":"","_VenueStateProvince":"","_VenueLat":"","_VenueLng":"","_VenueShowMap":false,"_VenueShowMapLink":false,"footnotes":""},"class_list":["post-729","page","type-page","status-publish","hentry"],"acf":[],"mb":[],"uagb_featured_image_src":{"full":false,"thumbnail":false,"medium":false,"medium_large":false,"large":false,"1536x1536":false,"2048x2048":false,"mailpoet_newsletter_max":false},"uagb_author_info":{"display_name":"admin7534","author_link":"https:\/\/sosforetfrance.org\/author\/admin7534\/"},"uagb_comment_info":0,"uagb_excerpt":"La commission c\u2019est rendue dans la for\u00eat de Latingy avec le collectif Village de la Loire, mobilis\u00e9 contre le d\u00e9boisement cette for\u00eat en vue de la construction d\u2019un pont sur [&hellip;]","mfb_rest_fields":["title","uagb_featured_image_src","uagb_author_info","uagb_comment_info","uagb_excerpt"],"_links":{"self":[{"href":"https:\/\/sosforetfrance.org\/index.php\/wp-json\/wp\/v2\/pages\/729","targetHints":{"allow":["GET"]}}],"collection":[{"href":"https:\/\/sosforetfrance.org\/index.php\/wp-json\/wp\/v2\/pages"}],"about":[{"href":"https:\/\/sosforetfrance.org\/index.php\/wp-json\/wp\/v2\/types\/page"}],"author":[{"embeddable":true,"href":"https:\/\/sosforetfrance.org\/index.php\/wp-json\/wp\/v2\/users\/1"}],"replies":[{"embeddable":true,"href":"https:\/\/sosforetfrance.org\/index.php\/wp-json\/wp\/v2\/comments?post=729"}],"version-history":[{"count":0,"href":"https:\/\/sosforetfrance.org\/index.php\/wp-json\/wp\/v2\/pages\/729\/revisions"}],"wp:attachment":[{"href":"https:\/\/sosforetfrance.org\/index.php\/wp-json\/wp\/v2\/media?parent=729"}],"curies":[{"name":"wp","href":"https:\/\/api.w.org\/{rel}","templated":true}]}}