{"id":7913,"date":"2024-09-09T16:14:51","date_gmt":"2024-09-09T14:14:51","guid":{"rendered":"https:\/\/sosforetfrance.org\/?page_id=7913"},"modified":"2026-01-12T23:24:21","modified_gmt":"2026-01-12T22:24:21","slug":"adherer-a-sos-foret-france","status":"publish","type":"page","link":"https:\/\/sosforetfrance.org\/index.php\/adherer-a-sos-foret-france\/","title":{"rendered":"Adh\u00e9rer \u00e0 SOS For\u00eat France"},"content":{"rendered":"\n<h3 class=\"wp-block-heading has-basecolor-color has-text-color has-link-color wp-elements-160d616091686766696aa8d9f701508b\" id=\"votre-structure-souscrit-au-principes-de-sos-foret-et-en-partage-la-vision-demandez-votre-adhesion-c-est-en-unissant-nos-forces-tout-en-etant-presents-partout-sur-le-territoire-que-nous-pourrons-defendre-plus-efficacement-les-ecosystemes-forestiers-pour-adherer-merci-de-remplir-le-formulaire-ci-dessous-vous-serez-recontacte-tres-bientot-aux-termes-de-nos-statuts-votre-adhesion-doit-etre-confirmee-par-le-conseil-d-administration-de-sos-foret-france\">Votre structure souscrit aux principes de SOS For\u00eat et en partage la vision ? Demandez votre adh\u00e9sion !<\/h3>\n\n\n\n<h3 class=\"wp-block-heading\" id=\"c-est-en-unissant-nos-forces-tout-en-etant-presents-partout-sur-le-territoire-que-nous-pourrons-defendre-plus-efficacement-les-ecosystemes-forestiers\">C&rsquo;est en unissant nos forces, tout en \u00e9tant pr\u00e9sents partout sur le territoire que nous pourrons d\u00e9fendre plus efficacement les \u00e9cosyst\u00e8mes forestiers.<\/h3>\n\n\n\n<p><strong>Pour adh\u00e9rer, merci de remplir le formulaire ci-dessous, vous serez recontact\u00e9 tr\u00e8s bient\u00f4t (aux termes de nos statuts, votre adh\u00e9sion doit \u00eatre confirm\u00e9e par le conseil d&rsquo;administration de SOS For\u00eat France).<\/strong><\/p>\n\n\n\n<div style=\"height:16px\" aria-hidden=\"true\" class=\"wp-block-spacer\"><\/div>\n\n\n\n<div class=\"wp-block-group has-global-padding is-layout-constrained wp-container-core-group-is-layout-727c16a0 wp-block-group-is-layout-constrained\" style=\"margin-top:var(--wp--preset--spacing--20);margin-bottom:var(--wp--preset--spacing--20);padding-top:0;padding-right:0;padding-bottom:0;padding-left:0\">\n<p class=\"has-border-color has-background has-small-font-size\" style=\"border-color:#289744;border-width:3px;border-radius:5px;background-color:#f2fbf1;margin-top:0;margin-bottom:0\">\u2757Afin de ne pas priver les structures locales de leurs ressources, <strong>les adh\u00e9sions ne sont pas ouvertes aux personnes physiques<\/strong>. Si vous \u00eates un particulier, vous pouvez nous aider en rejoignant l&rsquo;une des <a href=\"https:\/\/sosforetfrance.org\/index.php\/membres\/\"><strong>organisations membres de SOS For\u00eat<\/strong><\/a>, en incitant votre collectif \u00e0 nous rejoindre, en cr\u00e9ant votre propre structure s&rsquo;il n&rsquo;en existe pas pr\u00e8s de chez vous (pas de panique, nous sommes l\u00e0 pour vous aider&nbsp;!), en parlant de <strong>SOS For\u00eat France<\/strong> autour de vous et en relayant nos publications ou <a href=\"https:\/\/sosforetfrance.org\/index.php\/je-fais-un-don\/\"><strong>en faisant un don<\/strong><\/a>.<\/p>\n<\/div>\n\n\n\t\t\t<iframe\n\t\t\t\tid=\"idIframe\"\n\t\t\t\tsrc=\"https:\/\/www.helloasso.com\/associations\/sos-foret-france\/adhesions\/adhesion-2026-a-sos-foret-france\/widget\"\n\t\t\t\theight=750px\"\t\t\t\twidth=100%\"\t\t\t\tframeborder=\"0\"\n\t\t\t\tloading=\"lazy\"\n\t\t\t\tallowtransparency=\"true\"\n\t\t\t\tonload=\"resizeIframeMessage()\"><\/iframe>\n\n\n\n\n<p class=\"has-small-font-size\"><\/p>\n","protected":false},"excerpt":{"rendered":"<p>Votre structure souscrit aux principes de SOS For\u00eat et en partage la vision ? Demandez votre adh\u00e9sion ! C&rsquo;est en unissant nos forces, tout en \u00e9tant pr\u00e9sents partout sur le [&hellip;]<\/p>\n","protected":false},"author":10,"featured_media":0,"parent":0,"menu_order":0,"comment_status":"closed","ping_status":"closed","template":"","meta":{"_acf_changed":false,"_gspb_post_css":"","_uag_custom_page_level_css":"","_EventAllDay":false,"_EventTimezone":"","_EventStartDate":"","_EventEndDate":"","_EventStartDateUTC":"","_EventEndDateUTC":"","_EventShowMap":false,"_EventShowMapLink":false,"_EventURL":"","_EventCost":"","_EventCostDescription":"","_EventCurrencySymbol":"","_EventCurrencyCode":"","_EventCurrencyPosition":"","_EventDateTimeSeparator":"","_EventTimeRangeSeparator":"","_EventOrganizerID":[],"_EventVenueID":[],"_OrganizerEmail":"","_OrganizerPhone":"","_OrganizerWebsite":"","_VenueAddress":"","_VenueCity":"","_VenueCountry":"","_VenueProvince":"","_VenueState":"","_VenueZip":"","_VenuePhone":"","_VenueURL":"","_VenueStateProvince":"","_VenueLat":"","_VenueLng":"","_VenueShowMap":false,"_VenueShowMapLink":false,"footnotes":""},"class_list":["post-7913","page","type-page","status-publish","hentry"],"mb":[],"acf":[],"uagb_featured_image_src":{"full":false,"thumbnail":false,"medium":false,"medium_large":false,"large":false,"1536x1536":false,"2048x2048":false,"mailpoet_newsletter_max":false},"uagb_author_info":{"display_name":"Marie-Anne Guillemain","author_link":"https:\/\/sosforetfrance.org\/author\/mag\/"},"uagb_comment_info":0,"uagb_excerpt":"Votre structure souscrit aux principes de SOS For\u00eat et en partage la vision ? Demandez votre adh\u00e9sion ! C&rsquo;est en unissant nos forces, tout en \u00e9tant pr\u00e9sents partout sur le [&hellip;]","mfb_rest_fields":["title","uagb_featured_image_src","uagb_author_info","uagb_comment_info","uagb_excerpt"],"_links":{"self":[{"href":"https:\/\/sosforetfrance.org\/index.php\/wp-json\/wp\/v2\/pages\/7913","targetHints":{"allow":["GET"]}}],"collection":[{"href":"https:\/\/sosforetfrance.org\/index.php\/wp-json\/wp\/v2\/pages"}],"about":[{"href":"https:\/\/sosforetfrance.org\/index.php\/wp-json\/wp\/v2\/types\/page"}],"author":[{"embeddable":true,"href":"https:\/\/sosforetfrance.org\/index.php\/wp-json\/wp\/v2\/users\/10"}],"replies":[{"embeddable":true,"href":"https:\/\/sosforetfrance.org\/index.php\/wp-json\/wp\/v2\/comments?post=7913"}],"version-history":[{"count":14,"href":"https:\/\/sosforetfrance.org\/index.php\/wp-json\/wp\/v2\/pages\/7913\/revisions"}],"predecessor-version":[{"id":15225,"href":"https:\/\/sosforetfrance.org\/index.php\/wp-json\/wp\/v2\/pages\/7913\/revisions\/15225"}],"wp:attachment":[{"href":"https:\/\/sosforetfrance.org\/index.php\/wp-json\/wp\/v2\/media?parent=7913"}],"curies":[{"name":"wp","href":"https:\/\/api.w.org\/{rel}","templated":true}]}}