{"id":834,"date":"2020-02-10T20:15:52","date_gmt":"2020-02-10T19:15:52","guid":{"rendered":"https:\/\/sosforetfrance.org\/?page_id=834"},"modified":"2020-07-31T11:03:00","modified_gmt":"2020-07-31T09:03:00","slug":"les-actes-et-propositions-des-assises","status":"publish","type":"page","link":"https:\/\/sosforetfrance.org\/index.php\/les-actes-et-propositions-des-assises\/","title":{"rendered":"Assises : synth\u00e8se pdf"},"content":{"rendered":"\n<p><strong><a href=\"https:\/\/sosforetfrance.org\/index.php\/assises-les-17-propositions\/\">Consulter les 17 propositions pour faire \u00e9voluer la loi<\/a><\/strong><\/p>\n\n\n\n<p><strong><a href=\"https:\/\/sosforetfrance.org\/index.php\/assises-lessentiel-des-actes\/\">Consulter les actes des assises<\/a><\/strong><\/p>\n\n\n\n<p><strong>Consulter ou t\u00e9l\u00e9charger le pdf des actes et des 17 propositions :<\/strong><\/p>\n\n\n\n<p>[gview file=\u00a0\u00bbhttp:\/\/sosforetfrance.org\/wp-content\/uploads\/2020\/03\/Actes-Propositions-Assises-v8-DIFF-SOSforetfrance.pdf\u00a0\u00bb]<\/p>\n","protected":false},"excerpt":{"rendered":"<p>Consulter les 17 propositions pour faire \u00e9voluer la loi Consulter les actes des assises Consulter ou t\u00e9l\u00e9charger le pdf des actes et des 17 propositions : [gview file=\u00a0\u00bbhttp:\/\/sosforetfrance.org\/wp-content\/uploads\/2020\/03\/Actes-Propositions-Assises-v8-DIFF-SOSforetfrance.pdf\u00a0\u00bb]<\/p>\n","protected":false},"author":1,"featured_media":0,"parent":0,"menu_order":0,"comment_status":"closed","ping_status":"closed","template":"","meta":{"_acf_changed":false,"_gspb_post_css":"","_uag_custom_page_level_css":"","_EventAllDay":false,"_EventTimezone":"","_EventStartDate":"","_EventEndDate":"","_EventStartDateUTC":"","_EventEndDateUTC":"","_EventShowMap":false,"_EventShowMapLink":false,"_EventURL":"","_EventCost":"","_EventCostDescription":"","_EventCurrencySymbol":"","_EventCurrencyCode":"","_EventCurrencyPosition":"","_EventDateTimeSeparator":"","_EventTimeRangeSeparator":"","_EventOrganizerID":[],"_EventVenueID":[],"_OrganizerEmail":"","_OrganizerPhone":"","_OrganizerWebsite":"","_VenueAddress":"","_VenueCity":"","_VenueCountry":"","_VenueProvince":"","_VenueState":"","_VenueZip":"","_VenuePhone":"","_VenueURL":"","_VenueStateProvince":"","_VenueLat":"","_VenueLng":"","_VenueShowMap":false,"_VenueShowMapLink":false,"footnotes":""},"class_list":["post-834","page","type-page","status-publish","hentry"],"mb":[],"acf":[],"uagb_featured_image_src":{"full":false,"thumbnail":false,"medium":false,"medium_large":false,"large":false,"1536x1536":false,"2048x2048":false,"mailpoet_newsletter_max":false},"uagb_author_info":{"display_name":"admin7534","author_link":"https:\/\/sosforetfrance.org\/author\/admin7534\/"},"uagb_comment_info":0,"uagb_excerpt":"Consulter les 17 propositions pour faire \u00e9voluer la loi Consulter les actes des assises Consulter ou t\u00e9l\u00e9charger le pdf des actes et des 17 propositions : [gview file=\u00a0\u00bbhttp:\/\/sosforetfrance.org\/wp-content\/uploads\/2020\/03\/Actes-Propositions-Assises-v8-DIFF-SOSforetfrance.pdf\u00a0\u00bb]","mfb_rest_fields":["title","uagb_featured_image_src","uagb_author_info","uagb_comment_info","uagb_excerpt"],"_links":{"self":[{"href":"https:\/\/sosforetfrance.org\/index.php\/wp-json\/wp\/v2\/pages\/834","targetHints":{"allow":["GET"]}}],"collection":[{"href":"https:\/\/sosforetfrance.org\/index.php\/wp-json\/wp\/v2\/pages"}],"about":[{"href":"https:\/\/sosforetfrance.org\/index.php\/wp-json\/wp\/v2\/types\/page"}],"author":[{"embeddable":true,"href":"https:\/\/sosforetfrance.org\/index.php\/wp-json\/wp\/v2\/users\/1"}],"replies":[{"embeddable":true,"href":"https:\/\/sosforetfrance.org\/index.php\/wp-json\/wp\/v2\/comments?post=834"}],"version-history":[{"count":0,"href":"https:\/\/sosforetfrance.org\/index.php\/wp-json\/wp\/v2\/pages\/834\/revisions"}],"wp:attachment":[{"href":"https:\/\/sosforetfrance.org\/index.php\/wp-json\/wp\/v2\/media?parent=834"}],"curies":[{"name":"wp","href":"https:\/\/api.w.org\/{rel}","templated":true}]}}