{"id":859,"date":"2020-02-11T11:58:56","date_gmt":"2020-02-11T10:58:56","guid":{"rendered":"https:\/\/sosforetfrance.org\/?page_id=859"},"modified":"2020-02-11T19:00:35","modified_gmt":"2020-02-11T18:00:35","slug":"mesure-5","status":"publish","type":"page","link":"https:\/\/sosforetfrance.org\/index.php\/mesure-5\/","title":{"rendered":"M5 libre \u00e9volution"},"content":{"rendered":"\n<h3 class=\"wp-block-heading\">Reconna\u00eetre l\u2019importance <br>des for\u00eats en libre-\u00e9volution<\/h3>\n\n\n\n<p><strong>Laisser au niveau national 25\u202f% de la surface de la for\u00eat fran\u00e7aise en libre \u00e9volution avec une garantie de long terme, et avec un minimum de 10\u202f% dans chaque r\u00e9gion.<\/strong><\/p>\n\n\n\n<h4 class=\"wp-block-heading\">Contexte \/ D\u00e9finitions\u2009:<\/h4>\n\n\n\n<p>Les arbres \u00e2g\u00e9s, le bois mort sous toutes ses formes et les \u00e9cosyst\u00e8mes caract\u00e9ristiques des for\u00eats en libre-\u00e9volution sont les supports de vie d\u2019un quart de la biodiversit\u00e9 terrestre.<br>Les for\u00eats en libre-\u00e9volution sont par ailleurs un laboratoire d\u2019observation pr\u00e9cieux dans lequel s\u2019expriment des m\u00e9canismes de r\u00e9gulation naturelle peut-\u00eatre indispensables \u00e0 conna\u00eetre pour g\u00e9rer les for\u00eats face aux bouleversements \u00e9cologiques.<br>Enfin, ces espaces sont essentiels pour la reconnexion de l\u2019Homme avec la nature, et l\u2019appr\u00e9hension du temps long de vie des arbres et de maturation des \u00e9cosyst\u00e8mes.<br>Ils sont aujourd\u2019hui toujours stigmatis\u00e9s, avec des menaces r\u00e9guli\u00e8res, par exemple en for\u00eat, d\u2019aller vers une l\u00e9gislation contraignant le propri\u00e9taire \u00e0 leur exploitation, y compris au m\u00e9pris du droit de propri\u00e9t\u00e9.<\/p>\n\n\n\n<h4 class=\"wp-block-heading\">R\u00e9glementation\u2009:<\/h4>\n\n\n\n<p>Reconna\u00eetre dans le code forestier et les documents de cadrage de la politique foresti\u00e8re nationale et r\u00e9gionale (ORF, DRA\/SRA) la libre \u00e9volution vers la pleine naturalit\u00e9 comme un mode de traitement sylvicole.<\/p>\n\n\n\n<h4 class=\"wp-block-heading\">Incitations \/ Financement\u2009:<\/h4>\n\n\n\n<p>Inciter les propri\u00e9taires priv\u00e9s \u00e0 affecter, tout ou partie, de leur patrimoine forestier \u00e0 la libre-\u00e9volution sur le long terme (&gt;100 ans) en supprimant la taxe fonci\u00e8re sur ces surfaces et en couplant un dispositif financier aux obligations r\u00e9elles environnementales permettant de d\u00e9frayer la perte de production et de financer des inventaires et des \u00e9tudes de biodiversit\u00e9.<br>Compl\u00e9ter ce dispositif par d\u2019autres m\u00e9canismes de paiement pour services environnementaux (type contrat Natura 2000) pour encourager la cr\u00e9ation d\u2019\u00eelots de s\u00e9nescence en for\u00eat g\u00e9r\u00e9e.<br>Dans les for\u00eats publiques, augmenter le nombre de R\u00e9serves Biologiques Int\u00e9grales et d\u2019\u00eelots de s\u00e9nescence.<br>Arr\u00eater de subventionner des \u00e9quipements pour exploiter des for\u00eats inexploitables c\u2019est-\u00e0-dire en zone d\u2019exploitabilit\u00e9 difficile \u00e0 tr\u00e8s difficile tel que d\u00e9fini par l\u2019IGN (<a href=\"https:\/\/inventaire-forestier.ign.fr\/spip.php?article595\" target=\"_blank\" rel=\"noreferrer noopener\" aria-label=\"https\u2009:\/\/inventaire- forestier.ign.fr\/spip.php?article595 (s\u2019ouvre dans un nouvel onglet)\">https\u2009:\/\/inventaire- forestier.ign.fr\/spip.php?article595<\/a>).<\/p>\n","protected":false},"excerpt":{"rendered":"<p>Reconna\u00eetre l\u2019importance des for\u00eats en libre-\u00e9volution Laisser au niveau national 25\u202f% de la surface de la for\u00eat fran\u00e7aise en libre \u00e9volution avec une garantie de long terme, et avec un [&hellip;]<\/p>\n","protected":false},"author":1,"featured_media":0,"parent":0,"menu_order":0,"comment_status":"closed","ping_status":"closed","template":"","meta":{"_acf_changed":false,"_gspb_post_css":"","_uag_custom_page_level_css":"","_EventAllDay":false,"_EventTimezone":"","_EventStartDate":"","_EventEndDate":"","_EventStartDateUTC":"","_EventEndDateUTC":"","_EventShowMap":false,"_EventShowMapLink":false,"_EventURL":"","_EventCost":"","_EventCostDescription":"","_EventCurrencySymbol":"","_EventCurrencyCode":"","_EventCurrencyPosition":"","_EventDateTimeSeparator":"","_EventTimeRangeSeparator":"","_EventOrganizerID":[],"_EventVenueID":[],"_OrganizerEmail":"","_OrganizerPhone":"","_OrganizerWebsite":"","_VenueAddress":"","_VenueCity":"","_VenueCountry":"","_VenueProvince":"","_VenueState":"","_VenueZip":"","_VenuePhone":"","_VenueURL":"","_VenueStateProvince":"","_VenueLat":"","_VenueLng":"","_VenueShowMap":false,"_VenueShowMapLink":false,"footnotes":""},"class_list":["post-859","page","type-page","status-publish","hentry"],"mb":[],"acf":[],"uagb_featured_image_src":{"full":false,"thumbnail":false,"medium":false,"medium_large":false,"large":false,"1536x1536":false,"2048x2048":false,"mailpoet_newsletter_max":false},"uagb_author_info":{"display_name":"admin7534","author_link":"https:\/\/sosforetfrance.org\/author\/admin7534\/"},"uagb_comment_info":0,"uagb_excerpt":"Reconna\u00eetre l\u2019importance des for\u00eats en libre-\u00e9volution Laisser au niveau national 25\u202f% de la surface de la for\u00eat fran\u00e7aise en libre \u00e9volution avec une garantie de long terme, et avec un [&hellip;]","mfb_rest_fields":["title","uagb_featured_image_src","uagb_author_info","uagb_comment_info","uagb_excerpt"],"_links":{"self":[{"href":"https:\/\/sosforetfrance.org\/index.php\/wp-json\/wp\/v2\/pages\/859","targetHints":{"allow":["GET"]}}],"collection":[{"href":"https:\/\/sosforetfrance.org\/index.php\/wp-json\/wp\/v2\/pages"}],"about":[{"href":"https:\/\/sosforetfrance.org\/index.php\/wp-json\/wp\/v2\/types\/page"}],"author":[{"embeddable":true,"href":"https:\/\/sosforetfrance.org\/index.php\/wp-json\/wp\/v2\/users\/1"}],"replies":[{"embeddable":true,"href":"https:\/\/sosforetfrance.org\/index.php\/wp-json\/wp\/v2\/comments?post=859"}],"version-history":[{"count":0,"href":"https:\/\/sosforetfrance.org\/index.php\/wp-json\/wp\/v2\/pages\/859\/revisions"}],"wp:attachment":[{"href":"https:\/\/sosforetfrance.org\/index.php\/wp-json\/wp\/v2\/media?parent=859"}],"curies":[{"name":"wp","href":"https:\/\/api.w.org\/{rel}","templated":true}]}}