{"id":861,"date":"2020-02-11T11:59:18","date_gmt":"2020-02-11T10:59:18","guid":{"rendered":"https:\/\/sosforetfrance.org\/?page_id=861"},"modified":"2020-02-11T19:01:04","modified_gmt":"2020-02-11T18:01:04","slug":"mesure-6","status":"publish","type":"page","link":"https:\/\/sosforetfrance.org\/index.php\/mesure-6\/","title":{"rendered":"M6 gestion foresti\u00e8re"},"content":{"rendered":"\n<h3 class=\"wp-block-heading\">Interdire les pratiques <br>de gestion foresti\u00e8re <br>d\u00e9gradant fortement <br>les \u00e9cosyst\u00e8mes<\/h3>\n\n\n\n<p><strong>Interdire les pratiques suivantes en for\u00eat\u2009:<br> \u2022 coupes rases sauf situation d\u2019impasse sanitaire av\u00e9r\u00e9e (voir mesure 1)\u2009;<br> \u2022 r\u00e9colte des menus bois (&lt;7\u202fcm de diam\u00e8tre) et du feuillage\u2009;<br> \u2022 plantation en plein monosp\u00e9cifique (voir mesure 1)\u2009;<br> \u2022 production et introduction d\u2019arbres g\u00e9n\u00e9tiquement modifi\u00e9s et de cl\u00f4nes<br> \u2022 r\u00e9colte des souches d\u2019arbres\u2009;<br> \u2022 labour profond\u2009;<br> \u2022 utilisation de tous les fongicides, insecticides et herbicides non agr\u00e9\u00e9s AB, et la fertilisation par des produits chimiques.<\/strong><\/p>\n\n\n\n<h4 class=\"wp-block-heading\">Contexte \/ D\u00e9finitions\u2009:<\/h4>\n\n\n\n<p>La logique de d\u00e9veloppement des industries du bois actuellement encourag\u00e9e repose sur la maximisation de la r\u00e9colte de biomasse, qui conduit \u00e0 des d\u00e9rives n\u00e9fastes pour la r\u00e9silience, la biodiversit\u00e9 et m\u00eame la productivit\u00e9 des for\u00eats. Les plus n\u00e9fastes de ces d\u00e9rives doivent faire l\u2019objet d\u2019interdiction.<br>D\u00e9finitions de la plantation en plein, et de la notion d\u2019impasse sylvicole\u2009: cf. mesure 1.<br>Le labour profond est bien distinct du sous solage ou d\u2019autres pratiques de travail du sol, en particulier celles associ\u00e9es aux techniques de plantations par placeaux et d\u2019enrichissement ponctuel des peuplements.<\/p>\n\n\n\n<h4 class=\"wp-block-heading\">R\u00e9glementation\u2009:<\/h4>\n\n\n\n<p>L\u2019ensemble de ces interdictions sont int\u00e9gr\u00e9es aux plans de gestion en for\u00eats publique et priv\u00e9e, et sont opposables aux autorisations administratives de coupes, de m\u00eame qu\u2019\u00e0 l\u2019attribution des aides publiques.<br> <\/p>\n\n\n\n<h4 class=\"wp-block-heading\">Incitations \/ Financement\u2009:<\/h4>\n\n\n\n<p>Financer la recherche d\u2019alternatives aux biocides en for\u00eat (prophylaxie g\u00e9n\u00e9rale, gestion mesur\u00e9e des crises, m\u00e9thodes m\u00e9caniques et de biocontr\u00f4le).<br> Mettre les dispositifs d\u2019aides publiques en coh\u00e9rence avec ces interdictions, notamment celle de la plantation en plein monosp\u00e9cifique dans les arr\u00eat\u00e9s de subvention au boisement.<\/p>\n","protected":false},"excerpt":{"rendered":"<p>Interdire les pratiques de gestion foresti\u00e8re d\u00e9gradant fortement les \u00e9cosyst\u00e8mes Interdire les pratiques suivantes en for\u00eat\u2009: \u2022 coupes rases sauf situation d\u2019impasse sanitaire av\u00e9r\u00e9e (voir mesure 1)\u2009; \u2022 r\u00e9colte des [&hellip;]<\/p>\n","protected":false},"author":1,"featured_media":0,"parent":0,"menu_order":0,"comment_status":"closed","ping_status":"closed","template":"","meta":{"_acf_changed":false,"_gspb_post_css":"","_uag_custom_page_level_css":"","_EventAllDay":false,"_EventTimezone":"","_EventStartDate":"","_EventEndDate":"","_EventStartDateUTC":"","_EventEndDateUTC":"","_EventShowMap":false,"_EventShowMapLink":false,"_EventURL":"","_EventCost":"","_EventCostDescription":"","_EventCurrencySymbol":"","_EventCurrencyCode":"","_EventCurrencyPosition":"","_EventDateTimeSeparator":"","_EventTimeRangeSeparator":"","_EventOrganizerID":[],"_EventVenueID":[],"_OrganizerEmail":"","_OrganizerPhone":"","_OrganizerWebsite":"","_VenueAddress":"","_VenueCity":"","_VenueCountry":"","_VenueProvince":"","_VenueState":"","_VenueZip":"","_VenuePhone":"","_VenueURL":"","_VenueStateProvince":"","_VenueLat":"","_VenueLng":"","_VenueShowMap":false,"_VenueShowMapLink":false,"footnotes":""},"class_list":["post-861","page","type-page","status-publish","hentry"],"mb":[],"acf":[],"uagb_featured_image_src":{"full":false,"thumbnail":false,"medium":false,"medium_large":false,"large":false,"1536x1536":false,"2048x2048":false,"mailpoet_newsletter_max":false},"uagb_author_info":{"display_name":"admin7534","author_link":"https:\/\/sosforetfrance.org\/author\/admin7534\/"},"uagb_comment_info":0,"uagb_excerpt":"Interdire les pratiques de gestion foresti\u00e8re d\u00e9gradant fortement les \u00e9cosyst\u00e8mes Interdire les pratiques suivantes en for\u00eat\u2009: \u2022 coupes rases sauf situation d\u2019impasse sanitaire av\u00e9r\u00e9e (voir mesure 1)\u2009; \u2022 r\u00e9colte des [&hellip;]","mfb_rest_fields":["title","uagb_featured_image_src","uagb_author_info","uagb_comment_info","uagb_excerpt"],"_links":{"self":[{"href":"https:\/\/sosforetfrance.org\/index.php\/wp-json\/wp\/v2\/pages\/861","targetHints":{"allow":["GET"]}}],"collection":[{"href":"https:\/\/sosforetfrance.org\/index.php\/wp-json\/wp\/v2\/pages"}],"about":[{"href":"https:\/\/sosforetfrance.org\/index.php\/wp-json\/wp\/v2\/types\/page"}],"author":[{"embeddable":true,"href":"https:\/\/sosforetfrance.org\/index.php\/wp-json\/wp\/v2\/users\/1"}],"replies":[{"embeddable":true,"href":"https:\/\/sosforetfrance.org\/index.php\/wp-json\/wp\/v2\/comments?post=861"}],"version-history":[{"count":0,"href":"https:\/\/sosforetfrance.org\/index.php\/wp-json\/wp\/v2\/pages\/861\/revisions"}],"wp:attachment":[{"href":"https:\/\/sosforetfrance.org\/index.php\/wp-json\/wp\/v2\/media?parent=861"}],"curies":[{"name":"wp","href":"https:\/\/api.w.org\/{rel}","templated":true}]}}