{"id":873,"date":"2020-02-11T12:12:53","date_gmt":"2020-02-11T11:12:53","guid":{"rendered":"https:\/\/sosforetfrance.org\/?page_id=873"},"modified":"2020-02-11T19:02:45","modified_gmt":"2020-02-11T18:02:45","slug":"mesure-9","status":"publish","type":"page","link":"https:\/\/sosforetfrance.org\/index.php\/mesure-9\/","title":{"rendered":"M9 travail en for\u00eat"},"content":{"rendered":"\n<h2 class=\"wp-block-heading\">Valoriser et s\u00e9curiser <br>la qualit\u00e9 du travail en for\u00eat<\/h2>\n\n\n\n<p><strong>Mieux r\u00e9mun\u00e9rer ceux qui r\u00e9alisent les travaux sylvicoles, l\u2019abattage et le d\u00e9bardage, en introduisant un co\u00fbt journalier minimum ind\u00e9pendant du rendement, en particulier pour tous les travailleurs manuels. Cette mesure vise \u00e0 am\u00e9liorer la qualit\u00e9 des travaux r\u00e9alis\u00e9s en for\u00eat, \u00e0 diminuer la p\u00e9nibilit\u00e9 du travail manuel et \u00e0 rendre plus attractif le travail en for\u00eat.<\/strong><\/p>\n\n\n\n<h4 class=\"wp-block-heading\">Contexte \/ D\u00e9finitions\u2009:<\/h4>\n\n\n\n<p>L\u2019esp\u00e9rance de vie moyenne d\u2019un b\u00fbcheron est actuellement de 62,5 ans. Le b\u00fbcheronnage manuel, seule technique compatible avec la pleine valorisation durable de nombreuses for\u00eats, est une activit\u00e9 particuli\u00e8rement dangereuse marqu\u00e9e par de nombreux accidents de travail trop souvent mortels. Par ailleurs, les ETF* intervenants manuels en travaux sylvicoles manquent de plus en plus en raison de la forte p\u00e9nibilit\u00e9 et de la faible r\u00e9mun\u00e9ration de leur travail.<br>Actuellement, la pratique veut que le travail des ETF soit int\u00e9gralement r\u00e9mun\u00e9r\u00e9 en fonction de leur rendement\u2009: ils per\u00e7oivent un montant correspondant au volume de bois abattus ou d\u00e9bard\u00e9s. Changer la base de r\u00e9mun\u00e9ration est susceptible de diminuer tr\u00e8s sensiblement la fr\u00e9quence des accidents d\u2019une part et d\u2019am\u00e9liorer la qualit\u00e9 du travail r\u00e9alis\u00e9 d\u2019autre part, donc la r\u00e9silience des for\u00eats.<br>La couverture sociale des b\u00fbcherons ind\u00e9pendants est g\u00e9r\u00e9e par la MSA. Le m\u00e9tier de b\u00fbcheron \u00e9tant un m\u00e9tier dangereux, les cotisations sociales de la MSA sont lourdes pour les ETF. Malgr\u00e9 cela, ils doivent avoir recours \u00e0 des mutuelles compl\u00e9mentaires on\u00e9reuses pour avoir une indemnisation correcte en cas d\u2019invalidit\u00e9 ou d\u2019accident.<br> <em>*Entrepreneurs de travaux forestiers<\/em><\/p>\n\n\n\n<h4 class=\"wp-block-heading\">R\u00e9glementation\u2009:<\/h4>\n\n\n\n<p>Rendre obligatoire un tarif minimum journalier pour les ETF.<br>En for\u00eat publique, cr\u00e9er un corps de fonctionnaires de cat\u00e9gorie C pour les ouvriers forestiers tenant compte de la p\u00e9nibilit\u00e9 et des risques sp\u00e9cifiques \u00e0 la profession, et en mesure de rendre ces m\u00e9tiers plus attractifs.<br>En for\u00eat priv\u00e9e, introduire des dispositions dans une convention collective pour les ETF inspir\u00e9es de la for\u00eat publique. Am\u00e9liorer la couverture sociale des b\u00fbcherons ind\u00e9pendants pour qu\u2019ils soient correctement couverts en cas d\u2019accident.<br><\/p>\n\n\n\n<h4 class=\"wp-block-heading\">Incitations \/ Financement\u2009:<\/h4>\n\n\n\n<p>Cr\u00e9er\/Am\u00e9liorer une assurance intemp\u00e9rie pour les conducteurs d\u2019engins pour qu\u2019ils puissent ne pas travailler en cas de mauvais temps et \u00e9viter de d\u00e9truire les sols.<\/p>\n","protected":false},"excerpt":{"rendered":"<p>Valoriser et s\u00e9curiser la qualit\u00e9 du travail en for\u00eat Mieux r\u00e9mun\u00e9rer ceux qui r\u00e9alisent les travaux sylvicoles, l\u2019abattage et le d\u00e9bardage, en introduisant un co\u00fbt journalier minimum ind\u00e9pendant du rendement, [&hellip;]<\/p>\n","protected":false},"author":1,"featured_media":0,"parent":0,"menu_order":0,"comment_status":"closed","ping_status":"closed","template":"","meta":{"_acf_changed":false,"_gspb_post_css":"","_uag_custom_page_level_css":"","_EventAllDay":false,"_EventTimezone":"","_EventStartDate":"","_EventEndDate":"","_EventStartDateUTC":"","_EventEndDateUTC":"","_EventShowMap":false,"_EventShowMapLink":false,"_EventURL":"","_EventCost":"","_EventCostDescription":"","_EventCurrencySymbol":"","_EventCurrencyCode":"","_EventCurrencyPosition":"","_EventDateTimeSeparator":"","_EventTimeRangeSeparator":"","_EventOrganizerID":[],"_EventVenueID":[],"_OrganizerEmail":"","_OrganizerPhone":"","_OrganizerWebsite":"","_VenueAddress":"","_VenueCity":"","_VenueCountry":"","_VenueProvince":"","_VenueState":"","_VenueZip":"","_VenuePhone":"","_VenueURL":"","_VenueStateProvince":"","_VenueLat":"","_VenueLng":"","_VenueShowMap":false,"_VenueShowMapLink":false,"footnotes":""},"class_list":["post-873","page","type-page","status-publish","hentry"],"mb":[],"acf":[],"uagb_featured_image_src":{"full":false,"thumbnail":false,"medium":false,"medium_large":false,"large":false,"1536x1536":false,"2048x2048":false,"mailpoet_newsletter_max":false},"uagb_author_info":{"display_name":"admin7534","author_link":"https:\/\/sosforetfrance.org\/author\/admin7534\/"},"uagb_comment_info":0,"uagb_excerpt":"Valoriser et s\u00e9curiser la qualit\u00e9 du travail en for\u00eat Mieux r\u00e9mun\u00e9rer ceux qui r\u00e9alisent les travaux sylvicoles, l\u2019abattage et le d\u00e9bardage, en introduisant un co\u00fbt journalier minimum ind\u00e9pendant du rendement, [&hellip;]","mfb_rest_fields":["title","uagb_featured_image_src","uagb_author_info","uagb_comment_info","uagb_excerpt"],"_links":{"self":[{"href":"https:\/\/sosforetfrance.org\/index.php\/wp-json\/wp\/v2\/pages\/873","targetHints":{"allow":["GET"]}}],"collection":[{"href":"https:\/\/sosforetfrance.org\/index.php\/wp-json\/wp\/v2\/pages"}],"about":[{"href":"https:\/\/sosforetfrance.org\/index.php\/wp-json\/wp\/v2\/types\/page"}],"author":[{"embeddable":true,"href":"https:\/\/sosforetfrance.org\/index.php\/wp-json\/wp\/v2\/users\/1"}],"replies":[{"embeddable":true,"href":"https:\/\/sosforetfrance.org\/index.php\/wp-json\/wp\/v2\/comments?post=873"}],"version-history":[{"count":0,"href":"https:\/\/sosforetfrance.org\/index.php\/wp-json\/wp\/v2\/pages\/873\/revisions"}],"wp:attachment":[{"href":"https:\/\/sosforetfrance.org\/index.php\/wp-json\/wp\/v2\/media?parent=873"}],"curies":[{"name":"wp","href":"https:\/\/api.w.org\/{rel}","templated":true}]}}