{"id":875,"date":"2020-02-11T12:15:24","date_gmt":"2020-02-11T11:15:24","guid":{"rendered":"https:\/\/sosforetfrance.org\/?page_id=875"},"modified":"2020-02-11T19:05:27","modified_gmt":"2020-02-11T18:05:27","slug":"mesure-10","status":"publish","type":"page","link":"https:\/\/sosforetfrance.org\/index.php\/mesure-10\/","title":{"rendered":"M10 fili\u00e8res locales"},"content":{"rendered":"\n<h2 class=\"wp-block-heading\">Soutenir les fili\u00e8res locales <br>de transformation du bois<\/h2>\n\n\n\n<p><strong>Planifier la fin des exportations de grumes hors Union Europ\u00e9enne en coh\u00e9rence avec un plan de d\u00e9veloppement de la transformation du bois d\u2019\u0153uvre en France.<br>Taxer le transport de grume sur une distance sup\u00e9rieure \u00e0 un seuil \u00e0 d\u00e9terminer par essence.<\/strong><\/p>\n\n\n\n<h4 class=\"wp-block-heading\">Contexte \/ D\u00e9finitions\u2009:<\/h4>\n\n\n\n<p>Les produits bois sont le deuxi\u00e8me poste du d\u00e9ficit public de la France, alors que la for\u00eat fran\u00e7aise est une des plus prosp\u00e8res et la plus diversifi\u00e9e d\u2019Europe. Les entreprises de seconde transformation, les plus g\u00e9n\u00e9ratrices de valeur ajout\u00e9e, se sont consid\u00e9rablement rar\u00e9fi\u00e9es ces derni\u00e8res d\u00e9cennies. Le savoir-faire et le mat\u00e9riel de sciage des tr\u00e8s gros bois a fortement d\u00e9clin\u00e9 alors que ces bois pr\u00e9sentent souvent les meilleures qualit\u00e9s technologiques pour la construction.<\/p>\n\n\n\n<h4 class=\"wp-block-heading\">R\u00e9glementation\u2009:<\/h4>\n\n\n\n<p>Clarifier et renforcer l\u2019information au consommateur sur les lieux de r\u00e9colte et de transformation du bois (tra\u00e7abilit\u00e9 compl\u00e8te).<br>Augmenter le volume de bois minimum exigible dans les b\u00e2timents, renforcer les politiques publiques encourageant l\u2019utilisation du bois d\u2019\u0153uvre. Interdire dans la commande publique l\u2019usage des bois tropicaux, renforcer l\u2019usage des bois locaux et recourir aux produits innovants de la fili\u00e8re nationale (bois chauff\u00e9s \u00e0 haute temp\u00e9rature en particulier), en favorisant les circuits courts.<\/p>\n\n\n\n<h4 class=\"wp-block-heading\">Incitations \/ Financement\u2009:<\/h4>\n\n\n\n<p>R\u00e9orienter les soutiens (subventions, aides publiques Europe\/\u00c9tat\/R\u00e9gion, avantages fiscaux, fonds de la Contribution Interprofessionnelle Obligatoire, investissements priv\u00e9s li\u00e9s au climat) vers ces objectifs et supprimer ceux qui y sont contraires\u2009:<br> \u2022 investir, en priorit\u00e9, dans les entreprises cherchant \u00e0 valoriser les essences locales pr\u00e9sentes en for\u00eat, et leur seconde transformation\u2009;<br> \u2022 les accompagner dans la mise aux normes, la recherche et d\u00e9veloppement (en priorit\u00e9 pour la valorisation des gros bois et des feuillus) et la structuration de fili\u00e8res locales\u2009;<br> \u2022 ajouter une prime aux subventions publiques en cas d\u2019utilisation de bois local.<br>Les financements publics doivent \u00eatre orient\u00e9s vers la conception de mat\u00e9riels d\u2019exploitation et de transformation des bois adapt\u00e9s aux sp\u00e9cificit\u00e9s fran\u00e7aises (sols fragiles et conditions naturelles permettant la production de tr\u00e8s gros diam\u00e8tres), et leur utilisation en remplacement d\u2019outils con\u00e7us pour les for\u00eats des pays nordiques.<\/p>\n","protected":false},"excerpt":{"rendered":"<p>Soutenir les fili\u00e8res locales de transformation du bois Planifier la fin des exportations de grumes hors Union Europ\u00e9enne en coh\u00e9rence avec un plan de d\u00e9veloppement de la transformation du bois [&hellip;]<\/p>\n","protected":false},"author":1,"featured_media":0,"parent":0,"menu_order":0,"comment_status":"closed","ping_status":"closed","template":"","meta":{"_acf_changed":false,"_gspb_post_css":"","_uag_custom_page_level_css":"","_EventAllDay":false,"_EventTimezone":"","_EventStartDate":"","_EventEndDate":"","_EventStartDateUTC":"","_EventEndDateUTC":"","_EventShowMap":false,"_EventShowMapLink":false,"_EventURL":"","_EventCost":"","_EventCostDescription":"","_EventCurrencySymbol":"","_EventCurrencyCode":"","_EventCurrencyPosition":"","_EventDateTimeSeparator":"","_EventTimeRangeSeparator":"","_EventOrganizerID":[],"_EventVenueID":[],"_OrganizerEmail":"","_OrganizerPhone":"","_OrganizerWebsite":"","_VenueAddress":"","_VenueCity":"","_VenueCountry":"","_VenueProvince":"","_VenueState":"","_VenueZip":"","_VenuePhone":"","_VenueURL":"","_VenueStateProvince":"","_VenueLat":"","_VenueLng":"","_VenueShowMap":false,"_VenueShowMapLink":false,"footnotes":""},"class_list":["post-875","page","type-page","status-publish","hentry"],"mb":[],"acf":[],"uagb_featured_image_src":{"full":false,"thumbnail":false,"medium":false,"medium_large":false,"large":false,"1536x1536":false,"2048x2048":false,"mailpoet_newsletter_max":false},"uagb_author_info":{"display_name":"admin7534","author_link":"https:\/\/sosforetfrance.org\/author\/admin7534\/"},"uagb_comment_info":0,"uagb_excerpt":"Soutenir les fili\u00e8res locales de transformation du bois Planifier la fin des exportations de grumes hors Union Europ\u00e9enne en coh\u00e9rence avec un plan de d\u00e9veloppement de la transformation du bois [&hellip;]","mfb_rest_fields":["title","uagb_featured_image_src","uagb_author_info","uagb_comment_info","uagb_excerpt"],"_links":{"self":[{"href":"https:\/\/sosforetfrance.org\/index.php\/wp-json\/wp\/v2\/pages\/875","targetHints":{"allow":["GET"]}}],"collection":[{"href":"https:\/\/sosforetfrance.org\/index.php\/wp-json\/wp\/v2\/pages"}],"about":[{"href":"https:\/\/sosforetfrance.org\/index.php\/wp-json\/wp\/v2\/types\/page"}],"author":[{"embeddable":true,"href":"https:\/\/sosforetfrance.org\/index.php\/wp-json\/wp\/v2\/users\/1"}],"replies":[{"embeddable":true,"href":"https:\/\/sosforetfrance.org\/index.php\/wp-json\/wp\/v2\/comments?post=875"}],"version-history":[{"count":0,"href":"https:\/\/sosforetfrance.org\/index.php\/wp-json\/wp\/v2\/pages\/875\/revisions"}],"wp:attachment":[{"href":"https:\/\/sosforetfrance.org\/index.php\/wp-json\/wp\/v2\/media?parent=875"}],"curies":[{"name":"wp","href":"https:\/\/api.w.org\/{rel}","templated":true}]}}