{"id":881,"date":"2020-02-11T12:22:04","date_gmt":"2020-02-11T11:22:04","guid":{"rendered":"https:\/\/sosforetfrance.org\/?page_id=881"},"modified":"2020-02-11T18:55:34","modified_gmt":"2020-02-11T17:55:34","slug":"mesure-13","status":"publish","type":"page","link":"https:\/\/sosforetfrance.org\/index.php\/mesure-13\/","title":{"rendered":"M13 r\u00f4le des PNR"},"content":{"rendered":"\n<h2 class=\"wp-block-heading\">Renforcer le r\u00f4le <br>des parcs naturels r\u00e9gionaux<\/h2>\n\n\n\n<p><strong>Donner les moyens r\u00e9glementaires aux parcs naturels r\u00e9gionaux d\u2019orienter les choix de gestion foresti\u00e8re sur leur territoire dans le sens d\u2019une gestion multifonctionnelle int\u00e9grant les pr\u00e9occupations des habitants.<br>Lors de la r\u00e9daction et de l\u2019actualisation du PRFB, s\u2019appuyer sur les parcs naturels r\u00e9gionaux pour mettre en place des pratiques innovantes de consultation (assembl\u00e9e citoyenne) (cf. mesure 12).<\/strong><\/p>\n\n\n\n<h4 class=\"wp-block-heading\">Contexte \/ D\u00e9finitions\u2009:<\/h4>\n\n\n\n<p>La for\u00eat offre des opportunit\u00e9s importantes pour concilier une vie \u00e9conomique locale \u00e0 faible impact environnemental et la pr\u00e9servation de l\u2019environnement, ce qui rejoint la vocation des Parcs naturels r\u00e9gionaux. Pour autant, ces derniers n\u2019ont aujourd\u2019hui pas les moyens d\u2019orienter les choix de gestion et les pratiques sylvicoles sur leur territoire.<\/p>\n\n\n\n<h4 class=\"wp-block-heading\">R\u00e9glementation\u2009:<\/h4>\n\n\n\n<p>Pour les for\u00eats situ\u00e9es en tout ou partie dans le p\u00e9rim\u00e8tre d\u2019un parc naturel r\u00e9gional, soumettre les plans simples de gestion en for\u00eat priv\u00e9e et les am\u00e9nagements des for\u00eats publiques \u00e0 l\u2019avis simple du PNR. Transmettre pour avis aux PNR concern\u00e9s les dossiers de demandes de subvention pour les projets de cr\u00e9ation ou de mise au gabarit de routes foresti\u00e8res sur leur territoire.<br> Dans les d\u00e9partements o\u00f9 un parc naturel r\u00e9gional existe, soumettre \u00e0 l\u2019avis du PNR le projet d\u2019arr\u00eat\u00e9 pr\u00e9fectoral fixant les seuils de surface en mati\u00e8re d\u2019obligation de demande d\u2019autorisation de coupes d\u2019arbres de futaie et de renouvellement de peuplements forestiers apr\u00e8s coupe rase. Soumettre \u00e0 avis simple du PNR concern\u00e9 les demandes d\u2019autorisation de coupe instruites dans ce cadre.<br> Dans les r\u00e9gions o\u00f9 des parcs naturels r\u00e9gionaux sont pr\u00e9sents, pr\u00e9voir que la composition de la commission r\u00e9gionale de la for\u00eat et du bois int\u00e8gre un repr\u00e9sentant par parc naturel r\u00e9gional implant\u00e9 en tout ou partie dans la r\u00e9gion (pour l\u2019instant, un seul repr\u00e9sentant des PNR \u00e0 la CRFB alors que par exemple chaque d\u00e9partement est repr\u00e9sent\u00e9).<br> Soumettre la validation des DRA, SRA et SRGS \u00e0 l\u2019avis des PNR de la R\u00e9gion.<br> <\/p>\n\n\n\n<h4 class=\"wp-block-heading\">Incitations \/ Financement\u2009:<\/h4>\n\n\n\n<p>Renforcer la vocation foresti\u00e8re dans les chartes de parcs naturels r\u00e9gionaux. Favoriser la cr\u00e9ation de labels locaux multi-acteurs pour la promotion des bois d\u2019\u0153uvre de pays (\u00c9tat, citoyens, associations, fili\u00e8re, architectes).<\/p>\n","protected":false},"excerpt":{"rendered":"<p>Renforcer le r\u00f4le des parcs naturels r\u00e9gionaux Donner les moyens r\u00e9glementaires aux parcs naturels r\u00e9gionaux d\u2019orienter les choix de gestion foresti\u00e8re sur leur territoire dans le sens d\u2019une gestion multifonctionnelle [&hellip;]<\/p>\n","protected":false},"author":1,"featured_media":0,"parent":0,"menu_order":0,"comment_status":"closed","ping_status":"closed","template":"","meta":{"_acf_changed":false,"_gspb_post_css":"","_uag_custom_page_level_css":"","_EventAllDay":false,"_EventTimezone":"","_EventStartDate":"","_EventEndDate":"","_EventStartDateUTC":"","_EventEndDateUTC":"","_EventShowMap":false,"_EventShowMapLink":false,"_EventURL":"","_EventCost":"","_EventCostDescription":"","_EventCurrencySymbol":"","_EventCurrencyCode":"","_EventCurrencyPosition":"","_EventDateTimeSeparator":"","_EventTimeRangeSeparator":"","_EventOrganizerID":[],"_EventVenueID":[],"_OrganizerEmail":"","_OrganizerPhone":"","_OrganizerWebsite":"","_VenueAddress":"","_VenueCity":"","_VenueCountry":"","_VenueProvince":"","_VenueState":"","_VenueZip":"","_VenuePhone":"","_VenueURL":"","_VenueStateProvince":"","_VenueLat":"","_VenueLng":"","_VenueShowMap":false,"_VenueShowMapLink":false,"footnotes":""},"class_list":["post-881","page","type-page","status-publish","hentry"],"acf":[],"mb":[],"uagb_featured_image_src":{"full":false,"thumbnail":false,"medium":false,"medium_large":false,"large":false,"1536x1536":false,"2048x2048":false,"mailpoet_newsletter_max":false},"uagb_author_info":{"display_name":"admin7534","author_link":"https:\/\/sosforetfrance.org\/author\/admin7534\/"},"uagb_comment_info":0,"uagb_excerpt":"Renforcer le r\u00f4le des parcs naturels r\u00e9gionaux Donner les moyens r\u00e9glementaires aux parcs naturels r\u00e9gionaux d\u2019orienter les choix de gestion foresti\u00e8re sur leur territoire dans le sens d\u2019une gestion multifonctionnelle [&hellip;]","mfb_rest_fields":["title","uagb_featured_image_src","uagb_author_info","uagb_comment_info","uagb_excerpt"],"_links":{"self":[{"href":"https:\/\/sosforetfrance.org\/index.php\/wp-json\/wp\/v2\/pages\/881","targetHints":{"allow":["GET"]}}],"collection":[{"href":"https:\/\/sosforetfrance.org\/index.php\/wp-json\/wp\/v2\/pages"}],"about":[{"href":"https:\/\/sosforetfrance.org\/index.php\/wp-json\/wp\/v2\/types\/page"}],"author":[{"embeddable":true,"href":"https:\/\/sosforetfrance.org\/index.php\/wp-json\/wp\/v2\/users\/1"}],"replies":[{"embeddable":true,"href":"https:\/\/sosforetfrance.org\/index.php\/wp-json\/wp\/v2\/comments?post=881"}],"version-history":[{"count":0,"href":"https:\/\/sosforetfrance.org\/index.php\/wp-json\/wp\/v2\/pages\/881\/revisions"}],"wp:attachment":[{"href":"https:\/\/sosforetfrance.org\/index.php\/wp-json\/wp\/v2\/media?parent=881"}],"curies":[{"name":"wp","href":"https:\/\/api.w.org\/{rel}","templated":true}]}}