{"id":883,"date":"2020-02-11T12:24:40","date_gmt":"2020-02-11T11:24:40","guid":{"rendered":"https:\/\/sosforetfrance.org\/?page_id=883"},"modified":"2020-02-11T19:06:15","modified_gmt":"2020-02-11T18:06:15","slug":"mesure-14","status":"publish","type":"page","link":"https:\/\/sosforetfrance.org\/index.php\/mesure-14\/","title":{"rendered":"M14 gestion durable"},"content":{"rendered":"\n<h2 class=\"wp-block-heading\">Renforcer les garanties <br>de gestion durable <br>et multifonctionnelle <br>en for\u00eat<\/h2>\n\n\n\n<p><strong>Pr\u00e9ciser, dans le code forestier, le contenu minimum des documents de gestion permettant de garantir une gestion durable et multifonctionnelle dans les for\u00eats priv\u00e9es et publiques\u2009:<br> \u2022 inventaire de la ressource en bois (volet \u00e9conomique)\u2009;<br> \u2022 r\u00e9alisation d\u2019un diagnostic \u00e9cologique \u00e0 partir des meilleurs informations disponibles (volet \u00e9cologique)\u2009;<br> \u2022 diagnostic complet des fonctions sociales au-del\u00e0 des aspects r\u00e9cr\u00e9atifs et d\u2019\u00e9conomie domestique (volet social)<br>En for\u00eat publique, un document de gestion (am\u00e9nagement) s\u2019appuyant sur ces crit\u00e8res minimaux doit \u00eatre r\u00e9alis\u00e9 quelle que soit la surface.<br>En for\u00eat priv\u00e9e, abaisser le seuil d\u2019obligation pour un plan simple de gestion \u00e0 20 hectares. \u00c0 d\u00e9faut, les coupes (y compris sur les brins issus de souche) sont obligatoirement soumises \u00e0 demande d\u2019autorisation et doivent exclure les pratiques non-durables (mesure 6).<br>Supprimer la pr\u00e9somption de gestion durable automatique permise par la signature d\u2019un r\u00e8glement type de gestion (RTG) ou d\u2019un code de bonnes pratiques sylvicoles (CBPS).<\/strong><\/p>\n\n\n\n<h4 class=\"wp-block-heading\">Contexte \/ D\u00e9finitions\u2009:<\/h4>\n\n\n\n<p>Le d\u00e9sengagement de l\u2019\u00c9tat des organismes publics forestiers s\u2019est traduit par une recherche de gains de productivit\u00e9 sur l\u2019\u00e9laboration des am\u00e9nagements forestiers et l\u2019instruction des plans simples de gestion, passant par une diminution du niveau d\u2019exigence sur le contenu de ces documents. Pour ne pas l\u00e9ser les propri\u00e9taires, des nouveaux dispositifs extr\u00eamement simplifi\u00e9s et peu contraignants (CBPS, RTG) ont \u00e9t\u00e9 reconnus comme pr\u00e9sentant des garanties \u00e9quivalentes aux am\u00e9nagements et PSG.<\/p>\n\n\n\n<h4 class=\"wp-block-heading\">R\u00e9glementation\u2009:<\/h4>\n\n\n\n<p>Pr\u00e9ciser dans la partie r\u00e9glementaire du code forestier le contenu minimum \u00e0 exiger dans les documents de gestion foresti\u00e8re durable, dont sont exclus les CBPS.<br>Les SRGS et les DRA\/SRA \u00e9tant davantage prescriptifs (mesure 12), les documents de gestion qui doivent \u00eatre conformes \u00e0 ces orientations sont mieux cadr\u00e9s et peuvent \u00eatre plus efficacement valid\u00e9s (ou non) par les services concern\u00e9s.<\/p>\n\n\n\n<h4 class=\"wp-block-heading\">Incitations \/ Financement\u2009:<\/h4>\n\n\n\n<p>Il n\u2019est pas possible de rehausser l\u2019exigence de qualit\u00e9 des documents de gestion sans augmenter le recrutement de personnel technique au sein de l\u2019ONF et du CNPF.<br>Un avantage fiscal et des subventions r\u00e9gionales permettent d\u2019encourager les petits propri\u00e9taires priv\u00e9s (surface de la for\u00eat &lt; 20\u202fha) \u00e0 r\u00e9aliser un plan simple de gestion volontaire.<\/p>\n","protected":false},"excerpt":{"rendered":"<p>Renforcer les garanties de gestion durable et multifonctionnelle en for\u00eat Pr\u00e9ciser, dans le code forestier, le contenu minimum des documents de gestion permettant de garantir une gestion durable et multifonctionnelle [&hellip;]<\/p>\n","protected":false},"author":1,"featured_media":0,"parent":0,"menu_order":0,"comment_status":"closed","ping_status":"closed","template":"","meta":{"_acf_changed":false,"_gspb_post_css":"","_uag_custom_page_level_css":"","_EventAllDay":false,"_EventTimezone":"","_EventStartDate":"","_EventEndDate":"","_EventStartDateUTC":"","_EventEndDateUTC":"","_EventShowMap":false,"_EventShowMapLink":false,"_EventURL":"","_EventCost":"","_EventCostDescription":"","_EventCurrencySymbol":"","_EventCurrencyCode":"","_EventCurrencyPosition":"","_EventDateTimeSeparator":"","_EventTimeRangeSeparator":"","_EventOrganizerID":[],"_EventVenueID":[],"_OrganizerEmail":"","_OrganizerPhone":"","_OrganizerWebsite":"","_VenueAddress":"","_VenueCity":"","_VenueCountry":"","_VenueProvince":"","_VenueState":"","_VenueZip":"","_VenuePhone":"","_VenueURL":"","_VenueStateProvince":"","_VenueLat":"","_VenueLng":"","_VenueShowMap":false,"_VenueShowMapLink":false,"footnotes":""},"class_list":["post-883","page","type-page","status-publish","hentry"],"acf":[],"mb":[],"uagb_featured_image_src":{"full":false,"thumbnail":false,"medium":false,"medium_large":false,"large":false,"1536x1536":false,"2048x2048":false,"mailpoet_newsletter_max":false},"uagb_author_info":{"display_name":"admin7534","author_link":"https:\/\/sosforetfrance.org\/author\/admin7534\/"},"uagb_comment_info":0,"uagb_excerpt":"Renforcer les garanties de gestion durable et multifonctionnelle en for\u00eat Pr\u00e9ciser, dans le code forestier, le contenu minimum des documents de gestion permettant de garantir une gestion durable et multifonctionnelle [&hellip;]","mfb_rest_fields":["title","uagb_featured_image_src","uagb_author_info","uagb_comment_info","uagb_excerpt"],"_links":{"self":[{"href":"https:\/\/sosforetfrance.org\/index.php\/wp-json\/wp\/v2\/pages\/883","targetHints":{"allow":["GET"]}}],"collection":[{"href":"https:\/\/sosforetfrance.org\/index.php\/wp-json\/wp\/v2\/pages"}],"about":[{"href":"https:\/\/sosforetfrance.org\/index.php\/wp-json\/wp\/v2\/types\/page"}],"author":[{"embeddable":true,"href":"https:\/\/sosforetfrance.org\/index.php\/wp-json\/wp\/v2\/users\/1"}],"replies":[{"embeddable":true,"href":"https:\/\/sosforetfrance.org\/index.php\/wp-json\/wp\/v2\/comments?post=883"}],"version-history":[{"count":0,"href":"https:\/\/sosforetfrance.org\/index.php\/wp-json\/wp\/v2\/pages\/883\/revisions"}],"wp:attachment":[{"href":"https:\/\/sosforetfrance.org\/index.php\/wp-json\/wp\/v2\/media?parent=883"}],"curies":[{"name":"wp","href":"https:\/\/api.w.org\/{rel}","templated":true}]}}