{"id":885,"date":"2020-02-11T12:26:59","date_gmt":"2020-02-11T11:26:59","guid":{"rendered":"https:\/\/sosforetfrance.org\/?page_id=885"},"modified":"2020-02-11T18:57:04","modified_gmt":"2020-02-11T17:57:04","slug":"mesure-15","status":"publish","type":"page","link":"https:\/\/sosforetfrance.org\/index.php\/mesure-15\/","title":{"rendered":"M15 morcellement"},"content":{"rendered":"\n<h2 class=\"wp-block-heading\">Soutenir un regroupement <br>responsable des petites parcelles <br>de for\u00eats priv\u00e9es<\/h2>\n\n\n\n<p><strong>Cr\u00e9er un droit de pr\u00e9emption pour les collectivit\u00e9s locales en cas de vente de for\u00eat priv\u00e9e sur leur territoire (que la parcelle soit contigu\u00eb ou non).<br> Soumettre l\u2019agr\u00e9ment des groupements d\u2019int\u00e9r\u00eat \u00e9conomique et environnemental forestier (GIEEF) \u00e0 un engagement de respect int\u00e9gral de la mesure 1, \u00e0 la pratique d\u2019une sylviculture \u00e0 couvert continu et \u00e0 l\u2019instauration de 10\u202f% de la surface en libre-\u00e9volution sur le long-terme.<\/strong><\/p>\n\n\n\n<h4 class=\"wp-block-heading\">Contexte \/ D\u00e9finitions\u2009:<\/h4>\n\n\n\n<p>Le morcellement de la propri\u00e9t\u00e9 priv\u00e9e foresti\u00e8re est susceptible de constituer un frein \u00e0 l\u2019efficience des mesures propos\u00e9es ici. Faciliter l\u2019acquisition par des collectivit\u00e9s de for\u00eats qu\u2019un propri\u00e9taire priv\u00e9 veut vendre est une piste \u00e0 privil\u00e9gier dans l\u2019optique d\u2019une gestion des for\u00eats comme un commun.<br> Les GIEEF nous semblent une solution de regroupement int\u00e9ressante sur le principe, \u00e0 condition de leur donner un contenu conforme \u00e0 leur vocation.<\/p>\n\n\n\n<h4 class=\"wp-block-heading\">R\u00e9glementation<\/h4>\n\n\n\n<p>Pour les GIEEF, pr\u00e9ciser par d\u00e9cret les indicateurs de gestion durable et donner aux DDT (Direction D\u00e9partementale des Territoires) les moyens de suivre ces indicateurs sur chaque GIEEF. La qualit\u00e9 de GIEEF est retir\u00e9e si les indicateurs ne mettent pas en \u00e9vidence la performance environnementale de la gestion. Les demandes de reconnaissance au titre de GIEEF seront port\u00e9es \u00e0 la connaissance des collectivit\u00e9s locales g\u00e9ographiquement concern\u00e9es avant l\u2019instruction du dossier<br> Toute commune, EPCI (\u00c9tablissement Public de Coop\u00e9ration Intercommunale) ou PNR sur le territoire duquel une parcelle bois\u00e9e est mise en vente b\u00e9n\u00e9ficie d\u2019un droit de pr\u00e9f\u00e9rence en remplacement de celui des propri\u00e9taires priv\u00e9s. Ce privil\u00e8ge \u00e9volue en droit de pr\u00e9emption en cas de contigu\u00eft\u00e9 avec une parcelle de for\u00eat communale, de fa\u00e7on \u00e0 favoriser le regroupement des propri\u00e9t\u00e9s foresti\u00e8res. Enfin, l\u2019\u00c9tat b\u00e9n\u00e9ficie d\u2019un droit de pr\u00e9emption selon les m\u00eames dispositions lorsque la parcelle en vente est contigu\u00eb \u00e0 une for\u00eat domaniale. Afin de permettre ces acquisitions et soutenir des projets d\u2019int\u00e9r\u00eat g\u00e9n\u00e9ral, l\u2019investissement public sera mobilis\u00e9.<\/p>\n","protected":false},"excerpt":{"rendered":"<p>Soutenir un regroupement responsable des petites parcelles de for\u00eats priv\u00e9es Cr\u00e9er un droit de pr\u00e9emption pour les collectivit\u00e9s locales en cas de vente de for\u00eat priv\u00e9e sur leur territoire (que [&hellip;]<\/p>\n","protected":false},"author":1,"featured_media":0,"parent":0,"menu_order":0,"comment_status":"closed","ping_status":"closed","template":"","meta":{"_acf_changed":false,"_gspb_post_css":"","_uag_custom_page_level_css":"","_EventAllDay":false,"_EventTimezone":"","_EventStartDate":"","_EventEndDate":"","_EventStartDateUTC":"","_EventEndDateUTC":"","_EventShowMap":false,"_EventShowMapLink":false,"_EventURL":"","_EventCost":"","_EventCostDescription":"","_EventCurrencySymbol":"","_EventCurrencyCode":"","_EventCurrencyPosition":"","_EventDateTimeSeparator":"","_EventTimeRangeSeparator":"","_EventOrganizerID":[],"_EventVenueID":[],"_OrganizerEmail":"","_OrganizerPhone":"","_OrganizerWebsite":"","_VenueAddress":"","_VenueCity":"","_VenueCountry":"","_VenueProvince":"","_VenueState":"","_VenueZip":"","_VenuePhone":"","_VenueURL":"","_VenueStateProvince":"","_VenueLat":"","_VenueLng":"","_VenueShowMap":false,"_VenueShowMapLink":false,"footnotes":""},"class_list":["post-885","page","type-page","status-publish","hentry"],"acf":[],"mb":[],"uagb_featured_image_src":{"full":false,"thumbnail":false,"medium":false,"medium_large":false,"large":false,"1536x1536":false,"2048x2048":false,"mailpoet_newsletter_max":false},"uagb_author_info":{"display_name":"admin7534","author_link":"https:\/\/sosforetfrance.org\/author\/admin7534\/"},"uagb_comment_info":0,"uagb_excerpt":"Soutenir un regroupement responsable des petites parcelles de for\u00eats priv\u00e9es Cr\u00e9er un droit de pr\u00e9emption pour les collectivit\u00e9s locales en cas de vente de for\u00eat priv\u00e9e sur leur territoire (que [&hellip;]","mfb_rest_fields":["title","uagb_featured_image_src","uagb_author_info","uagb_comment_info","uagb_excerpt"],"_links":{"self":[{"href":"https:\/\/sosforetfrance.org\/index.php\/wp-json\/wp\/v2\/pages\/885","targetHints":{"allow":["GET"]}}],"collection":[{"href":"https:\/\/sosforetfrance.org\/index.php\/wp-json\/wp\/v2\/pages"}],"about":[{"href":"https:\/\/sosforetfrance.org\/index.php\/wp-json\/wp\/v2\/types\/page"}],"author":[{"embeddable":true,"href":"https:\/\/sosforetfrance.org\/index.php\/wp-json\/wp\/v2\/users\/1"}],"replies":[{"embeddable":true,"href":"https:\/\/sosforetfrance.org\/index.php\/wp-json\/wp\/v2\/comments?post=885"}],"version-history":[{"count":0,"href":"https:\/\/sosforetfrance.org\/index.php\/wp-json\/wp\/v2\/pages\/885\/revisions"}],"wp:attachment":[{"href":"https:\/\/sosforetfrance.org\/index.php\/wp-json\/wp\/v2\/media?parent=885"}],"curies":[{"name":"wp","href":"https:\/\/api.w.org\/{rel}","templated":true}]}}