{"id":887,"date":"2020-02-11T12:29:29","date_gmt":"2020-02-11T11:29:29","guid":{"rendered":"https:\/\/sosforetfrance.org\/?page_id=887"},"modified":"2020-02-11T18:57:47","modified_gmt":"2020-02-11T17:57:47","slug":"mesure-16","status":"publish","type":"page","link":"https:\/\/sosforetfrance.org\/index.php\/mesure-16\/","title":{"rendered":"M16 r\u00f4le de l&rsquo;ONF"},"content":{"rendered":"\n<h2 class=\"wp-block-heading\">Renforcer le r\u00f4le et les missions <br>de service public forestier de l\u2019ONF<\/h2>\n\n\n\n<p><strong>R\u00e9-affirmer le r\u00f4le de service public de l\u2019Office national des for\u00eats, financ\u00e9 par l\u2019\u00c9tat, ind\u00e9pendamment des ventes de bois. Renforcer ses moyens financiers et humains avec un recrutement de fonctionnaires \u00e0 m\u00eame de r\u00e9sister aux pressions \u00e9conomiques. L\u2019\u00e9chelon de terrain reste le triage, secteur g\u00e9ographique sur lequel un technicien est responsable de l\u2019application le code forestier. La coordination technique des triages est r\u00e9alis\u00e9e au sein d\u2019une unit\u00e9 territoriale regroupant au maximum six triages contigus. La coordination technique des unit\u00e9s territoriales est r\u00e9alis\u00e9e au niveau d\u2019une agence territoriale regroupant quatre unit\u00e9s territoriales.<br> Recentrer les missions de l\u2019ONF sur l\u2019int\u00e9r\u00eat g\u00e9n\u00e9ral (accueil du public, protection de la ressource en eau, maintien du couvert forestier, pr\u00e9vention des risque d\u2019incendie, d\u2019\u00e9rosion et d\u2019inondation), la pr\u00e9servation des ressources naturelles et de la biodiversit\u00e9, et la gestion durable des for\u00eats publiques. Cela inclut l\u2019approvisionnement de la fili\u00e8re bois, avec l\u2019objectif d\u2019acc\u00e9l\u00e9rer les orientations de la mesure 10, prioritairement par rapport \u00e0 la recherche d\u2019un revenu imm\u00e9diat maximal.<br> Renforcer ses obligations de dialogue et de gouvernance partag\u00e9e avec les citoyens, les \u00e9lus locaux et les associations, notamment au travers d\u2019assembl\u00e9es citoyennes foresti\u00e8res.<\/strong><\/p>\n\n\n\n<h4 class=\"wp-block-heading\">Contexte \/ D\u00e9finitions\u2009:<\/h4>\n\n\n\n<p>L\u2019ONF a vu ses effectifs et son financement diminuer fortement ces vingt derni\u00e8res ann\u00e9es, \u00e0 mesure que ses missions se sont multipli\u00e9es et que le d\u00e9veloppement de nouveaux statuts de protection et de gestion de la nature l\u2019a confirm\u00e9 comme premier gestionnaire d\u2019espaces naturels.<br>Mobilisant 40\u202f% du volume de bois en France sur 25\u202f% de la surface foresti\u00e8re totale, le reste \u00e9tant r\u00e9parti entre des milliers de propri\u00e9taires priv\u00e9s, l\u2019ONF est en premi\u00e8re ligne face aux app\u00e9tits croissants de la fili\u00e8re. Cela justifie plus que jamais une affirmation de ses missions d\u2019int\u00e9r\u00eat g\u00e9n\u00e9ral et la prise en compte des enjeux du long terme gr\u00e2ce au statut de fonctionnaire de son personnel, statut actuellement en voie de forte diminution.<br>Le statut de l\u2019\u00e9tablissement et de ses personnels doit toutefois \u00eatre renforc\u00e9 de garanties accrues quant \u00e0 l\u2019association des citoyens et des instances de d\u00e9mocratie locale, pour assurer aux for\u00eats le statut d\u2019espaces et de biens communs.<\/p>\n\n\n\n<h4 class=\"wp-block-heading\">R\u00e9glementation\u2009:<\/h4>\n\n\n\n<p>Inscrire les dispositions ci-dessus dans le code forestier, afin d\u2019\u00e9viter leur remise en cause \u00e0 chaque renouvellement du contrat \u00c9tat \u2013 ONF (actuellement tous les cinq ans).<br>R\u00e9tablir dans le nouveau code forestier l\u2019obligation formelle faite aux fonctionnaires asserment\u00e9s de l\u2019ONF de constater et de rechercher les infractions foresti\u00e8res.<br>Affirmer que la recherche d\u2019une plus grande proximit\u00e9 de la sylviculture avec l\u2019\u00e9tat naturel constitue une contribution \u00e0 la protection de la biodiversit\u00e9 en g\u00e9n\u00e9ral, voire \u00e0 la pleine naturalit\u00e9 en particulier (r\u00e9serve, r\u00e9seaux de vieux bois, etc.).<\/p>\n\n\n\n<h4 class=\"wp-block-heading\"> Incitations \/ Financement\u2009:<\/h4>\n\n\n\n<p>Porter \u00e0 un milliard d\u2019euros le budget de l\u2019ONF (880\u202fmillions d\u2019euros en 2016). Le financement de l\u2019ONF doit venir principalement de l\u2019\u00c9tat (principe de mutualisation) m\u00eame si la mobilisation de ressources venant de collectivit\u00e9s int\u00e9ress\u00e9es par certains services \u00ab\u202fde proximit\u00e9\u202f\u00bb (par exemple pour la qualit\u00e9 de l\u2019eau) peut le compl\u00e9ter. Une part des services d\u2019accueil du public doit \u00eatre prise en compte sur les recettes des d\u00e9partements relatives \u00e0 la taxe d\u2019am\u00e9nagement.<br>Cr\u00e9er les conditions d\u2019un dialogue am\u00e9lior\u00e9 \u00e0 tous les niveaux de l\u2019\u00e9tablissement avec les \u00e9lus et citoyens pour garantir la prise en compte de l\u2019int\u00e9r\u00eat g\u00e9n\u00e9ral, et faciliter l\u2019acceptation par la soci\u00e9t\u00e9 de ce financement public.<\/p>\n","protected":false},"excerpt":{"rendered":"<p>Renforcer le r\u00f4le et les missions de service public forestier de l\u2019ONF R\u00e9-affirmer le r\u00f4le de service public de l\u2019Office national des for\u00eats, financ\u00e9 par l\u2019\u00c9tat, ind\u00e9pendamment des ventes de [&hellip;]<\/p>\n","protected":false},"author":1,"featured_media":0,"parent":0,"menu_order":0,"comment_status":"closed","ping_status":"closed","template":"","meta":{"_acf_changed":false,"_gspb_post_css":"","_uag_custom_page_level_css":"","_EventAllDay":false,"_EventTimezone":"","_EventStartDate":"","_EventEndDate":"","_EventStartDateUTC":"","_EventEndDateUTC":"","_EventShowMap":false,"_EventShowMapLink":false,"_EventURL":"","_EventCost":"","_EventCostDescription":"","_EventCurrencySymbol":"","_EventCurrencyCode":"","_EventCurrencyPosition":"","_EventDateTimeSeparator":"","_EventTimeRangeSeparator":"","_EventOrganizerID":[],"_EventVenueID":[],"_OrganizerEmail":"","_OrganizerPhone":"","_OrganizerWebsite":"","_VenueAddress":"","_VenueCity":"","_VenueCountry":"","_VenueProvince":"","_VenueState":"","_VenueZip":"","_VenuePhone":"","_VenueURL":"","_VenueStateProvince":"","_VenueLat":"","_VenueLng":"","_VenueShowMap":false,"_VenueShowMapLink":false,"footnotes":""},"class_list":["post-887","page","type-page","status-publish","hentry"],"mb":[],"acf":[],"uagb_featured_image_src":{"full":false,"thumbnail":false,"medium":false,"medium_large":false,"large":false,"1536x1536":false,"2048x2048":false,"mailpoet_newsletter_max":false},"uagb_author_info":{"display_name":"admin7534","author_link":"https:\/\/sosforetfrance.org\/author\/admin7534\/"},"uagb_comment_info":0,"uagb_excerpt":"Renforcer le r\u00f4le et les missions de service public forestier de l\u2019ONF R\u00e9-affirmer le r\u00f4le de service public de l\u2019Office national des for\u00eats, financ\u00e9 par l\u2019\u00c9tat, ind\u00e9pendamment des ventes de [&hellip;]","mfb_rest_fields":["title","uagb_featured_image_src","uagb_author_info","uagb_comment_info","uagb_excerpt"],"_links":{"self":[{"href":"https:\/\/sosforetfrance.org\/index.php\/wp-json\/wp\/v2\/pages\/887","targetHints":{"allow":["GET"]}}],"collection":[{"href":"https:\/\/sosforetfrance.org\/index.php\/wp-json\/wp\/v2\/pages"}],"about":[{"href":"https:\/\/sosforetfrance.org\/index.php\/wp-json\/wp\/v2\/types\/page"}],"author":[{"embeddable":true,"href":"https:\/\/sosforetfrance.org\/index.php\/wp-json\/wp\/v2\/users\/1"}],"replies":[{"embeddable":true,"href":"https:\/\/sosforetfrance.org\/index.php\/wp-json\/wp\/v2\/comments?post=887"}],"version-history":[{"count":0,"href":"https:\/\/sosforetfrance.org\/index.php\/wp-json\/wp\/v2\/pages\/887\/revisions"}],"wp:attachment":[{"href":"https:\/\/sosforetfrance.org\/index.php\/wp-json\/wp\/v2\/media?parent=887"}],"curies":[{"name":"wp","href":"https:\/\/api.w.org\/{rel}","templated":true}]}}