{"id":9846,"date":"2024-12-21T15:00:43","date_gmt":"2024-12-21T14:00:43","guid":{"rendered":"https:\/\/sosforetfrance.org\/?page_id=9846"},"modified":"2024-12-31T20:40:36","modified_gmt":"2024-12-31T19:40:36","slug":"voeux-2025","status":"publish","type":"page","link":"https:\/\/sosforetfrance.org\/index.php\/voeux-2025\/","title":{"rendered":"Envoyez vos v\u0153ux 2025 \u00e0 vos \u00e9lues et \u00e9lus avec SOS For\u00eat France !"},"content":{"rendered":"\n<p class=\"has-big-font-size\"><strong>Comment envoyer la carte de v\u0153ux SOS For\u00eat France ? <\/strong><\/p>\n\n\n\n<ol class=\"wp-block-list\">\n<li><strong>T\u00e9l\u00e9charger la carte de v\u0153ux en pdf<\/strong> <\/li>\n<\/ol>\n\n\n\n<div class=\"wp-block-group has-global-padding is-content-justification-left is-layout-constrained wp-container-core-group-is-layout-12dd3699 wp-block-group-is-layout-constrained\">\n<div style=\"text-align: center; margin-top: 20px;\">\n    <a href=\"https:\/\/sosforetfrance.org\/wp-content\/uploads\/2024\/12\/voeux-2025-SOSFF.pdf\" \n       download \n       data-lightbox=\"false\" \n       class=\"bouton-telechargement\" \n       style=\"display: inline-block; padding: 10px 20px; background-color: #285A0B; color: #fff; text-decoration: none; border-radius: 5px; font-size: 16px;\">\n        T\u00e9l\u00e9charger\n    <\/a>\n<\/div>\n<\/div>\n\n\n\n<p class=\"has-text-align-center\" style=\"margin-top:0;margin-bottom:0;padding-top:0;padding-right:0;padding-bottom:0;padding-left:0\"><strong>ou copiez l&rsquo;image ci-dessous.<\/strong><\/p>\n\n\n\n<figure class=\"wp-block-image size-full has-custom-border\"><img loading=\"lazy\" decoding=\"async\" width=\"1240\" height=\"1754\" src=\"https:\/\/sosforetfrance.org\/wp-content\/uploads\/2024\/12\/voeux-2025-SOS-Foret-France.jpg\" alt=\"\" class=\"wp-image-10076\" style=\"border-width:1px\" srcset=\"https:\/\/sosforetfrance.org\/wp-content\/uploads\/2024\/12\/voeux-2025-SOS-Foret-France.jpg 1240w, https:\/\/sosforetfrance.org\/wp-content\/uploads\/2024\/12\/voeux-2025-SOS-Foret-France-212x300.jpg 212w, https:\/\/sosforetfrance.org\/wp-content\/uploads\/2024\/12\/voeux-2025-SOS-Foret-France-724x1024.jpg 724w, https:\/\/sosforetfrance.org\/wp-content\/uploads\/2024\/12\/voeux-2025-SOS-Foret-France-768x1086.jpg 768w, https:\/\/sosforetfrance.org\/wp-content\/uploads\/2024\/12\/voeux-2025-SOS-Foret-France-1086x1536.jpg 1086w\" sizes=\"auto, (max-width: 1240px) 100vw, 1240px\" \/><\/figure>\n\n\n\n<ol start=\"2\" class=\"wp-block-list\">\n<li><strong>Choisissez votre destinataire<\/strong><\/li>\n<\/ol>\n\n\n\n<p class=\"has-small-font-size\">Vous n&rsquo;avez pas son adresse ? Trouvez <a href=\"https:\/\/www.adresses-mairies.fr\/\" target=\"_blank\" rel=\"noreferrer noopener\">ici votre conseil municipal<\/a> ou <a href=\"https:\/\/www2.assemblee-nationale.fr\/recherche-localisee\/carte\/FRANCE\" target=\"_blank\" rel=\"noreferrer noopener\">ici votre d\u00e9put\u00e9e ou d\u00e9put\u00e9<\/a><\/p>\n\n\n\n<ol start=\"3\" class=\"wp-block-list\">\n<li><strong><strong>Joignez la carte de v\u0153ux t\u00e9l\u00e9charg\u00e9e<\/strong> et\/<strong>ou copiez l&rsquo;image dans le message<\/strong><\/strong><\/li>\n\n\n\n<li><strong>N&rsquo;h\u00e9sitez pas \u00e0 ajouter un PS (par exemple l&rsquo;adresse de <a href=\"https:\/\/sosforetfrance.org\/index.php\/membres\/\">l&rsquo;organisation membre de SOS For\u00eat la plus proche<\/a>). <\/strong><\/li>\n\n\n\n<li><strong>Envoyez !<\/strong><\/li>\n<\/ol>\n\n\n\n<p><\/p>\n","protected":false},"excerpt":{"rendered":"<p>Comment envoyer la carte de v\u0153ux SOS For\u00eat France ? T\u00e9l\u00e9charger ou copiez l&rsquo;image ci-dessous. Vous n&rsquo;avez pas son adresse ? Trouvez ici votre conseil municipal ou ici votre d\u00e9put\u00e9e [&hellip;]<\/p>\n","protected":false},"author":15,"featured_media":0,"parent":0,"menu_order":0,"comment_status":"closed","ping_status":"closed","template":"","meta":{"_acf_changed":false,"_gspb_post_css":"","_uag_custom_page_level_css":"","_EventAllDay":false,"_EventTimezone":"","_EventStartDate":"","_EventEndDate":"","_EventStartDateUTC":"","_EventEndDateUTC":"","_EventShowMap":false,"_EventShowMapLink":false,"_EventURL":"","_EventCost":"","_EventCostDescription":"","_EventCurrencySymbol":"","_EventCurrencyCode":"","_EventCurrencyPosition":"","_EventDateTimeSeparator":"","_EventTimeRangeSeparator":"","_EventOrganizerID":[],"_EventVenueID":[],"_OrganizerEmail":"","_OrganizerPhone":"","_OrganizerWebsite":"","_VenueAddress":"","_VenueCity":"","_VenueCountry":"","_VenueProvince":"","_VenueState":"","_VenueZip":"","_VenuePhone":"","_VenueURL":"","_VenueStateProvince":"","_VenueLat":"","_VenueLng":"","_VenueShowMap":false,"_VenueShowMapLink":false,"footnotes":""},"class_list":["post-9846","page","type-page","status-publish","hentry"],"mb":[],"acf":[],"uagb_featured_image_src":{"full":false,"thumbnail":false,"medium":false,"medium_large":false,"large":false,"1536x1536":false,"2048x2048":false,"mailpoet_newsletter_max":false},"uagb_author_info":{"display_name":"SOS Foret France","author_link":"https:\/\/sosforetfrance.org\/author\/sos-foret-france\/"},"uagb_comment_info":0,"uagb_excerpt":"Comment envoyer la carte de v\u0153ux SOS For\u00eat France ? T\u00e9l\u00e9charger ou copiez l&rsquo;image ci-dessous. Vous n&rsquo;avez pas son adresse ? Trouvez ici votre conseil municipal ou ici votre d\u00e9put\u00e9e [&hellip;]","mfb_rest_fields":["title","uagb_featured_image_src","uagb_author_info","uagb_comment_info","uagb_excerpt"],"_links":{"self":[{"href":"https:\/\/sosforetfrance.org\/index.php\/wp-json\/wp\/v2\/pages\/9846","targetHints":{"allow":["GET"]}}],"collection":[{"href":"https:\/\/sosforetfrance.org\/index.php\/wp-json\/wp\/v2\/pages"}],"about":[{"href":"https:\/\/sosforetfrance.org\/index.php\/wp-json\/wp\/v2\/types\/page"}],"author":[{"embeddable":true,"href":"https:\/\/sosforetfrance.org\/index.php\/wp-json\/wp\/v2\/users\/15"}],"replies":[{"embeddable":true,"href":"https:\/\/sosforetfrance.org\/index.php\/wp-json\/wp\/v2\/comments?post=9846"}],"version-history":[{"count":0,"href":"https:\/\/sosforetfrance.org\/index.php\/wp-json\/wp\/v2\/pages\/9846\/revisions"}],"wp:attachment":[{"href":"https:\/\/sosforetfrance.org\/index.php\/wp-json\/wp\/v2\/media?parent=9846"}],"curies":[{"name":"wp","href":"https:\/\/api.w.org\/{rel}","templated":true}]}}